{"id":32408,"date":"2025-08-08T15:20:03","date_gmt":"2025-08-08T19:20:03","guid":{"rendered":"https:\/\/www.somatechnology.com\/spanish\/?post_type=product&#038;p=32408"},"modified":"2025-08-08T15:20:06","modified_gmt":"2025-08-08T19:20:06","slug":"stille-sonesta-6202","status":"publish","type":"product","link":"https:\/\/www.somatechnology.com\/spanish\/equipo-medico-usado-remanufacturado\/mesas-de-cirugia\/mesas-quirurgicas-de-urologia\/stille-sonesta-6202\/","title":{"rendered":"Stille Sonesta 6202"},"content":{"rendered":"<p>La mesa de cirug\u00eda urol\u00f3gica Stille Sonesta 6202 ofrece un posicionamiento \u00f3ptimo del paciente. Cuenta con tres movimientos y ofrece una amplia gama de accesorios opcionales para diversos procedimientos. La 6202 simplifica el posicionamiento, especialmente para pacientes mayores o con discapacidades f\u00edsicas. Esta silla ligera se puede mover f\u00e1cilmente, soporta hasta 170 kg y es f\u00e1cil de limpiar y desinfectar despu\u00e9s de cada procedimiento.<\/p>\n<ul>\n<li>Tres motores controlan los ajustes de altura, asiento y respaldo.<\/li>\n<li>Altura ajustable de 40 a 100 cm.<\/li>\n<li>Dise\u00f1o ligero con mecanismos de bloqueo para un posicionamiento seguro.<\/li>\n<li>Admite pacientes de hasta 170 kg.<\/li>\n<\/ul>\n","protected":false},"excerpt":{"rendered":"<p>La mesa de cirug\u00eda urol\u00f3gica Stille Sonesta 6202 est\u00e1 dise\u00f1ada para optimizar la posici\u00f3n del paciente. Ofrece tres movimientos ajustables y una variedad de accesorios opcionales adecuados para diferentes procedimientos. La 6202 simplifica la posici\u00f3n, especialmente para pacientes de edad avanzada o con discapacidades f\u00edsicas. Esta mesa ligera es f\u00e1cil de maniobrar, soporta hasta 170 kg y se puede limpiar y desinfectar f\u00e1cilmente despu\u00e9s de cada procedimiento.<\/p>\n","protected":false},"featured_media":32409,"template":"","meta":{"_acf_changed":false,"_relevanssi_hide_post":"","_relevanssi_hide_content":"","_relevanssi_pin_for_all":"","_relevanssi_pin_keywords":"","_relevanssi_unpin_keywords":"","_relevanssi_related_keywords":"","_relevanssi_related_include_ids":"","_relevanssi_related_exclude_ids":"","_relevanssi_related_no_append":"","_relevanssi_related_not_related":"","_relevanssi_related_posts":"","_relevanssi_noindex_reason":"","inline_featured_image":false},"pwb-brand":[10698],"product_brand":[],"product_cat":[10933],"product_tag":[10955,10941,3098,10942,10937,10944,10943,3095,10950,10948,3094,10947,10936,10946,10945,2500,10935,10940,10939,10012,10951,10949,10934,6004,10954,6003,10953,10952,10938],"class_list":{"0":"post-32408","1":"product","2":"type-product","3":"status-publish","4":"has-post-thumbnail","6":"pwb-brand-stille","7":"product_cat-mesas-quirurgicas-de-urologia","8":"product_tag-10955","9":"product_tag-ginecologia","10":"product_tag-mesa","11":"product_tag-mesa-de-ginecologia","12":"product_tag-mesa-de-urologia","13":"product_tag-mesa-ob-gyn","14":"product_tag-mesa-obgyn","15":"product_tag-mesa-quirurgica","16":"product_tag-mesa-sonesta","17":"product_tag-mesa-stille","18":"product_tag-mesas","19":"product_tag-mesas-de-ginecologia","20":"product_tag-mesas-de-urologia","21":"product_tag-mesas-ob-gyn","22":"product_tag-mesas-obgyn","23":"product_tag-mesas-quirurgicas","24":"product_tag-mesas-quirurgicas-de-urologia","25":"product_tag-ob-gyn","26":"product_tag-obstetricia-y-ginecologia","27":"product_tag-silla","28":"product_tag-silla-sonesta","29":"product_tag-silla-stille","30":"product_tag-sillas","31":"product_tag-sonesta","32":"product_tag-sonesta-6202","33":"product_tag-stille","34":"product_tag-stille-6202","35":"product_tag-stille-sonesta-6202","36":"product_tag-urologia","38":"first","39":"instock","40":"shipping-taxable","41":"purchasable","42":"product-type-simple"},"acf":[],"brands":[{"id":10698,"name":"Stille","slug":"stille"}],"_links":{"self":[{"href":"https:\/\/www.somatechnology.com\/spanish\/wp-json\/wp\/v2\/product\/32408","targetHints":{"allow":["GET"]}}],"collection":[{"href":"https:\/\/www.somatechnology.com\/spanish\/wp-json\/wp\/v2\/product"}],"about":[{"href":"https:\/\/www.somatechnology.com\/spanish\/wp-json\/wp\/v2\/types\/product"}],"wp:featuredmedia":[{"embeddable":true,"href":"https:\/\/www.somatechnology.com\/spanish\/wp-json\/wp\/v2\/media\/32409"}],"wp:attachment":[{"href":"https:\/\/www.somatechnology.com\/spanish\/wp-json\/wp\/v2\/media?parent=32408"}],"wp:term":[{"taxonomy":"pwb-brand","embeddable":true,"href":"https:\/\/www.somatechnology.com\/spanish\/wp-json\/wp\/v2\/pwb-brand?post=32408"},{"taxonomy":"product_brand","embeddable":true,"href":"https:\/\/www.somatechnology.com\/spanish\/wp-json\/wp\/v2\/product_brand?post=32408"},{"taxonomy":"product_cat","embeddable":true,"href":"https:\/\/www.somatechnology.com\/spanish\/wp-json\/wp\/v2\/product_cat?post=32408"},{"taxonomy":"product_tag","embeddable":true,"href":"https:\/\/www.somatechnology.com\/spanish\/wp-json\/wp\/v2\/product_tag?post=32408"}],"curies":[{"name":"wp","href":"https:\/\/api.w.org\/{rel}","templated":true}]}}