{"id":32792,"date":"2025-10-23T16:30:31","date_gmt":"2025-10-23T20:30:31","guid":{"rendered":"https:\/\/www.somatechnology.com\/spanish\/?post_type=product&#038;p=32792"},"modified":"2025-10-23T16:51:45","modified_gmt":"2025-10-23T20:51:45","slug":"hillrom-welch-allyn-suretemp-692-plus","status":"publish","type":"product","link":"https:\/\/www.somatechnology.com\/spanish\/equipo-medico-usado-remanufacturado\/monitores-de-signos-vitales\/hillrom-welch-allyn-suretemp-692-plus\/","title":{"rendered":"Hillrom Welch Allyn SureTemp 620 Plus"},"content":{"rendered":"<h2 data-start=\"101\" data-end=\"166\"><strong data-start=\"105\" data-end=\"166\">Caracter\u00edsticas del Hillrom Welch Allyn SureTemp 620 Plus<\/strong><\/h2>\n<p data-start=\"168\" data-end=\"776\">El monitor de signos vitales <a href=\"https:\/\/www.somatechnology.com\/spanish\/wp-content\/uploads\/sites\/2\/2025\/10\/Welch-Allyn-Hillrom-SureTemp-692-Plus-spa.pdf\"><strong data-start=\"171\" data-end=\"227\">Hillrom Welch Allyn SureTemp 692<\/strong><\/a>\u00a0es un dispositivo avanzado dise\u00f1ado para proporcionar mediciones de temperatura r\u00e1pidas y precisas en entornos cl\u00ednicos. Con un dise\u00f1o intuitivo y funcionalidad multiprop\u00f3sito, este monitor es ideal para entornos de alto volumen. Adem\u00e1s de la medici\u00f3n de temperatura, el SureTemp 692 admite el uso de sondas orales, axilares y rectales con cubiertas protectoras para evitar la contaminaci\u00f3n cruzada. Su dise\u00f1o port\u00e1til lo hace adecuado para una amplia variedad de instalaciones m\u00e9dicas, garantizando un cuidado confiable del paciente en movimiento.<\/p>\n<ul>\n<li data-start=\"780\" data-end=\"936\"><strong data-start=\"780\" data-end=\"808\">Medici\u00f3n de temperatura:<\/strong> Proporciona lecturas orales en aproximadamente 4 a 6 segundos, reduciendo la incomodidad del paciente y ahorrando tiempo.<\/li>\n<li data-start=\"939\" data-end=\"1092\"><strong data-start=\"939\" data-end=\"971\">Opciones m\u00faltiples de sonda:<\/strong> Compatible con sondas oral, rectal y axilar, con cubiertas intercambiables que minimizan la contaminaci\u00f3n cruzada.<\/li>\n<li data-start=\"1095\" data-end=\"1207\"><strong data-start=\"1095\" data-end=\"1115\">Dise\u00f1o port\u00e1til:<\/strong> Compacto y liviano, ideal para la monitorizaci\u00f3n m\u00f3vil o al lado de la cama del paciente.<\/li>\n<li data-start=\"1210\" data-end=\"1326\"><strong data-start=\"1210\" data-end=\"1239\">Monitoreo b\u00e1sico de NIBP:<\/strong> Ofrece mediciones de presi\u00f3n arterial no invasiva (NIBP) como funci\u00f3n adicional.<\/li>\n<li data-start=\"1329\" data-end=\"1439\"><strong data-start=\"1329\" data-end=\"1356\">Monitoreo del paciente:<\/strong> Funciona como un monitor b\u00e1sico para el seguimiento de m\u00faltiples signos vitales.<\/li>\n<li data-start=\"1442\" data-end=\"1583\"><strong data-start=\"1442\" data-end=\"1473\">Modo de monitoreo continuo:<\/strong> Permite la monitorizaci\u00f3n constante de la temperatura en pacientes que requieren revisiones frecuentes.<\/li>\n<li data-start=\"1586\" data-end=\"1723\"><strong data-start=\"1586\" data-end=\"1614\">Alertas personalizables:<\/strong> Permite configurar alertas y advertencias para notificar al personal cl\u00ednico sobre lecturas anormales.<\/li>\n<\/ul>\n","protected":false},"excerpt":{"rendered":"<p>Caracter\u00edsticas del Hillrom Welch Allyn SureTemp 620 Plus El monitor de signos vitales Hillrom Welch Allyn SureTemp 692\u00a0es un dispositivo avanzado dise\u00f1ado para proporcionar&#8230;<\/p>\n","protected":false},"featured_media":32794,"template":"","meta":{"_acf_changed":false,"_relevanssi_hide_post":"","_relevanssi_hide_content":"","_relevanssi_pin_for_all":"","_relevanssi_pin_keywords":"","_relevanssi_unpin_keywords":"","_relevanssi_related_keywords":"","_relevanssi_related_include_ids":"","_relevanssi_related_exclude_ids":"","_relevanssi_related_no_append":"","_relevanssi_related_not_related":"","_relevanssi_related_posts":"","_relevanssi_noindex_reason":"","inline_featured_image":false},"pwb-brand":[1101],"product_brand":[],"product_cat":[129],"product_tag":[11059,11057,11055,11058,11056],"class_list":{"0":"post-32792","1":"product","2":"type-product","3":"status-publish","4":"has-post-thumbnail","6":"pwb-brand-equipo-medico-welch-allyn","7":"product_cat-monitores-de-signos-vitales","8":"product_tag-monitor-de-presion-arterial-no-invasiva-hillrom","9":"product_tag-monitor-nibp-alimentado-por-bateria","10":"product_tag-monitores-de-temperatura-suretemp-692-plus","11":"product_tag-monitores-welch-allyn-reacondicionados","12":"product_tag-sistemas-portatiles-de-monitoreo-de-pacientes","14":"first","15":"instock","16":"shipping-taxable","17":"purchasable","18":"product-type-simple"},"acf":[],"brands":[{"id":1101,"name":"Welch Allyn","slug":"equipo-medico-welch-allyn"}],"_links":{"self":[{"href":"https:\/\/www.somatechnology.com\/spanish\/wp-json\/wp\/v2\/product\/32792","targetHints":{"allow":["GET"]}}],"collection":[{"href":"https:\/\/www.somatechnology.com\/spanish\/wp-json\/wp\/v2\/product"}],"about":[{"href":"https:\/\/www.somatechnology.com\/spanish\/wp-json\/wp\/v2\/types\/product"}],"wp:featuredmedia":[{"embeddable":true,"href":"https:\/\/www.somatechnology.com\/spanish\/wp-json\/wp\/v2\/media\/32794"}],"wp:attachment":[{"href":"https:\/\/www.somatechnology.com\/spanish\/wp-json\/wp\/v2\/media?parent=32792"}],"wp:term":[{"taxonomy":"pwb-brand","embeddable":true,"href":"https:\/\/www.somatechnology.com\/spanish\/wp-json\/wp\/v2\/pwb-brand?post=32792"},{"taxonomy":"product_brand","embeddable":true,"href":"https:\/\/www.somatechnology.com\/spanish\/wp-json\/wp\/v2\/product_brand?post=32792"},{"taxonomy":"product_cat","embeddable":true,"href":"https:\/\/www.somatechnology.com\/spanish\/wp-json\/wp\/v2\/product_cat?post=32792"},{"taxonomy":"product_tag","embeddable":true,"href":"https:\/\/www.somatechnology.com\/spanish\/wp-json\/wp\/v2\/product_tag?post=32792"}],"curies":[{"name":"wp","href":"https:\/\/api.w.org\/{rel}","templated":true}]}}