{"id":32796,"date":"2025-10-24T10:20:33","date_gmt":"2025-10-24T14:20:33","guid":{"rendered":"https:\/\/www.somatechnology.com\/spanish\/?post_type=product&#038;p=32796"},"modified":"2025-10-28T15:31:29","modified_gmt":"2025-10-28T19:31:29","slug":"hillrom-welch-allyn-suretemp-690-plus","status":"publish","type":"product","link":"https:\/\/www.somatechnology.com\/spanish\/equipo-medico-usado-remanufacturado\/monitores-de-signos-vitales\/hillrom-welch-allyn-suretemp-690-plus\/","title":{"rendered":"Hillrom Welch Allyn SureTemp 690 Plus"},"content":{"rendered":"<div class=\"flex-shrink-0 flex flex-col relative items-end\">\n<div>\n<div class=\"pt-0\">\n<h2 class=\"gizmo-bot-avatar flex h-8 w-8 items-center justify-center overflow-hidden rounded-full\"><strong>Hillrom Welch Allyn SureTemp 690 Plus Features<\/strong><\/h2>\n<\/div>\n<\/div>\n<\/div>\n<div class=\"group\/conversation-turn relative flex w-full min-w-0 flex-col agent-turn\">\n<div class=\"flex-col gap-1 md:gap-3\">\n<div class=\"flex max-w-full flex-col flex-grow\">\n<div class=\"min-h-8 text-message flex w-full flex-col items-end gap-2 whitespace-normal break-words [.text-message+&amp;]:mt-5\" dir=\"auto\" data-message-author-role=\"assistant\" data-message-id=\"0682f1b2-fc7d-4077-8ed2-26b31d255d19\" data-message-model-slug=\"gpt-4o\">\n<div class=\"flex w-full flex-col gap-1 empty:hidden first:pt-[3px]\">\n<div class=\"markdown prose w-full break-words dark:prose-invert light\">\n<p>El <strong><a href=\"https:\/\/www.somatechnology.com\/spanish\/wp-content\/uploads\/sites\/2\/2025\/10\/Welch-Allyn-Hillrom-SureTemp-690-Plus-spa.pdf\">Hillrom Welch Allyn SureTemp 690 Plus<\/a><\/strong> es un monitor confiable y multifuncional dise\u00f1ado para ofrecer mediciones de temperatura r\u00e1pidas y precisas. Este dispositivo tambi\u00e9n cuenta con monitoreo b\u00e1sico de la presi\u00f3n arterial no invasiva (NIBP) y puede funcionar como monitor port\u00e1til de signos vitales, lo que lo convierte en una herramienta vers\u00e1til para diversos entornos cl\u00ednicos. Conocido por su dise\u00f1o compacto y su facilidad de uso, el SureTemp 690 Plus garantiza precisi\u00f3n en las lecturas en cuesti\u00f3n de segundos, al tiempo que ofrece flexibilidad para monitorear otros signos vitales.<\/p>\n<ul>\n<li data-start=\"780\" data-end=\"936\"><strong data-start=\"780\" data-end=\"808\">Medici\u00f3n de temperatura:<\/strong> proporciona lecturas orales en aproximadamente 4 a 6 segundos, reduciendo la incomodidad del paciente y ahorrando tiempo.<\/li>\n<li data-start=\"939\" data-end=\"1092\"><span style=\"box-sizing: border-box; margin: 0px; padding: 0px;\"><strong>Opciones m\u00faltiples de sonda:<\/strong> compatible con sondas orales, rectales y axilares, con cubiertas intercambiables que minimizan la contaminaci\u00f3n cruzada.<\/span><\/li>\n<li data-start=\"1095\" data-end=\"1207\"><strong data-start=\"1095\" data-end=\"1115\">Dise\u00f1o port\u00e1til:<\/strong> compacto y liviano, ideal para la monitorizaci\u00f3n m\u00f3vil o para colocarlo al lado de la cama del paciente.<\/li>\n<li data-start=\"1210\" data-end=\"1326\"><span style=\"box-sizing: border-box; margin: 0px; padding: 0px;\"><strong>Monitoreo b\u00e1sico de NIBP:<\/strong> ofrece mediciones de presi\u00f3n arterial no invasivas (NIBP) como funci\u00f3n adicional.<\/span><\/li>\n<li data-start=\"1329\" data-end=\"1439\"><strong data-start=\"1329\" data-end=\"1356\">Monitoreo del paciente:<\/strong> funciona como un monitor b\u00e1sico para el seguimiento de m\u00faltiples signos vitales.<\/li>\n<li data-start=\"1442\" data-end=\"1583\"><strong data-start=\"1442\" data-end=\"1473\">Modo de monitoreo continuo:<\/strong> permite la monitorizaci\u00f3n constante de la temperatura en pacientes que requieren revisiones frecuentes.<\/li>\n<li data-start=\"1586\" data-end=\"1723\"><strong data-start=\"1586\" data-end=\"1614\">Alertas personalizables:<\/strong> permite configurar alertas y advertencias para notificar al personal cl\u00ednico ante lecturas anormales.<\/li>\n<\/ul>\n<\/div>\n<\/div>\n<\/div>\n<\/div>\n<\/div>\n<\/div>\n","protected":false},"excerpt":{"rendered":"<p>Hillrom Welch Allyn SureTemp 690 Plus Features El Hillrom Welch Allyn SureTemp 690 Plus es un monitor confiable y multifuncional dise\u00f1ado para ofrecer mediciones&#8230;<\/p>\n","protected":false},"featured_media":32801,"template":"","meta":{"_acf_changed":false,"_relevanssi_hide_post":"","_relevanssi_hide_content":"","_relevanssi_pin_for_all":"","_relevanssi_pin_keywords":"","_relevanssi_unpin_keywords":"","_relevanssi_related_keywords":"","_relevanssi_related_include_ids":"","_relevanssi_related_exclude_ids":"","_relevanssi_related_no_append":"","_relevanssi_related_not_related":"","_relevanssi_related_posts":"","_relevanssi_noindex_reason":"","inline_featured_image":false},"pwb-brand":[1101],"product_brand":[],"product_cat":[129],"product_tag":[11059,11057,11060,11058,11056],"class_list":{"0":"post-32796","1":"product","2":"type-product","3":"status-publish","4":"has-post-thumbnail","6":"pwb-brand-equipo-medico-welch-allyn","7":"product_cat-monitores-de-signos-vitales","8":"product_tag-monitor-de-presion-arterial-no-invasiva-hillrom","9":"product_tag-monitor-nibp-alimentado-por-bateria","10":"product_tag-monitores-de-temperatura-suretemp-690-plus","11":"product_tag-monitores-welch-allyn-reacondicionados","12":"product_tag-sistemas-portatiles-de-monitoreo-de-pacientes","14":"first","15":"instock","16":"shipping-taxable","17":"purchasable","18":"product-type-simple"},"acf":[],"brands":[{"id":1101,"name":"Welch Allyn","slug":"equipo-medico-welch-allyn"}],"_links":{"self":[{"href":"https:\/\/www.somatechnology.com\/spanish\/wp-json\/wp\/v2\/product\/32796","targetHints":{"allow":["GET"]}}],"collection":[{"href":"https:\/\/www.somatechnology.com\/spanish\/wp-json\/wp\/v2\/product"}],"about":[{"href":"https:\/\/www.somatechnology.com\/spanish\/wp-json\/wp\/v2\/types\/product"}],"wp:featuredmedia":[{"embeddable":true,"href":"https:\/\/www.somatechnology.com\/spanish\/wp-json\/wp\/v2\/media\/32801"}],"wp:attachment":[{"href":"https:\/\/www.somatechnology.com\/spanish\/wp-json\/wp\/v2\/media?parent=32796"}],"wp:term":[{"taxonomy":"pwb-brand","embeddable":true,"href":"https:\/\/www.somatechnology.com\/spanish\/wp-json\/wp\/v2\/pwb-brand?post=32796"},{"taxonomy":"product_brand","embeddable":true,"href":"https:\/\/www.somatechnology.com\/spanish\/wp-json\/wp\/v2\/product_brand?post=32796"},{"taxonomy":"product_cat","embeddable":true,"href":"https:\/\/www.somatechnology.com\/spanish\/wp-json\/wp\/v2\/product_cat?post=32796"},{"taxonomy":"product_tag","embeddable":true,"href":"https:\/\/www.somatechnology.com\/spanish\/wp-json\/wp\/v2\/product_tag?post=32796"}],"curies":[{"name":"wp","href":"https:\/\/api.w.org\/{rel}","templated":true}]}}