{"id":32831,"date":"2025-10-31T11:23:25","date_gmt":"2025-10-31T15:23:25","guid":{"rendered":"https:\/\/www.somatechnology.com\/spanish\/?post_type=product&#038;p=32831"},"modified":"2025-10-31T11:46:41","modified_gmt":"2025-10-31T15:46:41","slug":"olympus-uhi-4","status":"publish","type":"product","link":"https:\/\/www.somatechnology.com\/spanish\/equipo-medico-usado-remanufacturado\/sistema-de-video-endoscopia\/insufladores\/olympus-uhi-4\/","title":{"rendered":"Olympus UHI-4"},"content":{"rendered":"<h2>Caracter\u00edsticas del Olympus UHI-4<\/h2>\n<p>La unidad de insuflaci\u00f3n de alto flujo Olympus UHI-4 est\u00e1 dise\u00f1ada para ofrecer un soporte eficiente y preciso durante los procedimientos laparosc\u00f3picos. Proporciona CO\u2082 con flujos de hasta 45 litros por minuto, garantizando una insuflaci\u00f3n r\u00e1pida y un control de presi\u00f3n estable dentro de un rango de 3 a 25 mmHg. El sistema incluye capacidades integradas de evacuaci\u00f3n de humo quir\u00fargico, asegurando una visibilidad \u00f3ptima y minimizando interrupciones durante la cirug\u00eda. Su dise\u00f1o vers\u00e1til permite una integraci\u00f3n fluida con los sistemas de electrocirug\u00eda y visualizaci\u00f3n de Olympus, adapt\u00e1ndose a una amplia variedad de necesidades quir\u00fargicas. Construido para ofrecer fiabilidad y facilidad de uso, el UHI-4 brinda un rendimiento constante en entornos quir\u00fargicos exigentes.<\/p>\n<ul>\n<li><strong>Suministro de CO\u2082 de alto flujo:<\/strong> tasas de flujo ajustables de hasta 45 L\/min para una insuflaci\u00f3n eficiente de la cavidad.<\/li>\n<li><strong>Control preciso de presi\u00f3n<\/strong>: mantiene presiones entre 3 y 25 mmHg, adapt\u00e1ndose a distintas aplicaciones quir\u00fargicas.<\/li>\n<li><strong>Evacuaci\u00f3n de humo integrada:<\/strong> Ofrece opciones autom\u00e1ticas y manuales para una visualizaci\u00f3n clara durante los procedimientos.<\/li>\n<li><strong>Compatibilidad del sistema:<\/strong> Dise\u00f1ado para funcionar perfectamente con unidades de electrocirug\u00eda y sistemas de imagen Olympus.<\/li>\n<li><strong>Dise\u00f1o f\u00e1cil de usar:<\/strong> Compacto, intuitivo y construido para ofrecer un rendimiento confiable en el quir\u00f3fano.<\/li>\n<\/ul>\n","protected":false},"excerpt":{"rendered":"<p>Caracter\u00edsticas del Olympus UHI-4 La unidad de insuflaci\u00f3n de alto flujo Olympus UHI-4 est\u00e1 dise\u00f1ada para ofrecer un soporte eficiente y preciso durante los&#8230;<\/p>\n","protected":false},"featured_media":32837,"template":"","meta":{"_acf_changed":false,"_relevanssi_hide_post":"","_relevanssi_hide_content":"","_relevanssi_pin_for_all":"","_relevanssi_pin_keywords":"","_relevanssi_unpin_keywords":"","_relevanssi_related_keywords":"","_relevanssi_related_include_ids":"","_relevanssi_related_exclude_ids":"","_relevanssi_related_no_append":"","_relevanssi_related_not_related":"","_relevanssi_related_posts":"","_relevanssi_noindex_reason":"","inline_featured_image":false},"pwb-brand":[1080],"product_brand":[],"product_cat":[108],"product_tag":[11068,11069,4052,11070,138,11074,11073,11071,11072],"class_list":{"0":"post-32831","1":"product","2":"type-product","3":"status-publish","4":"has-post-thumbnail","6":"pwb-brand-equipo-medico-olympus","7":"product_cat-insufladores","8":"product_tag-insuflador","9":"product_tag-insuflador-olympus","10":"product_tag-insufladores","11":"product_tag-insufladores-olympus","12":"product_tag-olympus","13":"product_tag-olympus-uhi-4","14":"product_tag-olympus-uhi4","15":"product_tag-uhi-4","16":"product_tag-uhi4","18":"first","19":"instock","20":"shipping-taxable","21":"purchasable","22":"product-type-simple"},"acf":[],"brands":[{"id":1080,"name":"Olympus","slug":"equipo-medico-olympus"}],"_links":{"self":[{"href":"https:\/\/www.somatechnology.com\/spanish\/wp-json\/wp\/v2\/product\/32831","targetHints":{"allow":["GET"]}}],"collection":[{"href":"https:\/\/www.somatechnology.com\/spanish\/wp-json\/wp\/v2\/product"}],"about":[{"href":"https:\/\/www.somatechnology.com\/spanish\/wp-json\/wp\/v2\/types\/product"}],"wp:featuredmedia":[{"embeddable":true,"href":"https:\/\/www.somatechnology.com\/spanish\/wp-json\/wp\/v2\/media\/32837"}],"wp:attachment":[{"href":"https:\/\/www.somatechnology.com\/spanish\/wp-json\/wp\/v2\/media?parent=32831"}],"wp:term":[{"taxonomy":"pwb-brand","embeddable":true,"href":"https:\/\/www.somatechnology.com\/spanish\/wp-json\/wp\/v2\/pwb-brand?post=32831"},{"taxonomy":"product_brand","embeddable":true,"href":"https:\/\/www.somatechnology.com\/spanish\/wp-json\/wp\/v2\/product_brand?post=32831"},{"taxonomy":"product_cat","embeddable":true,"href":"https:\/\/www.somatechnology.com\/spanish\/wp-json\/wp\/v2\/product_cat?post=32831"},{"taxonomy":"product_tag","embeddable":true,"href":"https:\/\/www.somatechnology.com\/spanish\/wp-json\/wp\/v2\/product_tag?post=32831"}],"curies":[{"name":"wp","href":"https:\/\/api.w.org\/{rel}","templated":true}]}}