{"id":32832,"date":"2025-10-31T12:05:52","date_gmt":"2025-10-31T16:05:52","guid":{"rendered":"https:\/\/www.somatechnology.com\/spanish\/?post_type=product&#038;p=32832"},"modified":"2025-10-31T12:14:39","modified_gmt":"2025-10-31T16:14:39","slug":"mammotome-revolve","status":"publish","type":"product","link":"https:\/\/www.somatechnology.com\/spanish\/equipo-medico-usado-remanufacturado\/miscelaneos\/mammotome-revolve\/","title":{"rendered":"Mammotome Revolve"},"content":{"rendered":"<h2>Caracter\u00edsticas del Mammotome Revolve<\/h2>\n<p>El <a href=\"https:\/\/www.somatechnology.com\/spanish\/wp-content\/uploads\/sites\/2\/2025\/10\/Mammotome-Revolve-Breast-Biopsy-System-spa.pdf\">Mammotome Revolve<\/a> es un sistema avanzado de biopsia mamaria asistido por vac\u00edo, dise\u00f1ado para ofrecer precisi\u00f3n y eficiencia. Permite a los m\u00e9dicos recolectar m\u00faltiples muestras de tejido sin retirar la aguja repetidamente, lo que reduce la incomodidad del paciente y el tiempo del procedimiento. Con compatibilidad integrada para gu\u00eda por imagen, el sistema Revolve admite procedimientos tanto por ultrasonido como por estereotactia. Su m\u00f3dulo de control y soporte reutilizables, junto con sondas y componentes de manejo de muestras de un solo uso, garantizan un funcionamiento confiable e higi\u00e9nico. Su dise\u00f1o intuitivo optimiza el flujo de trabajo de la biopsia, convirti\u00e9ndolo en una opci\u00f3n de confianza para el muestreo diagn\u00f3stico de anomal\u00edas mamarias.<\/p>\n<ul>\n<li><strong>Biopsia asistida por vac\u00edo<\/strong>: permite una recolecci\u00f3n consistente de muestras sin necesidad de reinserci\u00f3n de la aguja.<\/li>\n<li><strong>Compatibilidad con gu\u00eda por imagen:<\/strong> compatible con procedimientos guiados por ultrasonido y estereotaxia para un direccionamiento preciso.<\/li>\n<li><strong>Sistema de manejo de muestras:<\/strong> organiza las muestras de tejido recolectadas para facilitar su an\u00e1lisis e imagen.<\/li>\n<li><strong>Componentes reutilizables:<\/strong> incluye un m\u00f3dulo de control y soportes duraderos para un uso rentable.<\/li>\n<li><strong>Sondas de un solo uso:<\/strong> mantienen la esterilidad y reducen el riesgo de contaminaci\u00f3n cruzada.<\/li>\n<\/ul>\n","protected":false},"excerpt":{"rendered":"<p>Caracter\u00edsticas del Mammotome Revolve El Mammotome Revolve es un sistema avanzado de biopsia mamaria asistido por vac\u00edo, dise\u00f1ado para ofrecer precisi\u00f3n y eficiencia. Permite&#8230;<\/p>\n","protected":false},"featured_media":32841,"template":"","meta":{"_acf_changed":false,"_relevanssi_hide_post":"","_relevanssi_hide_content":"","_relevanssi_pin_for_all":"","_relevanssi_pin_keywords":"","_relevanssi_unpin_keywords":"","_relevanssi_related_keywords":"","_relevanssi_related_include_ids":"","_relevanssi_related_exclude_ids":"","_relevanssi_related_no_append":"","_relevanssi_related_not_related":"","_relevanssi_related_posts":"","_relevanssi_noindex_reason":"","inline_featured_image":false},"pwb-brand":[11075],"product_brand":[],"product_cat":[10711],"product_tag":[11080,11079,11078,11076,11077,11085,11081,11083,11082,11084],"class_list":{"0":"post-32832","1":"product","2":"type-product","3":"status-publish","4":"has-post-thumbnail","6":"pwb-brand-mammotome","7":"product_cat-miscelaneos","8":"product_tag-biopsia","9":"product_tag-biopsia-de-mama","10":"product_tag-mama","11":"product_tag-mammotome","12":"product_tag-mammotome-revolve","13":"product_tag-revolve","14":"product_tag-sistema-de-biopsia","15":"product_tag-sistema-de-biopsia-de-mama","16":"product_tag-sistemas-de-biopsia","17":"product_tag-sistemas-de-biopsia-de-mama","19":"first","20":"instock","21":"shipping-taxable","22":"purchasable","23":"product-type-simple"},"acf":[],"brands":[{"id":11075,"name":"Mammotome","slug":"mammotome"}],"_links":{"self":[{"href":"https:\/\/www.somatechnology.com\/spanish\/wp-json\/wp\/v2\/product\/32832","targetHints":{"allow":["GET"]}}],"collection":[{"href":"https:\/\/www.somatechnology.com\/spanish\/wp-json\/wp\/v2\/product"}],"about":[{"href":"https:\/\/www.somatechnology.com\/spanish\/wp-json\/wp\/v2\/types\/product"}],"wp:featuredmedia":[{"embeddable":true,"href":"https:\/\/www.somatechnology.com\/spanish\/wp-json\/wp\/v2\/media\/32841"}],"wp:attachment":[{"href":"https:\/\/www.somatechnology.com\/spanish\/wp-json\/wp\/v2\/media?parent=32832"}],"wp:term":[{"taxonomy":"pwb-brand","embeddable":true,"href":"https:\/\/www.somatechnology.com\/spanish\/wp-json\/wp\/v2\/pwb-brand?post=32832"},{"taxonomy":"product_brand","embeddable":true,"href":"https:\/\/www.somatechnology.com\/spanish\/wp-json\/wp\/v2\/product_brand?post=32832"},{"taxonomy":"product_cat","embeddable":true,"href":"https:\/\/www.somatechnology.com\/spanish\/wp-json\/wp\/v2\/product_cat?post=32832"},{"taxonomy":"product_tag","embeddable":true,"href":"https:\/\/www.somatechnology.com\/spanish\/wp-json\/wp\/v2\/product_tag?post=32832"}],"curies":[{"name":"wp","href":"https:\/\/api.w.org\/{rel}","templated":true}]}}