{"id":32843,"date":"2025-11-05T11:34:36","date_gmt":"2025-11-05T16:34:36","guid":{"rendered":"https:\/\/www.somatechnology.com\/spanish\/?post_type=product&#038;p=32843"},"modified":"2025-11-05T11:50:55","modified_gmt":"2025-11-05T16:50:55","slug":"cardioquip-mch-1000i","status":"publish","type":"product","link":"https:\/\/www.somatechnology.com\/spanish\/equipo-medico-usado-remanufacturado\/cardiovascular\/calentador-enfriador\/cardioquip-mch-1000i\/","title":{"rendered":"CardioQuip MCH-1000(i)"},"content":{"rendered":"<h2>Caracter\u00edsticas del CardioQuip MCH-1000(i)<\/h2>\n<p>El <strong><a href=\"https:\/\/www.somatechnology.com\/spanish\/wp-content\/uploads\/sites\/2\/2025\/11\/CardioQuip-MCH-1000-i-Heater-Cooler-spa.pdf\">CardioQuip MCH-1000(i)<\/a><\/strong> es un sistema avanzado de calentamiento\/enfriamiento dise\u00f1ado para un control preciso de la temperatura durante bypass cardiopulmonar y procedimientos de regulaci\u00f3n t\u00e9rmica. Equipado con tecnolog\u00eda de control de temperatura adaptativo, ofrece un desempe\u00f1o consistente reduciendo la intervenci\u00f3n del operador. El sistema cuenta con una pantalla t\u00e1ctil para un control intuitivo y el monitoreo en tiempo real de la temperatura, la velocidad de la bomba y el estado del sistema. Las alarmas integradas y los mecanismos de seguridad redundantes garantizan la seguridad del paciente y la confiabilidad del equipo. Con opciones de configuraci\u00f3n vers\u00e1tiles, el MCH-1000(i) cumple con los requisitos de los quir\u00f3fanos modernos, ofreciendo eficiencia y confiabilidad.<\/p>\n<ul>\n<li><strong>Control preciso de temperatura<\/strong>: la tecnolog\u00eda adaptativa mantiene temperaturas de 0 \u00b0C a 42 \u00b0C con una precisi\u00f3n de \u00b10,5 \u00b0C.<\/li>\n<li><span style=\"box-sizing: border-box; margin: 0px; padding: 0px;\"><strong>Interfaz t\u00e1ctil intuitiva<\/strong>: operaci\u00f3n simplificada con presets personalizables, control de la velocidad de la bomba y diagn\u00f3stico del sistema.<\/span><\/li>\n<li><strong>Mecanismos avanzados de seguridad:<\/strong> alarmas audiovisuales y hardware redundante para un rendimiento confiable.<\/li>\n<li><strong>Flujo de trabajo eficiente:<\/strong> auto-priming, descongelamiento autom\u00e1tico y dise\u00f1o de bajo mantenimiento optimizan la operaci\u00f3n.<\/li>\n<li><strong>Dise\u00f1o vers\u00e1til:<\/strong> compatible con m\u00f3dulos opcionales de refrigeraci\u00f3n y de cardioplej\u00eda para configuraciones personalizadas.<\/li>\n<\/ul>\n","protected":false},"excerpt":{"rendered":"<p>Caracter\u00edsticas del CardioQuip MCH-1000(i) El CardioQuip MCH-1000(i) es un sistema avanzado de calentamiento\/enfriamiento dise\u00f1ado para un control preciso de la temperatura durante bypass cardiopulmonar&#8230;<\/p>\n","protected":false},"featured_media":32855,"template":"","meta":{"_acf_changed":false,"_relevanssi_hide_post":"","_relevanssi_hide_content":"","_relevanssi_pin_for_all":"","_relevanssi_pin_keywords":"","_relevanssi_unpin_keywords":"","_relevanssi_related_keywords":"","_relevanssi_related_include_ids":"","_relevanssi_related_exclude_ids":"","_relevanssi_related_no_append":"","_relevanssi_related_not_related":"","_relevanssi_related_posts":"","_relevanssi_noindex_reason":"","inline_featured_image":false},"pwb-brand":[11086],"product_brand":[],"product_cat":[82],"product_tag":[11100,11099,332,3932,10901,11089,11091,11090,11087,11088,1920,11093,11094,11098,11097,11095,11096,11092],"class_list":{"0":"post-32843","1":"product","2":"type-product","3":"status-publish","4":"has-post-thumbnail","6":"pwb-brand-cardioquip","7":"product_cat-calentador-enfriador","8":"product_tag-1000-i","9":"product_tag-1000i","10":"product_tag-calentador","11":"product_tag-calentador-enfriador","12":"product_tag-calentadores","13":"product_tag-calentadores-enfriadores","14":"product_tag-cardio","15":"product_tag-cardioquip","16":"product_tag-enfriador","17":"product_tag-enfriadores","18":"product_tag-i","19":"product_tag-mch","20":"product_tag-mch-1000","21":"product_tag-mch-1000-i","22":"product_tag-mch-1000i","23":"product_tag-mch1000","24":"product_tag-mch1000i","25":"product_tag-quip","27":"first","28":"instock","29":"shipping-taxable","30":"purchasable","31":"product-type-simple"},"acf":[],"brands":[{"id":11086,"name":"CardioQuip","slug":"cardioquip"}],"_links":{"self":[{"href":"https:\/\/www.somatechnology.com\/spanish\/wp-json\/wp\/v2\/product\/32843","targetHints":{"allow":["GET"]}}],"collection":[{"href":"https:\/\/www.somatechnology.com\/spanish\/wp-json\/wp\/v2\/product"}],"about":[{"href":"https:\/\/www.somatechnology.com\/spanish\/wp-json\/wp\/v2\/types\/product"}],"wp:featuredmedia":[{"embeddable":true,"href":"https:\/\/www.somatechnology.com\/spanish\/wp-json\/wp\/v2\/media\/32855"}],"wp:attachment":[{"href":"https:\/\/www.somatechnology.com\/spanish\/wp-json\/wp\/v2\/media?parent=32843"}],"wp:term":[{"taxonomy":"pwb-brand","embeddable":true,"href":"https:\/\/www.somatechnology.com\/spanish\/wp-json\/wp\/v2\/pwb-brand?post=32843"},{"taxonomy":"product_brand","embeddable":true,"href":"https:\/\/www.somatechnology.com\/spanish\/wp-json\/wp\/v2\/product_brand?post=32843"},{"taxonomy":"product_cat","embeddable":true,"href":"https:\/\/www.somatechnology.com\/spanish\/wp-json\/wp\/v2\/product_cat?post=32843"},{"taxonomy":"product_tag","embeddable":true,"href":"https:\/\/www.somatechnology.com\/spanish\/wp-json\/wp\/v2\/product_tag?post=32843"}],"curies":[{"name":"wp","href":"https:\/\/api.w.org\/{rel}","templated":true}]}}