{"id":32859,"date":"2025-11-05T12:17:41","date_gmt":"2025-11-05T17:17:41","guid":{"rendered":"https:\/\/www.somatechnology.com\/spanish\/?post_type=product&#038;p=32859"},"modified":"2025-11-05T16:51:37","modified_gmt":"2025-11-05T21:51:37","slug":"cardioquip-mch-1000m","status":"publish","type":"product","link":"https:\/\/www.somatechnology.com\/spanish\/equipo-medico-usado-remanufacturado\/cardiovascular\/calentador-enfriador\/cardioquip-mch-1000m\/","title":{"rendered":"CardioQuip MCH-1000(m)"},"content":{"rendered":"<h2 data-start=\"0\" data-end=\"44\"><strong data-start=\"0\" data-end=\"42\">CardioQuip MCH-1000(m) Caracter\u00edsticas<\/strong><\/h2>\n<p data-start=\"46\" data-end=\"740\">El\u00a0<a href=\"https:\/\/www.somatechnology.com\/spanish\/wp-content\/uploads\/sites\/2\/2025\/11\/CardioQuip-MCH-1000-m-Heater-Cooler-spa.pdf\"><strong>CardioQuip MCH-1000(m)<\/strong><\/a> es un sistema compacto y eficiente de calentamiento y enfriamiento dise\u00f1ado para procedimientos que requieren una regulaci\u00f3n t\u00e9rmica precisa. Su tama\u00f1o reducido lo hace ideal para entornos con espacio limitado sin comprometer el rendimiento. Con una interfaz t\u00e1ctil intuitiva y tecnolog\u00eda autoconectante, el MCH-1000(m) simplifica la operaci\u00f3n y mejora el flujo de trabajo. Mantiene un control de temperatura preciso y soporta una amplia gama de necesidades de regulaci\u00f3n t\u00e9rmica en cuidados cr\u00edticos y en entornos quir\u00fargicos. Su dise\u00f1o vers\u00e1til incluye conexiones de acople r\u00e1pido y compatibilidad con diversos kits de mangueras, lo que permite adaptarse a diferentes configuraciones.<\/p>\n<ul>\n<li data-start=\"744\" data-end=\"844\"><strong data-start=\"744\" data-end=\"764\">Dise\u00f1o Compacto:<\/strong> unidad eficiente en el espacio, ideal para entornos con limitaciones de espacio.<\/li>\n<li data-start=\"847\" data-end=\"949\"><span style=\"box-sizing: border-box; margin: 0px; padding: 0px;\"><strong>Control de temperatura preciso:<\/strong> mantiene temperaturas entre 0 \u00b0C y 42 \u00b0C con una precisi\u00f3n de \u00b10,5 \u00b0C.<\/span><\/li>\n<li data-start=\"952\" data-end=\"1063\"><strong data-start=\"952\" data-end=\"975\">Interfaz Intuitiva:<\/strong> pantalla t\u00e1ctil que simplifica los ajustes de temperatura y el monitoreo del sistema.<\/li>\n<li data-start=\"1066\" data-end=\"1181\"><strong data-start=\"1066\" data-end=\"1093\">Tecnolog\u00eda Autocebante:<\/strong> reduce el esfuerzo manual al eliminar autom\u00e1ticamente el aire de las l\u00edneas de tubos.<\/li>\n<li data-start=\"1184\" data-end=\"1299\"><span style=\"box-sizing: border-box; margin: 0px; padding: 0px;\"><strong>Conexiones Flexibles:<\/strong> con acoples r\u00e1pidos y compatibilidad con varios kits de mangueras para una integraci\u00f3n f\u00e1cil.<\/span><\/li>\n<\/ul>\n","protected":false},"excerpt":{"rendered":"<p>CardioQuip MCH-1000(m) Caracter\u00edsticas El\u00a0CardioQuip MCH-1000(m) es un sistema compacto y eficiente de calentamiento y enfriamiento dise\u00f1ado para procedimientos que requieren una regulaci\u00f3n t\u00e9rmica precisa&#8230;.<\/p>\n","protected":false},"featured_media":32860,"template":"","meta":{"_acf_changed":false,"_relevanssi_hide_post":"","_relevanssi_hide_content":"","_relevanssi_pin_for_all":"","_relevanssi_pin_keywords":"","_relevanssi_unpin_keywords":"","_relevanssi_related_keywords":"","_relevanssi_related_include_ids":"","_relevanssi_related_exclude_ids":"","_relevanssi_related_no_append":"","_relevanssi_related_not_related":"","_relevanssi_related_posts":"","_relevanssi_noindex_reason":"","inline_featured_image":false},"pwb-brand":[11086],"product_brand":[],"product_cat":[82],"product_tag":[332,3932,10901,11089,11091,11090,11101,11087,11093,11094,11103,11095,11102,11092],"class_list":{"0":"post-32859","1":"product","2":"type-product","3":"status-publish","4":"has-post-thumbnail","6":"pwb-brand-cardioquip","7":"product_cat-calentador-enfriador","8":"product_tag-calentador","9":"product_tag-calentador-enfriador","10":"product_tag-calentadores","11":"product_tag-calentadores-enfriadores","12":"product_tag-cardio","13":"product_tag-cardioquip","14":"product_tag-cardioquip-mch-1000m","15":"product_tag-enfriador","16":"product_tag-mch","17":"product_tag-mch-1000","18":"product_tag-mch-1000m","19":"product_tag-mch1000","20":"product_tag-mch1000m","21":"product_tag-quip","23":"first","24":"instock","25":"shipping-taxable","26":"purchasable","27":"product-type-simple"},"acf":[],"brands":[{"id":11086,"name":"CardioQuip","slug":"cardioquip"}],"_links":{"self":[{"href":"https:\/\/www.somatechnology.com\/spanish\/wp-json\/wp\/v2\/product\/32859","targetHints":{"allow":["GET"]}}],"collection":[{"href":"https:\/\/www.somatechnology.com\/spanish\/wp-json\/wp\/v2\/product"}],"about":[{"href":"https:\/\/www.somatechnology.com\/spanish\/wp-json\/wp\/v2\/types\/product"}],"wp:featuredmedia":[{"embeddable":true,"href":"https:\/\/www.somatechnology.com\/spanish\/wp-json\/wp\/v2\/media\/32860"}],"wp:attachment":[{"href":"https:\/\/www.somatechnology.com\/spanish\/wp-json\/wp\/v2\/media?parent=32859"}],"wp:term":[{"taxonomy":"pwb-brand","embeddable":true,"href":"https:\/\/www.somatechnology.com\/spanish\/wp-json\/wp\/v2\/pwb-brand?post=32859"},{"taxonomy":"product_brand","embeddable":true,"href":"https:\/\/www.somatechnology.com\/spanish\/wp-json\/wp\/v2\/product_brand?post=32859"},{"taxonomy":"product_cat","embeddable":true,"href":"https:\/\/www.somatechnology.com\/spanish\/wp-json\/wp\/v2\/product_cat?post=32859"},{"taxonomy":"product_tag","embeddable":true,"href":"https:\/\/www.somatechnology.com\/spanish\/wp-json\/wp\/v2\/product_tag?post=32859"}],"curies":[{"name":"wp","href":"https:\/\/api.w.org\/{rel}","templated":true}]}}