{"id":32866,"date":"2025-12-16T15:18:28","date_gmt":"2025-12-16T20:18:28","guid":{"rendered":"https:\/\/www.somatechnology.com\/spanish\/?post_type=product&#038;p=32866"},"modified":"2025-12-16T15:25:50","modified_gmt":"2025-12-16T20:25:50","slug":"leisegang-optik-2","status":"publish","type":"product","link":"https:\/\/www.somatechnology.com\/spanish\/equipo-medico-usado-remanufacturado\/colposcopios\/leisegang-optik-2\/","title":{"rendered":"Leisegang OptiK 2"},"content":{"rendered":"<h2 data-start=\"0\" data-end=\"41\"><strong data-start=\"0\" data-end=\"41\">Caracter\u00edsticas del Leisegang OptiK 2<\/strong><\/h2>\n<p data-start=\"43\" data-end=\"507\">El colposcopio <strong data-start=\"58\" data-end=\"79\">Leisegang OptiK 2<\/strong> ofrece una calidad de imagen excepcional y \u00f3pticas precisas dise\u00f1adas para ex\u00e1menes y diagn\u00f3sticos ginecol\u00f3gicos. Reconocido por su ingenier\u00eda alemana, el OptiK 2 combina durabilidad y un rendimiento visual avanzado. Dise\u00f1ado para optimizar la eficiencia cl\u00ednica, este colposcopio cuenta con iluminaci\u00f3n LED de alta intensidad y controles ergon\u00f3micos que garantizan una visualizaci\u00f3n n\u00edtida y constante a lo largo del tiempo.<\/p>\n<ul>\n<li data-start=\"545\" data-end=\"646\"><strong data-start=\"545\" data-end=\"565\">\u00d3ptica Superior:<\/strong> utiliza haces \u00f3pticos convergentes para obtener im\u00e1genes n\u00edtidas y detalladas.<\/li>\n<li data-start=\"649\" data-end=\"759\"><strong data-start=\"649\" data-end=\"678\">Ampliaci\u00f3n de Tres Pasos:<\/strong> ofrece aumentos de 3.75x, 7.5x y 15x para opciones de visualizaci\u00f3n flexibles.<\/li>\n<li data-start=\"762\" data-end=\"895\"><strong data-start=\"762\" data-end=\"782\">Iluminaci\u00f3n LED:<\/strong> fuente de luz eficiente que proporciona un espectro de color estable, lo que mejora el contraste y la visibilidad.<\/li>\n<li data-start=\"898\" data-end=\"1017\"><strong data-start=\"898\" data-end=\"926\">Larga Vida \u00datil del LED:<\/strong> la fuente de luz supera las 20.000 horas de funcionamiento, asegurando un funcionamiento confiable.<\/li>\n<li data-start=\"1020\" data-end=\"1133\"><strong data-start=\"1020\" data-end=\"1052\">Visualizaci\u00f3n Personalizada:<\/strong> oculares y di\u00f3pteros ajustables para un enfoque preciso y adaptado al usuario.<\/li>\n<li data-start=\"1136\" data-end=\"1255\"><span style=\"box-sizing: border-box; margin: 0px; padding: 0px;\"><strong>Integraci\u00f3n Digital:<\/strong> conectividad con el EMR que permite capturar im\u00e1genes y almacenarlas en registros digitales.<\/span><\/li>\n<li data-start=\"1258\" data-end=\"1391\"><strong data-start=\"1258\" data-end=\"1280\">Dise\u00f1o Ergon\u00f3mico:<\/strong> equipado con controles de enfoque fino y grueso, adem\u00e1s de un ajuste de altura para mayor comodidad del operador.<\/li>\n<\/ul>\n","protected":false},"excerpt":{"rendered":"<p>El colposcopio Optik 2 cuenta con iluminaci\u00f3n LED de alta intensidad y controles ergon\u00f3micos que garantizan una visualizaci\u00f3n n\u00edtida y constante a lo largo del tiempo.<\/p>\n","protected":false},"featured_media":33041,"template":"","meta":{"_acf_changed":false,"_relevanssi_hide_post":"","_relevanssi_hide_content":"","_relevanssi_pin_for_all":"","_relevanssi_pin_keywords":"","_relevanssi_unpin_keywords":"","_relevanssi_related_keywords":"","_relevanssi_related_include_ids":"","_relevanssi_related_exclude_ids":"","_relevanssi_related_no_append":"","_relevanssi_related_not_related":"","_relevanssi_related_posts":"","_relevanssi_noindex_reason":"","inline_featured_image":false},"pwb-brand":[1313],"product_brand":[],"product_cat":[9501],"product_tag":[11132,11130,11133,11131,11129],"class_list":{"0":"post-32866","1":"product","2":"type-product","3":"status-publish","4":"has-post-thumbnail","6":"pwb-brand-equipo-medico-leisegang","7":"product_cat-colposcopios","8":"product_tag-colposcopios-de-alta-resolucion","9":"product_tag-colposcopios-de-ginecologia","10":"product_tag-dispositivos-clinicos-de-colposcopio","11":"product_tag-equipos-de-diagnostico-medico","12":"product_tag-leisegang-optik-2","14":"first","15":"instock","16":"shipping-taxable","17":"purchasable","18":"product-type-simple"},"acf":[],"brands":[{"id":1313,"name":"Leisegang","slug":"equipo-medico-leisegang"}],"_links":{"self":[{"href":"https:\/\/www.somatechnology.com\/spanish\/wp-json\/wp\/v2\/product\/32866","targetHints":{"allow":["GET"]}}],"collection":[{"href":"https:\/\/www.somatechnology.com\/spanish\/wp-json\/wp\/v2\/product"}],"about":[{"href":"https:\/\/www.somatechnology.com\/spanish\/wp-json\/wp\/v2\/types\/product"}],"wp:featuredmedia":[{"embeddable":true,"href":"https:\/\/www.somatechnology.com\/spanish\/wp-json\/wp\/v2\/media\/33041"}],"wp:attachment":[{"href":"https:\/\/www.somatechnology.com\/spanish\/wp-json\/wp\/v2\/media?parent=32866"}],"wp:term":[{"taxonomy":"pwb-brand","embeddable":true,"href":"https:\/\/www.somatechnology.com\/spanish\/wp-json\/wp\/v2\/pwb-brand?post=32866"},{"taxonomy":"product_brand","embeddable":true,"href":"https:\/\/www.somatechnology.com\/spanish\/wp-json\/wp\/v2\/product_brand?post=32866"},{"taxonomy":"product_cat","embeddable":true,"href":"https:\/\/www.somatechnology.com\/spanish\/wp-json\/wp\/v2\/product_cat?post=32866"},{"taxonomy":"product_tag","embeddable":true,"href":"https:\/\/www.somatechnology.com\/spanish\/wp-json\/wp\/v2\/product_tag?post=32866"}],"curies":[{"name":"wp","href":"https:\/\/api.w.org\/{rel}","templated":true}]}}