{"id":33047,"date":"2025-12-17T09:58:56","date_gmt":"2025-12-17T14:58:56","guid":{"rendered":"https:\/\/www.somatechnology.com\/spanish\/?post_type=product&#038;p=33047"},"modified":"2025-12-17T11:22:57","modified_gmt":"2025-12-17T16:22:57","slug":"baxter-hillrom-progressa","status":"publish","type":"product","link":"https:\/\/www.somatechnology.com\/spanish\/equipo-medico-usado-remanufacturado\/camas-de-hospital\/baxter-hillrom-progressa\/","title":{"rendered":"Baxter Hillrom Progressa"},"content":{"rendered":"<h2>Caracter\u00edsticas de la Baxter Hillrom Progressa<\/h2>\n<p>La cama de hospital <a href=\"https:\/\/www.somatechnology.com\/spanish\/wp-content\/uploads\/sites\/2\/2025\/12\/Baxter-Hillrom-Progressa.pdf\">Baxter Hillrom Progressa ICU<\/a> est\u00e1 dise\u00f1ada para mejorar la atenci\u00f3n y el confort del paciente, al mismo tiempo que optimiza los flujos de trabajo del personal m\u00e9dico. Con superficies terap\u00e9uticas avanzadas y terapia de rotaci\u00f3n lateral continua, ayuda a prevenir y tratar \u00falceras por presi\u00f3n y complicaciones pulmonares. Esta cama es adecuada para diversos entornos cl\u00ednicos, como el cuidado intensivo, el cuidado cr\u00edtico y las unidades de alta complejidad.<\/p>\n<ul>\n<li><strong>Superficies terap\u00e9uticas avanzadas<\/strong>: ofrecen opciones de rotaci\u00f3n lateral continua y de terapias de percusi\u00f3n\/vibraci\u00f3n.<\/li>\n<li><strong>Interfaz gr\u00e1fica para el cuidador (GCI)<\/strong>: cuenta con controles intuitivos para ajustar la cama, la balanza y las alarmas.<\/li>\n<li><strong>Posiciones vers\u00e1tiles de la cama<\/strong>: incluyen modos silla, Trendelenburg y FullChair.<\/li>\n<li><strong>Funciones de seguridad integradas:<\/strong> cuenta con sistemas de freno autom\u00e1ticos, indicadores visuales y bloqueos de control para el paciente.<\/li>\n<li><strong>Opciones de movilidad mejoradas:<\/strong> equipadas con IntelliDrive para el transporte motorizado y la detecci\u00f3n de obst\u00e1culos, para mayor seguridad.<\/li>\n<\/ul>\n","protected":false},"excerpt":{"rendered":"<p>Soma Tech Intl ofrece la cama de hospital Baxter Hillrom Progressa hasta un 50% por debajo del costo de una nueva con los mismos contratos de servicio y garant\u00eda del fabricante.<\/p>\n","protected":false},"featured_media":33050,"template":"","meta":{"_acf_changed":false,"_relevanssi_hide_post":"","_relevanssi_hide_content":"","_relevanssi_pin_for_all":"","_relevanssi_pin_keywords":"","_relevanssi_unpin_keywords":"","_relevanssi_related_keywords":"","_relevanssi_related_include_ids":"","_relevanssi_related_exclude_ids":"","_relevanssi_related_no_append":"","_relevanssi_related_not_related":"","_relevanssi_related_posts":"","_relevanssi_noindex_reason":"","inline_featured_image":false},"pwb-brand":[1321],"product_brand":[],"product_cat":[272],"product_tag":[2936,11145,11134,11139,11140,11136,276,275,11141,11137,277,11143,6290,11144,11138,11142,11135],"class_list":{"0":"post-33047","1":"product","2":"type-product","3":"status-publish","4":"has-post-thumbnail","6":"pwb-brand-bombas-intravenosas-baxter","7":"product_cat-camas-de-hospital","8":"product_tag-baxter","9":"product_tag-baxter-progressa","10":"product_tag-cama","11":"product_tag-cama-de-hospital","12":"product_tag-cama-de-hospital-uci","13":"product_tag-cama-uci","14":"product_tag-camas","15":"product_tag-camas-de-hospital","16":"product_tag-camas-de-hospital-uci","17":"product_tag-camas-uci","18":"product_tag-hill-rom","19":"product_tag-hill-rom-progressa","20":"product_tag-hillrom","21":"product_tag-hillrom-progressa","22":"product_tag-hospital","23":"product_tag-progressa","24":"product_tag-uci","26":"first","27":"instock","28":"shipping-taxable","29":"purchasable","30":"product-type-simple"},"acf":[],"brands":[{"id":1321,"name":"Baxter","slug":"bombas-intravenosas-baxter"}],"_links":{"self":[{"href":"https:\/\/www.somatechnology.com\/spanish\/wp-json\/wp\/v2\/product\/33047","targetHints":{"allow":["GET"]}}],"collection":[{"href":"https:\/\/www.somatechnology.com\/spanish\/wp-json\/wp\/v2\/product"}],"about":[{"href":"https:\/\/www.somatechnology.com\/spanish\/wp-json\/wp\/v2\/types\/product"}],"wp:featuredmedia":[{"embeddable":true,"href":"https:\/\/www.somatechnology.com\/spanish\/wp-json\/wp\/v2\/media\/33050"}],"wp:attachment":[{"href":"https:\/\/www.somatechnology.com\/spanish\/wp-json\/wp\/v2\/media?parent=33047"}],"wp:term":[{"taxonomy":"pwb-brand","embeddable":true,"href":"https:\/\/www.somatechnology.com\/spanish\/wp-json\/wp\/v2\/pwb-brand?post=33047"},{"taxonomy":"product_brand","embeddable":true,"href":"https:\/\/www.somatechnology.com\/spanish\/wp-json\/wp\/v2\/product_brand?post=33047"},{"taxonomy":"product_cat","embeddable":true,"href":"https:\/\/www.somatechnology.com\/spanish\/wp-json\/wp\/v2\/product_cat?post=33047"},{"taxonomy":"product_tag","embeddable":true,"href":"https:\/\/www.somatechnology.com\/spanish\/wp-json\/wp\/v2\/product_tag?post=33047"}],"curies":[{"name":"wp","href":"https:\/\/api.w.org\/{rel}","templated":true}]}}