{"id":33055,"date":"2025-12-19T10:53:51","date_gmt":"2025-12-19T15:53:51","guid":{"rendered":"https:\/\/www.somatechnology.com\/spanish\/?post_type=product&#038;p=33055"},"modified":"2025-12-19T11:10:14","modified_gmt":"2025-12-19T16:10:14","slug":"philips-m1116b-y-m1116c-recorder-module","status":"publish","type":"product","link":"https:\/\/www.somatechnology.com\/spanish\/equipo-medico-usado-remanufacturado\/monitores-de-signos-vitales\/monitores-multiparametros\/philips-m1116b-y-m1116c-recorder-module\/","title":{"rendered":"Philips M1116B y M1116C Recorder Module"},"content":{"rendered":"<h2 data-start=\"48\" data-end=\"120\"><strong data-start=\"48\" data-end=\"120\">Caracter\u00edsticas de los m\u00f3dulos registradores Philips M1116B y M1116C<\/strong><\/h2>\n<p data-start=\"122\" data-end=\"823\">Los m\u00f3dulos de imprenta <strong><a href=\"https:\/\/www.somatechnology.com\/spanish\/wp-content\/uploads\/sites\/2\/2025\/12\/Philips-M1116B-M1116C-Recorder-Module-spa.pdf\">Philips M1116B y M1116C<\/a><\/strong> para monitores de pacientes IntelliVue ofrecen documentaci\u00f3n de los datos del paciente durante el monitoreo de cuidado. Compatibles con los monitores IntelliVue MX500, MX550, MX600, MX700 y MX800, estos m\u00f3dulos proporcionan impresiones de signos vitales y de formas de onda. En los modelos MX400 y MX450, la funci\u00f3n de registro est\u00e1 integrada como opci\u00f3n del propio monitor, lo que elimina la necesidad de m\u00f3dulos externos.<\/p>\n<ul>\n<li data-start=\"862\" data-end=\"1008\"><strong data-start=\"862\" data-end=\"881\">Compatibilidad:<\/strong> dise\u00f1ados para los monitores IntelliVue MX500, MX550, MX600, MX700 y MX800; opci\u00f3n integrada para los modelos MX400 y MX450.<\/li>\n<li data-start=\"1011\" data-end=\"1145\"><strong data-start=\"1011\" data-end=\"1043\">Impresiones de alta calidad:<\/strong> proporcionan documentaci\u00f3n clara y precisa de las formas de onda, tendencias y eventos del paciente.<\/li>\n<li data-start=\"1148\" data-end=\"1280\"><strong data-start=\"1148\" data-end=\"1176\">Operaci\u00f3n f\u00e1cil de usar:<\/strong> controles simples e indicadores claros para una integraci\u00f3n fluida en los flujos de trabajo cl\u00ednicos.<\/li>\n<li data-start=\"1283\" data-end=\"1386\"><strong data-start=\"1283\" data-end=\"1303\">Dise\u00f1o compacto:<\/strong> tama\u00f1o reducido que se adapta f\u00e1cilmente a diversos entornos de atenci\u00f3n m\u00e9dica.<\/li>\n<li data-start=\"1389\" data-end=\"1527\"><strong data-start=\"1389\" data-end=\"1419\">Flujo de trabajo mejorado:<\/strong> permite un acceso oportuno a informaci\u00f3n cr\u00edtica del paciente, favoreciendo una toma de decisiones precisa.<\/li>\n<\/ul>\n","protected":false},"excerpt":{"rendered":"<p>Caracter\u00edsticas de los m\u00f3dulos registradores Philips M1116B y M1116C Los m\u00f3dulos de imprenta Philips M1116B y M1116C para monitores de pacientes IntelliVue ofrecen documentaci\u00f3n&#8230;<\/p>\n","protected":false},"featured_media":33061,"template":"","meta":{"_acf_changed":false,"_relevanssi_hide_post":"","_relevanssi_hide_content":"","_relevanssi_pin_for_all":"","_relevanssi_pin_keywords":"","_relevanssi_unpin_keywords":"","_relevanssi_related_keywords":"","_relevanssi_related_include_ids":"","_relevanssi_related_exclude_ids":"","_relevanssi_related_no_append":"","_relevanssi_related_not_related":"","_relevanssi_related_posts":"","_relevanssi_noindex_reason":"","inline_featured_image":false},"pwb-brand":[1102],"product_brand":[],"product_cat":[50],"product_tag":[5400,11154,5406,11148,11146,11147,11149,11150,11153,11152,11151,273],"class_list":{"0":"post-33055","1":"product","2":"type-product","3":"status-publish","4":"has-post-thumbnail","6":"pwb-brand-equipo-medico-philips","7":"product_cat-monitores-multiparametros","8":"product_tag-impresora","9":"product_tag-impresora-philips","10":"product_tag-impresoras","11":"product_tag-m1116","12":"product_tag-m1116b","13":"product_tag-m1116c","14":"product_tag-modulo-registrador","15":"product_tag-modulos","16":"product_tag-modulos-de-monitor","17":"product_tag-modulos-de-monitor-de-paciente","18":"product_tag-modulos-philips","19":"product_tag-philips","21":"first","22":"instock","23":"shipping-taxable","24":"purchasable","25":"product-type-simple"},"acf":[],"brands":[{"id":1102,"name":"Philips","slug":"equipo-medico-philips"}],"_links":{"self":[{"href":"https:\/\/www.somatechnology.com\/spanish\/wp-json\/wp\/v2\/product\/33055","targetHints":{"allow":["GET"]}}],"collection":[{"href":"https:\/\/www.somatechnology.com\/spanish\/wp-json\/wp\/v2\/product"}],"about":[{"href":"https:\/\/www.somatechnology.com\/spanish\/wp-json\/wp\/v2\/types\/product"}],"wp:featuredmedia":[{"embeddable":true,"href":"https:\/\/www.somatechnology.com\/spanish\/wp-json\/wp\/v2\/media\/33061"}],"wp:attachment":[{"href":"https:\/\/www.somatechnology.com\/spanish\/wp-json\/wp\/v2\/media?parent=33055"}],"wp:term":[{"taxonomy":"pwb-brand","embeddable":true,"href":"https:\/\/www.somatechnology.com\/spanish\/wp-json\/wp\/v2\/pwb-brand?post=33055"},{"taxonomy":"product_brand","embeddable":true,"href":"https:\/\/www.somatechnology.com\/spanish\/wp-json\/wp\/v2\/product_brand?post=33055"},{"taxonomy":"product_cat","embeddable":true,"href":"https:\/\/www.somatechnology.com\/spanish\/wp-json\/wp\/v2\/product_cat?post=33055"},{"taxonomy":"product_tag","embeddable":true,"href":"https:\/\/www.somatechnology.com\/spanish\/wp-json\/wp\/v2\/product_tag?post=33055"}],"curies":[{"name":"wp","href":"https:\/\/api.w.org\/{rel}","templated":true}]}}