{"id":33079,"date":"2025-12-24T10:33:31","date_gmt":"2025-12-24T15:33:31","guid":{"rendered":"https:\/\/www.somatechnology.com\/spanish\/?post_type=product&#038;p=33079"},"modified":"2025-12-24T10:44:23","modified_gmt":"2025-12-24T15:44:23","slug":"stryker-system-8","status":"publish","type":"product","link":"https:\/\/www.somatechnology.com\/spanish\/equipo-medico-usado-remanufacturado\/instrumental-de-cirugia\/stryker-system-8\/","title":{"rendered":"Stryker System 8"},"content":{"rendered":"<h2 data-start=\"48\" data-end=\"91\"><strong data-start=\"51\" data-end=\"91\">Caracter\u00edsticas del Stryker System 8<\/strong><\/h2>\n<p data-start=\"93\" data-end=\"250\">Las herramientas quir\u00fargicas <a href=\"https:\/\/www.somatechnology.com\/spanish\/wp-content\/uploads\/sites\/2\/2025\/12\/Stryker-System-8-spa.pdf\">Stryker System 8<\/a> son instrumentos avanzados dise\u00f1ados para brindar precisi\u00f3n y eficiencia en procedimientos ortop\u00e9dicos.<\/p>\n<ul>\n<li data-start=\"254\" data-end=\"415\"><strong data-start=\"254\" data-end=\"274\">Sistema modular:<\/strong> el System 8 permite a los cirujanos cambiar f\u00e1cilmente entre diferentes accesorios, como taladros, sierras, escariadores y atornilladores.<\/li>\n<li data-start=\"418\" data-end=\"576\"><strong data-start=\"418\" data-end=\"452\">Amplia variedad de accesorios:<\/strong> compatible con m\u00faltiples procedimientos quir\u00fargicos, incluidos el corte \u00f3seo, la perforaci\u00f3n y la inserci\u00f3n de tornillos.<\/li>\n<li data-start=\"579\" data-end=\"731\"><strong data-start=\"579\" data-end=\"601\">Dise\u00f1o ergon\u00f3mico:<\/strong> pensado para un manejo c\u00f3modo, reduce la fatiga del cirujano durante procedimientos prolongados y garantiza un control preciso.<\/li>\n<li data-start=\"734\" data-end=\"870\"><strong data-start=\"734\" data-end=\"760\">Rendimiento confiable:<\/strong> impulsado por motores de alta calidad capaces de soportar tareas quir\u00fargicas exigentes de manera constante.<\/li>\n<li data-start=\"873\" data-end=\"1043\"><strong data-start=\"873\" data-end=\"912\">Control avanzado (seg\u00fan el modelo):<\/strong> incluye sistemas con velocidad y torque variables, adem\u00e1s de interfaces intuitivas para una operaci\u00f3n sencilla y personalizable.<\/li>\n<\/ul>\n","protected":false},"excerpt":{"rendered":"<p>Las herramientas el\u00e9ctricas Stryker System 8 son instrumentos quir\u00fargicos avanzados dise\u00f1ados para brindar precisi\u00f3n y eficiencia en procedimientos ortop\u00e9dicos.<\/p>\n","protected":false},"featured_media":33088,"template":"","meta":{"_acf_changed":false,"_relevanssi_hide_post":"","_relevanssi_hide_content":"","_relevanssi_pin_for_all":"","_relevanssi_pin_keywords":"","_relevanssi_unpin_keywords":"","_relevanssi_related_keywords":"","_relevanssi_related_include_ids":"","_relevanssi_related_exclude_ids":"","_relevanssi_related_no_append":"","_relevanssi_related_not_related":"","_relevanssi_related_posts":"","_relevanssi_noindex_reason":"","inline_featured_image":false},"pwb-brand":[1079],"product_brand":[],"product_cat":[4530],"product_tag":[11169,11062,10481,11180,10479,10483,11181,11170,3266,11173,11174,178,11177,11171,11175,11178,11172,11176,11179],"class_list":{"0":"post-33079","1":"product","2":"type-product","3":"status-publish","4":"has-post-thumbnail","6":"pwb-brand-equipo-medico-stryker","7":"product_cat-instrumental-de-cirugia","8":"product_tag-11169","9":"product_tag-herramienta","10":"product_tag-herramienta-electrica","11":"product_tag-herramienta-electrica-stryker-system-8","12":"product_tag-herramientas","13":"product_tag-herramientas-electricas","14":"product_tag-herramientas-electricas-stryker-system-8","15":"product_tag-potencia","16":"product_tag-sistema","17":"product_tag-sistema-stryker","18":"product_tag-sistema-stryker-8","19":"product_tag-stryker","20":"product_tag-stryker-system-8-de-potencia","21":"product_tag-taladro","22":"product_tag-taladro-electrico","23":"product_tag-taladro-electrico-stryker-system-8","24":"product_tag-taladros","25":"product_tag-taladros-electricos","26":"product_tag-taladros-electricos-stryker-system-8","28":"first","29":"instock","30":"shipping-taxable","31":"purchasable","32":"product-type-simple"},"acf":[],"brands":[{"id":1079,"name":"Stryker","slug":"equipo-medico-stryker"}],"_links":{"self":[{"href":"https:\/\/www.somatechnology.com\/spanish\/wp-json\/wp\/v2\/product\/33079","targetHints":{"allow":["GET"]}}],"collection":[{"href":"https:\/\/www.somatechnology.com\/spanish\/wp-json\/wp\/v2\/product"}],"about":[{"href":"https:\/\/www.somatechnology.com\/spanish\/wp-json\/wp\/v2\/types\/product"}],"wp:featuredmedia":[{"embeddable":true,"href":"https:\/\/www.somatechnology.com\/spanish\/wp-json\/wp\/v2\/media\/33088"}],"wp:attachment":[{"href":"https:\/\/www.somatechnology.com\/spanish\/wp-json\/wp\/v2\/media?parent=33079"}],"wp:term":[{"taxonomy":"pwb-brand","embeddable":true,"href":"https:\/\/www.somatechnology.com\/spanish\/wp-json\/wp\/v2\/pwb-brand?post=33079"},{"taxonomy":"product_brand","embeddable":true,"href":"https:\/\/www.somatechnology.com\/spanish\/wp-json\/wp\/v2\/product_brand?post=33079"},{"taxonomy":"product_cat","embeddable":true,"href":"https:\/\/www.somatechnology.com\/spanish\/wp-json\/wp\/v2\/product_cat?post=33079"},{"taxonomy":"product_tag","embeddable":true,"href":"https:\/\/www.somatechnology.com\/spanish\/wp-json\/wp\/v2\/product_tag?post=33079"}],"curies":[{"name":"wp","href":"https:\/\/api.w.org\/{rel}","templated":true}]}}