{"id":33128,"date":"2026-01-06T12:47:35","date_gmt":"2026-01-06T17:47:35","guid":{"rendered":"https:\/\/www.somatechnology.com\/spanish\/?post_type=product&#038;p=33128"},"modified":"2026-01-06T13:15:05","modified_gmt":"2026-01-06T18:15:05","slug":"transmotion-tmm5","status":"publish","type":"product","link":"https:\/\/www.somatechnology.com\/spanish\/equipo-medico-usado-remanufacturado\/camillas\/transmotion-tmm5\/","title":{"rendered":"TransMotion TMM5"},"content":{"rendered":"<h2>Caracter\u00edsticas de la TransMotion TMM5<\/h2>\n<p data-start=\"179\" data-end=\"622\">La\u00a0<a href=\"https:\/\/www.somatechnology.com\/spanish\/wp-content\/uploads\/sites\/2\/2026\/01\/TransMotion-TMM5-Specifications-spa.pdf\"><strong>camilla TransMotion TMM5<\/strong> <\/a>combina las funcionalidades de una camilla y de una silla quir\u00fargica, lo que facilita el manejo de pacientes en diversos entornos cl\u00ednicos. Sus posiciones ajustables, su dise\u00f1o robusto y sus caracter\u00edsticas avanzadas la convierten en una opci\u00f3n ideal para mejorar la atenci\u00f3n al paciente y la eficiencia del flujo de trabajo. Con una amplia gama de configuraciones y opciones, la TMM5 se adapta a diversas necesidades m\u00e9dicas.<\/p>\n<ul>\n<li data-start=\"626\" data-end=\"717\"><strong data-start=\"626\" data-end=\"652\">Dise\u00f1o Multifuncional:<\/strong> Funciona como camilla y silla quir\u00fargica para un uso vers\u00e1til.<\/li>\n<li data-start=\"720\" data-end=\"901\"><span style=\"box-sizing: border-box; margin: 0px; padding: 0px;\"><strong>Posicionamiento El\u00e9ctrico:<\/strong> Los controles tipo colgante ajustan la altura del asiento, del respaldo y de las secciones de las piernas para el m\u00e1ximo confort del paciente y la accesibilidad cl\u00ednica.<\/span><\/li>\n<li data-start=\"904\" data-end=\"978\"><strong data-start=\"904\" data-end=\"931\">Alta Capacidad de Peso:<\/strong> Soporta pacientes de hasta 500 lb (227 kg).<\/li>\n<li data-start=\"981\" data-end=\"1106\"><strong data-start=\"981\" data-end=\"1010\">Opciones de bater\u00eda y AC:<\/strong> Funciona con bater\u00edas integradas recargables o con corriente alterna para ofrecer un desempe\u00f1o confiable.<\/li>\n<li data-start=\"1109\" data-end=\"1240\"><span style=\"box-sizing: border-box; margin: 0px; padding: 0px;\"><strong>Movilidad Mejorada:<\/strong> equipado con ruedas con freno central y modos de bloqueo de direcci\u00f3n para un transporte seguro y eficiente.<\/span><\/li>\n<li data-start=\"1243\" data-end=\"1380\"><strong data-start=\"1243\" data-end=\"1268\">Opciones Adicionales:<\/strong> incluyen ancho extendido, altura elevada, reposapi\u00e9s plegables y configuraciones espec\u00edficas para exportaci\u00f3n.<\/li>\n<li data-start=\"1383\" data-end=\"1483\"><strong data-start=\"1383\" data-end=\"1409\">Construcci\u00f3n Duradera:<\/strong> estructura robusta y materiales f\u00e1ciles de limpiar para un uso prolongado.<\/li>\n<\/ul>\n<p>&nbsp;<\/p>\n","protected":false},"excerpt":{"rendered":"<p>Caracter\u00edsticas de la TransMotion TMM5 La\u00a0camilla TransMotion TMM5 combina las funcionalidades de una camilla y de una silla quir\u00fargica, lo que facilita el manejo&#8230;<\/p>\n","protected":false},"featured_media":33130,"template":"","meta":{"_acf_changed":false,"_relevanssi_hide_post":"","_relevanssi_hide_content":"","_relevanssi_pin_for_all":"","_relevanssi_pin_keywords":"","_relevanssi_unpin_keywords":"","_relevanssi_related_keywords":"","_relevanssi_related_include_ids":"","_relevanssi_related_exclude_ids":"","_relevanssi_related_no_append":"","_relevanssi_related_not_related":"","_relevanssi_related_posts":"","_relevanssi_noindex_reason":"","inline_featured_image":false},"pwb-brand":[10398],"product_brand":[],"product_cat":[58],"product_tag":[4178,11197,11200,11196,11198,11199],"class_list":{"0":"post-33128","1":"product","2":"type-product","3":"status-publish","4":"has-post-thumbnail","6":"pwb-brand-trans-motion","7":"product_cat-camillas","8":"product_tag-camillas","9":"product_tag-reclinables","10":"product_tag-silla-quirurgica-tmm5","11":"product_tag-sillas-hospitalarias","12":"product_tag-superficie-para-pacientes","13":"product_tag-transmotion","15":"first","16":"instock","17":"shipping-taxable","18":"purchasable","19":"product-type-simple"},"acf":[],"brands":[{"id":10398,"name":"TransMotion","slug":"trans-motion"}],"_links":{"self":[{"href":"https:\/\/www.somatechnology.com\/spanish\/wp-json\/wp\/v2\/product\/33128","targetHints":{"allow":["GET"]}}],"collection":[{"href":"https:\/\/www.somatechnology.com\/spanish\/wp-json\/wp\/v2\/product"}],"about":[{"href":"https:\/\/www.somatechnology.com\/spanish\/wp-json\/wp\/v2\/types\/product"}],"wp:featuredmedia":[{"embeddable":true,"href":"https:\/\/www.somatechnology.com\/spanish\/wp-json\/wp\/v2\/media\/33130"}],"wp:attachment":[{"href":"https:\/\/www.somatechnology.com\/spanish\/wp-json\/wp\/v2\/media?parent=33128"}],"wp:term":[{"taxonomy":"pwb-brand","embeddable":true,"href":"https:\/\/www.somatechnology.com\/spanish\/wp-json\/wp\/v2\/pwb-brand?post=33128"},{"taxonomy":"product_brand","embeddable":true,"href":"https:\/\/www.somatechnology.com\/spanish\/wp-json\/wp\/v2\/product_brand?post=33128"},{"taxonomy":"product_cat","embeddable":true,"href":"https:\/\/www.somatechnology.com\/spanish\/wp-json\/wp\/v2\/product_cat?post=33128"},{"taxonomy":"product_tag","embeddable":true,"href":"https:\/\/www.somatechnology.com\/spanish\/wp-json\/wp\/v2\/product_tag?post=33128"}],"curies":[{"name":"wp","href":"https:\/\/api.w.org\/{rel}","templated":true}]}}