{"id":33141,"date":"2026-01-07T13:05:47","date_gmt":"2026-01-07T18:05:47","guid":{"rendered":"https:\/\/www.somatechnology.com\/spanish\/?post_type=product&#038;p=33141"},"modified":"2026-01-07T15:18:56","modified_gmt":"2026-01-07T20:18:56","slug":"ge-dinamap-critikon-8100","status":"publish","type":"product","link":"https:\/\/www.somatechnology.com\/spanish\/equipo-medico-usado-remanufacturado\/monitores-de-signos-vitales\/ge-dinamap-critikon-8100\/","title":{"rendered":"GE Dinamap Critikon 8100"},"content":{"rendered":"<h2>Caracter\u00edsticas del GE Dinamap Critikon 8100<\/h2>\n<p>El <strong><a href=\"https:\/\/www.somatechnology.com\/spanish\/wp-content\/uploads\/sites\/2\/2026\/01\/GE-Dinamap-Critikon-8100-spa.pdf\">GE Dinamap Critikon 8100<\/a><\/strong> es un monitor de signos vitales vers\u00e1til, dise\u00f1ado para la medici\u00f3n no invasiva y autom\u00e1tica de par\u00e1metros cr\u00edticos del paciente. Su manejo intuitivo y su portabilidad lo hacen adecuado para pacientes neonatales, pedi\u00e1tricos y adultos en diversos entornos cl\u00ednicos. La avanzada tecnolog\u00eda oscilom\u00e9trica garantiza mediciones precisas y confiables, incluso en condiciones desafiantes.<\/p>\n<ul>\n<li><strong>Monitoreo Integral<\/strong>: mide la presi\u00f3n arterial sist\u00f3lica, diast\u00f3lica y media (PAM) y la frecuencia de pulso en todas las categor\u00edas de pacientes.<\/li>\n<li><strong>Selecci\u00f3n Autom\u00e1tica de Paciente<\/strong>: cambia autom\u00e1ticamente entre los modos adulto\/pedi\u00e1trico y neonatal seg\u00fan el manguito conectado.<\/li>\n<li><span style=\"box-sizing: border-box; margin: 0px; padding: 0px;\"><strong>Operaci\u00f3n Port\u00e1til<\/strong>: funciona con corriente alterna (AC) o con bater\u00eda interna recargable, con hasta 6 horas de uso continuo.<\/span><\/li>\n<li><strong>Pantallas Digitales Grandes:<\/strong> muestran los resultados con claridad para evaluaciones r\u00e1pidas.<\/li>\n<li><strong>Tecnolog\u00eda de Rechazo de Artefactos:<\/strong> reduce las interferencias por movimiento o ruido externo para mediciones precisas.<\/li>\n<li><strong>L\u00edmites de Alarma Personalizables:<\/strong> alertas para presi\u00f3n sist\u00f3lica, diast\u00f3lica, PAM y frecuencia de pulso fuera de los rangos definidos por el operador.<\/li>\n<li><strong>Recuperaci\u00f3n de Datos Previos:<\/strong> almacena y recupera hasta 100 mediciones anteriores para un mejor manejo del paciente.<\/li>\n<\/ul>\n","protected":false},"excerpt":{"rendered":"<p>GE Dinamap Critikon 8100<\/p>\n","protected":false},"featured_media":33144,"template":"","meta":{"_acf_changed":false,"_relevanssi_hide_post":"","_relevanssi_hide_content":"","_relevanssi_pin_for_all":"","_relevanssi_pin_keywords":"","_relevanssi_unpin_keywords":"","_relevanssi_related_keywords":"","_relevanssi_related_include_ids":"","_relevanssi_related_exclude_ids":"","_relevanssi_related_no_append":"","_relevanssi_related_not_related":"","_relevanssi_related_posts":"","_relevanssi_noindex_reason":"","inline_featured_image":false},"pwb-brand":[1100],"product_brand":[],"product_cat":[129],"product_tag":[11202,11204,4297,11203,11206,9904,11205],"class_list":{"0":"post-33141","1":"product","2":"type-product","3":"status-publish","4":"has-post-thumbnail","6":"pwb-brand-equipo-medico-ge","7":"product_cat-monitores-de-signos-vitales","8":"product_tag-critikon-8100","9":"product_tag-monitor-de-presion-arterial-no-invasiva-dinamap","10":"product_tag-monitor-de-signos-vitales","11":"product_tag-monitores-de-paciente-ge","12":"product_tag-neonatal-y-adulto","13":"product_tag-nibp","14":"product_tag-no-invasivo","16":"first","17":"instock","18":"shipping-taxable","19":"purchasable","20":"product-type-simple"},"acf":[],"brands":[{"id":1100,"name":"GE","slug":"equipo-medico-ge"}],"_links":{"self":[{"href":"https:\/\/www.somatechnology.com\/spanish\/wp-json\/wp\/v2\/product\/33141","targetHints":{"allow":["GET"]}}],"collection":[{"href":"https:\/\/www.somatechnology.com\/spanish\/wp-json\/wp\/v2\/product"}],"about":[{"href":"https:\/\/www.somatechnology.com\/spanish\/wp-json\/wp\/v2\/types\/product"}],"wp:featuredmedia":[{"embeddable":true,"href":"https:\/\/www.somatechnology.com\/spanish\/wp-json\/wp\/v2\/media\/33144"}],"wp:attachment":[{"href":"https:\/\/www.somatechnology.com\/spanish\/wp-json\/wp\/v2\/media?parent=33141"}],"wp:term":[{"taxonomy":"pwb-brand","embeddable":true,"href":"https:\/\/www.somatechnology.com\/spanish\/wp-json\/wp\/v2\/pwb-brand?post=33141"},{"taxonomy":"product_brand","embeddable":true,"href":"https:\/\/www.somatechnology.com\/spanish\/wp-json\/wp\/v2\/product_brand?post=33141"},{"taxonomy":"product_cat","embeddable":true,"href":"https:\/\/www.somatechnology.com\/spanish\/wp-json\/wp\/v2\/product_cat?post=33141"},{"taxonomy":"product_tag","embeddable":true,"href":"https:\/\/www.somatechnology.com\/spanish\/wp-json\/wp\/v2\/product_tag?post=33141"}],"curies":[{"name":"wp","href":"https:\/\/api.w.org\/{rel}","templated":true}]}}