{"id":33149,"date":"2026-01-07T17:01:56","date_gmt":"2026-01-07T22:01:56","guid":{"rendered":"https:\/\/www.somatechnology.com\/spanish\/?post_type=product&#038;p=33149"},"modified":"2026-01-07T17:01:57","modified_gmt":"2026-01-07T22:01:57","slug":"lampara-quirurgica-stryker-quantum-cool-warm","status":"publish","type":"product","link":"https:\/\/www.somatechnology.com\/spanish\/equipo-medico-usado-remanufacturado\/luces-de-cirugia-lamparas-quirurgicas\/lampara-quirurgica-stryker-quantum-cool-warm\/","title":{"rendered":"Lampara Quirurgica Stryker Quantum Cool\/Warm"},"content":{"rendered":"<h2 data-start=\"44\" data-end=\"114\"><strong data-start=\"47\" data-end=\"114\">Caracter\u00edsticas de la <\/strong><strong data-start=\"47\" data-end=\"114\">Stryker Quantum Cool\/Warm<\/strong><\/h2>\n<p data-start=\"116\" data-end=\"425\">Los <strong data-start=\"120\" data-end=\"169\">faros quir\u00fargicos Stryker Quantum Cool y Warm<\/strong> son soluciones de iluminaci\u00f3n de alto rendimiento dise\u00f1adas para ofrecer una iluminaci\u00f3n superior durante procedimientos quir\u00fargicos. Con ajustes de intensidad y temperatura de color, estos faros mejoran la visibilidad y la comodidad en el quir\u00f3fano.<\/p>\n<ul>\n<li data-start=\"429\" data-end=\"500\"><strong data-start=\"429\" data-end=\"469\">Hasta 500.000 LUX a 10&#8243; de distancia<\/strong> (el m\u00e1s brillante del mundo)<\/li>\n<li data-start=\"503\" data-end=\"575\"><strong data-start=\"503\" data-end=\"573\">Disponible en temperatura de color fr\u00eda (6100 K) o c\u00e1lida (4500 K)<\/strong><\/li>\n<li data-start=\"578\" data-end=\"635\"><strong data-start=\"578\" data-end=\"616\">13 niveles de intensidad de brillo<\/strong> para seleccionar<\/li>\n<\/ul>\n","protected":false},"excerpt":{"rendered":"<p>Caracter\u00edsticas de la Stryker Quantum Cool\/Warm Los faros quir\u00fargicos Stryker Quantum Cool y Warm son soluciones de iluminaci\u00f3n de alto rendimiento dise\u00f1adas para ofrecer&#8230;<\/p>\n","protected":false},"featured_media":33152,"template":"","meta":{"_acf_changed":false,"_relevanssi_hide_post":"","_relevanssi_hide_content":"","_relevanssi_pin_for_all":"","_relevanssi_pin_keywords":"","_relevanssi_unpin_keywords":"","_relevanssi_related_keywords":"","_relevanssi_related_include_ids":"","_relevanssi_related_exclude_ids":"","_relevanssi_related_no_append":"","_relevanssi_related_not_related":"","_relevanssi_related_posts":"","_relevanssi_noindex_reason":"","inline_featured_image":false},"pwb-brand":[1079],"product_brand":[],"product_cat":[71],"product_tag":[11209,3860,10370,10372,10369,10371,10367,11207,10373,3610,3185,10375,178,10374,11208],"class_list":{"0":"post-33149","1":"product","2":"type-product","3":"status-publish","4":"has-post-thumbnail","6":"pwb-brand-equipo-medico-stryker","7":"product_cat-luces-de-cirugia-lamparas-quirurgicas","8":"product_tag-caliente","9":"product_tag-cirugia","10":"product_tag-faro","11":"product_tag-faro-quirurgico","12":"product_tag-faros","13":"product_tag-faros-quirurgicos","14":"product_tag-frio","15":"product_tag-frio-caliente","16":"product_tag-luces","17":"product_tag-luz","18":"product_tag-quantum","19":"product_tag-quirurgico","20":"product_tag-stryker","21":"product_tag-stryker-quantum","22":"product_tag-y","24":"first","25":"instock","26":"shipping-taxable","27":"purchasable","28":"product-type-simple"},"acf":[],"brands":[{"id":1079,"name":"Stryker","slug":"equipo-medico-stryker"}],"_links":{"self":[{"href":"https:\/\/www.somatechnology.com\/spanish\/wp-json\/wp\/v2\/product\/33149","targetHints":{"allow":["GET"]}}],"collection":[{"href":"https:\/\/www.somatechnology.com\/spanish\/wp-json\/wp\/v2\/product"}],"about":[{"href":"https:\/\/www.somatechnology.com\/spanish\/wp-json\/wp\/v2\/types\/product"}],"wp:featuredmedia":[{"embeddable":true,"href":"https:\/\/www.somatechnology.com\/spanish\/wp-json\/wp\/v2\/media\/33152"}],"wp:attachment":[{"href":"https:\/\/www.somatechnology.com\/spanish\/wp-json\/wp\/v2\/media?parent=33149"}],"wp:term":[{"taxonomy":"pwb-brand","embeddable":true,"href":"https:\/\/www.somatechnology.com\/spanish\/wp-json\/wp\/v2\/pwb-brand?post=33149"},{"taxonomy":"product_brand","embeddable":true,"href":"https:\/\/www.somatechnology.com\/spanish\/wp-json\/wp\/v2\/product_brand?post=33149"},{"taxonomy":"product_cat","embeddable":true,"href":"https:\/\/www.somatechnology.com\/spanish\/wp-json\/wp\/v2\/product_cat?post=33149"},{"taxonomy":"product_tag","embeddable":true,"href":"https:\/\/www.somatechnology.com\/spanish\/wp-json\/wp\/v2\/product_tag?post=33149"}],"curies":[{"name":"wp","href":"https:\/\/api.w.org\/{rel}","templated":true}]}}