{"id":33187,"date":"2026-01-16T10:56:34","date_gmt":"2026-01-16T15:56:34","guid":{"rendered":"https:\/\/www.somatechnology.com\/spanish\/?post_type=product&#038;p=33187"},"modified":"2026-01-16T10:56:36","modified_gmt":"2026-01-16T15:56:36","slug":"stryker-system-8-ezout","status":"publish","type":"product","link":"https:\/\/www.somatechnology.com\/spanish\/equipo-medico-usado-remanufacturado\/instrumental-de-cirugia\/stryker-system-8-ezout\/","title":{"rendered":"Stryker System 8 EZOut"},"content":{"rendered":"<h2 data-start=\"44\" data-end=\"91\"><strong data-start=\"47\" data-end=\"91\">Caracter\u00edsticas del <\/strong><strong data-start=\"47\" data-end=\"91\">Stryker System 8 EZOut<\/strong><\/h2>\n<p data-start=\"93\" data-end=\"491\">El Stryker System 8 EZOut es un dispositivo quir\u00fargico motorizado especializado, dise\u00f1ado para la extracci\u00f3n precisa y controlada de copas acetabulares durante cirug\u00edas de revisi\u00f3n de cadera. Sustituye las herramientas manuales tradicionales, como oste\u00f3tomos y martillos, por una hoja de sierra oscilante, lo que reduce el esfuerzo del cirujano y mejora la consistencia del procedimiento. El sistema est\u00e1 dise\u00f1ado para minimizar el estr\u00e9s \u00f3seo, preservar el stock \u00f3seo y adaptarse a espacios quir\u00fargicos reducidos, y es adecuado para todos los abordajes, incluidos los m\u00ednimamente invasivos (MIS) y la t\u00e9cnica anterior directa. Incluye un kit completo con herramientas de distintos tama\u00f1os, tapones de centrado y hojas de corte para manejar copas de diferentes tama\u00f1os, garantizando resultados personalizados y predecibles para cada paciente.<\/p>\n<ul>\n<li data-start=\"956\" data-end=\"1168\"><strong data-start=\"956\" data-end=\"987\">Corte oscilante motorizado:<\/strong> el mango especializado genera un movimiento de sierra oscilante regulado, impulsado por la consola System 8, para cortar con precisi\u00f3n la interfaz hueso-cemento o hueso-implante.<\/li>\n<li data-start=\"1171\" data-end=\"1390\"><strong data-start=\"1171\" data-end=\"1209\">Dise\u00f1o de hoja de doble curvatura:<\/strong> las hojas est\u00e1n dise\u00f1adas con doble curvatura para seguir exactamente el contorno de la copa acetabular, lo que crea un plano de corte uniforme y una trayectoria de corte predecible.<\/li>\n<li data-start=\"1393\" data-end=\"1597\"><strong data-start=\"1393\" data-end=\"1428\">Sistema de tapones de centrado:<\/strong> utiliza tapones espec\u00edficos por tama\u00f1o para posicionar con precisi\u00f3n el accesorio de corte en el centro de la copa, lo que permite una extracci\u00f3n sim\u00e9trica y controlada.<\/li>\n<li data-start=\"1600\" data-end=\"1791\"><span style=\"box-sizing: border-box; margin: 0px; padding: 0px;\"><strong>Dise\u00f1o m\u00ednimamente invasivo:<\/strong> requiere un espacio operatorio m\u00e1s reducido que el de las herramientas manuales, lo que permite su uso debajo de la cabeza femoral y del tejido blando circundante.<\/span><\/li>\n<li data-start=\"1794\" data-end=\"1962\"><span style=\"box-sizing: border-box; margin: 0px; padding: 0px;\"><strong>Preservaci\u00f3n \u00f3sea y reducci\u00f3n del estr\u00e9s:<\/strong> hasta un 83 % menos de estr\u00e9s sobre el hueso acetabular, lo que se traduce en un 60 % menos de p\u00e9rdida \u00f3sea despu\u00e9s del fresado.<\/span><\/li>\n<\/ul>\n","protected":false},"excerpt":{"rendered":"<p>Caracter\u00edsticas del Stryker System 8 EZOut El Stryker System 8 EZOut es un dispositivo quir\u00fargico motorizado especializado, dise\u00f1ado para la extracci\u00f3n precisa y controlada&#8230;<\/p>\n","protected":false},"featured_media":33188,"template":"","meta":{"_acf_changed":false,"_relevanssi_hide_post":"","_relevanssi_hide_content":"","_relevanssi_pin_for_all":"","_relevanssi_pin_keywords":"","_relevanssi_unpin_keywords":"","_relevanssi_related_keywords":"","_relevanssi_related_include_ids":"","_relevanssi_related_exclude_ids":"","_relevanssi_related_no_append":"","_relevanssi_related_not_related":"","_relevanssi_related_posts":"","_relevanssi_noindex_reason":"","inline_featured_image":false},"pwb-brand":[1079],"product_brand":[],"product_cat":[4530],"product_tag":[11212,11211,11216,11213,11215,11214,11217,11210],"class_list":{"0":"post-33187","1":"product","2":"type-product","3":"status-publish","4":"has-post-thumbnail","6":"pwb-brand-equipo-medico-stryker","7":"product_cat-instrumental-de-cirugia","8":"product_tag-extraccion-motorizada-de-copa","9":"product_tag-ezout-revision-acetabular","10":"product_tag-herramienta-ortopedica-motorizada","11":"product_tag-herramienta-quirurgica-motorizada","12":"product_tag-sierra-osea-oscilante","13":"product_tag-sistema-de-revision-de-cadera","14":"product_tag-stryker-system-8","15":"product_tag-stryker-system-8-ezout","17":"first","18":"instock","19":"shipping-taxable","20":"purchasable","21":"product-type-simple"},"acf":[],"brands":[{"id":1079,"name":"Stryker","slug":"equipo-medico-stryker"}],"_links":{"self":[{"href":"https:\/\/www.somatechnology.com\/spanish\/wp-json\/wp\/v2\/product\/33187","targetHints":{"allow":["GET"]}}],"collection":[{"href":"https:\/\/www.somatechnology.com\/spanish\/wp-json\/wp\/v2\/product"}],"about":[{"href":"https:\/\/www.somatechnology.com\/spanish\/wp-json\/wp\/v2\/types\/product"}],"wp:featuredmedia":[{"embeddable":true,"href":"https:\/\/www.somatechnology.com\/spanish\/wp-json\/wp\/v2\/media\/33188"}],"wp:attachment":[{"href":"https:\/\/www.somatechnology.com\/spanish\/wp-json\/wp\/v2\/media?parent=33187"}],"wp:term":[{"taxonomy":"pwb-brand","embeddable":true,"href":"https:\/\/www.somatechnology.com\/spanish\/wp-json\/wp\/v2\/pwb-brand?post=33187"},{"taxonomy":"product_brand","embeddable":true,"href":"https:\/\/www.somatechnology.com\/spanish\/wp-json\/wp\/v2\/product_brand?post=33187"},{"taxonomy":"product_cat","embeddable":true,"href":"https:\/\/www.somatechnology.com\/spanish\/wp-json\/wp\/v2\/product_cat?post=33187"},{"taxonomy":"product_tag","embeddable":true,"href":"https:\/\/www.somatechnology.com\/spanish\/wp-json\/wp\/v2\/product_tag?post=33187"}],"curies":[{"name":"wp","href":"https:\/\/api.w.org\/{rel}","templated":true}]}}