{"id":33229,"date":"2026-01-22T16:29:26","date_gmt":"2026-01-22T21:29:26","guid":{"rendered":"https:\/\/www.somatechnology.com\/spanish\/?post_type=product&#038;p=33229"},"modified":"2026-01-22T16:29:27","modified_gmt":"2026-01-22T21:29:27","slug":"hemochron-signature-elite","status":"publish","type":"product","link":"https:\/\/www.somatechnology.com\/spanish\/equipo-medico-usado-remanufacturado\/cardiovascular\/analizador-de-coagulacion\/hemochron-signature-elite\/","title":{"rendered":"Hemochron Signature Elite"},"content":{"rendered":"<h2 data-start=\"44\" data-end=\"94\"><strong data-start=\"47\" data-end=\"94\">Caracter\u00edsticas del\u00a0<\/strong><strong data-start=\"47\" data-end=\"94\">Hemochron Signature Elite<\/strong><\/h2>\n<p data-start=\"96\" data-end=\"566\">El Hemochron Signature Elite es un sistema de microcoagulaci\u00f3n alimentado por bater\u00eda, dise\u00f1ado para analizar sangre total fresca o citratada. El Signature Elite puede realizar pruebas ACT+, ACT-LR, PT y APTT en cuesti\u00f3n de minutos. La cubeta de prueba se inserta en la c\u00e1mara de ensayo, donde se calienta para medir el tiempo de coagulaci\u00f3n de la sangre total. Este equipo utiliza cubetas desechables de un solo uso Hemochron Jr.<\/p>\n<ul>\n<li data-start=\"570\" data-end=\"605\">Port\u00e1til para uso a pie de cama<\/li>\n<li data-start=\"608\" data-end=\"659\">Pantalla iluminada para una f\u00e1cil visualizaci\u00f3n<\/li>\n<li data-start=\"662\" data-end=\"704\">Esc\u00e1ner de c\u00f3digos de barras integrado<\/li>\n<li data-start=\"707\" data-end=\"810\">Capacidad para almacenar resultados de 600 pacientes y 600 pruebas de control de calidad (QC)<\/li>\n<li data-start=\"813\" data-end=\"895\">Los resultados almacenados pueden imprimirse y\/o descargarse a una computadora<\/li>\n<\/ul>\n","protected":false},"excerpt":{"rendered":"<p>El Hemochron Signature Elite es un sistema de microcoagulaci\u00f3n de sangre completa que funciona con bater\u00edas y permite analizar sangre completa fresca o citratada. El Signature Elite puede realizar pruebas de ACT+, ACT-LR, TP y APTT en cuesti\u00f3n de minutos. Se inserta una cubeta de prueba en la c\u00e1mara de prueba y se calienta para medir el tiempo de coagulaci\u00f3n de la sangre completa. Esta unidad utiliza cubetas desechables de un solo uso Hemochron Jr.<\/p>\n","protected":false},"featured_media":33230,"template":"","meta":{"_acf_changed":false,"_relevanssi_hide_post":"","_relevanssi_hide_content":"","_relevanssi_pin_for_all":"","_relevanssi_pin_keywords":"","_relevanssi_unpin_keywords":"","_relevanssi_related_keywords":"","_relevanssi_related_include_ids":"","_relevanssi_related_exclude_ids":"","_relevanssi_related_no_append":"","_relevanssi_related_not_related":"","_relevanssi_related_posts":"","_relevanssi_noindex_reason":"","inline_featured_image":false},"pwb-brand":[1108],"product_brand":[],"product_cat":[44],"product_tag":[187,11221,3121,188,11218,11225,11222,11226,11220,11219,11224,11223],"class_list":{"0":"post-33229","1":"product","2":"type-product","3":"status-publish","4":"has-post-thumbnail","6":"pwb-brand-analizador-de-coagulacion-hemochron","7":"product_cat-analizador-de-coagulacion","8":"product_tag-analizador-de-coagulacion","9":"product_tag-coagulacion","10":"product_tag-elite","11":"product_tag-hemochron","12":"product_tag-hemochron-signature-elite","13":"product_tag-micro-coagulacion","14":"product_tag-microcoagulacion","15":"product_tag-sangre-total","16":"product_tag-signature","17":"product_tag-signature-elite","18":"product_tag-sistema-de-micro-coagulacion","19":"product_tag-sistema-de-microcoagulacion","21":"first","22":"instock","23":"shipping-taxable","24":"purchasable","25":"product-type-simple"},"acf":[],"brands":[{"id":1108,"name":"Hemochron","slug":"analizador-de-coagulacion-hemochron"}],"_links":{"self":[{"href":"https:\/\/www.somatechnology.com\/spanish\/wp-json\/wp\/v2\/product\/33229","targetHints":{"allow":["GET"]}}],"collection":[{"href":"https:\/\/www.somatechnology.com\/spanish\/wp-json\/wp\/v2\/product"}],"about":[{"href":"https:\/\/www.somatechnology.com\/spanish\/wp-json\/wp\/v2\/types\/product"}],"wp:featuredmedia":[{"embeddable":true,"href":"https:\/\/www.somatechnology.com\/spanish\/wp-json\/wp\/v2\/media\/33230"}],"wp:attachment":[{"href":"https:\/\/www.somatechnology.com\/spanish\/wp-json\/wp\/v2\/media?parent=33229"}],"wp:term":[{"taxonomy":"pwb-brand","embeddable":true,"href":"https:\/\/www.somatechnology.com\/spanish\/wp-json\/wp\/v2\/pwb-brand?post=33229"},{"taxonomy":"product_brand","embeddable":true,"href":"https:\/\/www.somatechnology.com\/spanish\/wp-json\/wp\/v2\/product_brand?post=33229"},{"taxonomy":"product_cat","embeddable":true,"href":"https:\/\/www.somatechnology.com\/spanish\/wp-json\/wp\/v2\/product_cat?post=33229"},{"taxonomy":"product_tag","embeddable":true,"href":"https:\/\/www.somatechnology.com\/spanish\/wp-json\/wp\/v2\/product_tag?post=33229"}],"curies":[{"name":"wp","href":"https:\/\/api.w.org\/{rel}","templated":true}]}}