{"id":33290,"date":"2026-02-06T11:53:35","date_gmt":"2026-02-06T16:53:35","guid":{"rendered":"https:\/\/www.somatechnology.com\/spanish\/?post_type=product&#038;p=33290"},"modified":"2026-02-06T11:53:36","modified_gmt":"2026-02-06T16:53:36","slug":"cubescan-biocon-500-2","status":"publish","type":"product","link":"https:\/\/www.somatechnology.com\/spanish\/equipo-medico-usado-remanufacturado\/escaneres-de-vejiga\/cubescan-biocon-500-2\/","title":{"rendered":"CUBEscan BioCon 500"},"content":{"rendered":"<h2>Caracter\u00edsticas del CUBEscan BioCon 500<\/h2>\n<p class=\"p1\"><span style=\"box-sizing: border-box; margin: 0px; padding: 0px;\">El esc\u00e1ner de vejiga <a href=\"https:\/\/www.somatechnology.com\/spanish\/wp-content\/uploads\/sites\/2\/2026\/02\/CUBEscan-BioCon-500-Bladder-Scanner-spa.pdf\">BioCon 500 de CUBEscan<\/a> es un dispositivo no invasivo dise\u00f1ado para medir con precisi\u00f3n y eficiencia el volumen de la vejiga y el residuo posmiccional (RPM). Este sistema port\u00e1til y f\u00e1cil de usar apoya el desarrollo de protocolos de gesti\u00f3n de la continencia y ayuda a reducir las cateterizaciones innecesarias. Equipado con im\u00e1genes en tiempo real antes del escaneo y una impresora t\u00e9rmica integrada, el BioCon 500 agiliza las evaluaciones urol\u00f3gicas, convirti\u00e9ndose en una herramienta valiosa para los centros sanitarios.<\/span><\/p>\n<ul>\n<li class=\"p1\"><b>Medici\u00f3n no invasiva del volumen de vejiga: <\/b>determina con precisi\u00f3n el volumen de la vejiga y la PVR sin necesidad de procedimientos invasivos.<\/li>\n<li class=\"p1\"><strong>Im\u00e1genes en preescaneo en tiempo real:<\/strong> aumenta la precisi\u00f3n y reduce el tiempo del procedimiento al visualizar la vejiga antes del escaneo.<\/li>\n<li class=\"p1\"><strong>Operaci\u00f3n sencilla para el usuario<\/strong>: simplifica los flujos de trabajo con una operaci\u00f3n intuitiva de cuatro pasos (seleccionar g\u00e9nero, pre-escaneo, localizar la vejiga, escanear).<\/li>\n<li class=\"p1\"><strong>Impresora t\u00e9rmica incorporada<\/strong>: proporciona documentaci\u00f3n inmediata de los resultados, mejorando la eficiencia en entornos cl\u00ednicos.<\/li>\n<li class=\"p1\"><strong>Dise\u00f1o ligero y port\u00e1til<\/strong>: compacto y f\u00e1cil de transportar, lo que lo hace adecuado para su uso en diferentes instalaciones sanitarias.<\/li>\n<\/ul>\n","protected":false},"excerpt":{"rendered":"<p>El esc\u00e1ner BioCon 500 de CUBEscan mide con precisi\u00f3n el volumen de la vejiga y el RPM. Es port\u00e1til, f\u00e1cil de usar y apoya protocolos de gesti\u00f3n de la continencia, reduciendo cateterizaciones innecesarias. Incluye im\u00e1genes en tiempo real y una impresora t\u00e9rmica, facilitando evaluaciones urol\u00f3gicas en centros sanitarios.<\/p>\n","protected":false},"featured_media":33292,"template":"","meta":{"_acf_changed":false,"_relevanssi_hide_post":"","_relevanssi_hide_content":"","_relevanssi_pin_for_all":"","_relevanssi_pin_keywords":"","_relevanssi_unpin_keywords":"","_relevanssi_related_keywords":"","_relevanssi_related_include_ids":"","_relevanssi_related_exclude_ids":"","_relevanssi_related_no_append":"","_relevanssi_related_not_related":"","_relevanssi_related_posts":"","_relevanssi_noindex_reason":"","inline_featured_image":false},"pwb-brand":[10039],"product_brand":[],"product_cat":[1157],"product_tag":[11229,11240,11230,11242,11243,11239,11234,11236,11238,11232,11231,11237,11235,11233,11241],"class_list":{"0":"post-33290","1":"product","2":"type-product","3":"status-publish","4":"has-post-thumbnail","6":"pwb-brand-cubescan","7":"product_cat-escaneres-de-vejiga","8":"product_tag-biocon-500-escaner-de-vejiga","9":"product_tag-escaner-de-vejiga-avanzado","10":"product_tag-escaner-de-vejiga-biocon-500","11":"product_tag-escaner-de-vejiga-confiable","12":"product_tag-escaner-de-vejiga-de-alta-precision","13":"product_tag-escaner-de-vejiga-de-mano","14":"product_tag-escaner-de-vejiga-no-invasivo","15":"product_tag-escaner-de-vejiga-para-hospitales","16":"product_tag-escaner-de-vejiga-para-urologia","17":"product_tag-escaner-de-vejiga-por-ultrasonido","18":"product_tag-escaner-de-vejiga-portatil","19":"product_tag-escaner-de-vejiga-preciso","20":"product_tag-escaner-medico-de-vejiga","21":"product_tag-medicion-del-volumen-vesical","22":"product_tag-medicion-rapida-de-la-vejiga","24":"first","25":"instock","26":"shipping-taxable","27":"purchasable","28":"product-type-simple"},"acf":[],"brands":[{"id":10039,"name":"CubeScan","slug":"cubescan"}],"_links":{"self":[{"href":"https:\/\/www.somatechnology.com\/spanish\/wp-json\/wp\/v2\/product\/33290","targetHints":{"allow":["GET"]}}],"collection":[{"href":"https:\/\/www.somatechnology.com\/spanish\/wp-json\/wp\/v2\/product"}],"about":[{"href":"https:\/\/www.somatechnology.com\/spanish\/wp-json\/wp\/v2\/types\/product"}],"wp:featuredmedia":[{"embeddable":true,"href":"https:\/\/www.somatechnology.com\/spanish\/wp-json\/wp\/v2\/media\/33292"}],"wp:attachment":[{"href":"https:\/\/www.somatechnology.com\/spanish\/wp-json\/wp\/v2\/media?parent=33290"}],"wp:term":[{"taxonomy":"pwb-brand","embeddable":true,"href":"https:\/\/www.somatechnology.com\/spanish\/wp-json\/wp\/v2\/pwb-brand?post=33290"},{"taxonomy":"product_brand","embeddable":true,"href":"https:\/\/www.somatechnology.com\/spanish\/wp-json\/wp\/v2\/product_brand?post=33290"},{"taxonomy":"product_cat","embeddable":true,"href":"https:\/\/www.somatechnology.com\/spanish\/wp-json\/wp\/v2\/product_cat?post=33290"},{"taxonomy":"product_tag","embeddable":true,"href":"https:\/\/www.somatechnology.com\/spanish\/wp-json\/wp\/v2\/product_tag?post=33290"}],"curies":[{"name":"wp","href":"https:\/\/api.w.org\/{rel}","templated":true}]}}