{"id":33295,"date":"2026-02-06T12:16:46","date_gmt":"2026-02-06T17:16:46","guid":{"rendered":"https:\/\/www.somatechnology.com\/spanish\/?post_type=product&#038;p=33295"},"modified":"2026-02-06T12:22:29","modified_gmt":"2026-02-06T17:22:29","slug":"stryker-tpx","status":"publish","type":"product","link":"https:\/\/www.somatechnology.com\/spanish\/equipo-medico-usado-remanufacturado\/uncategorized\/stryker-tpx\/","title":{"rendered":"Stryker TPX"},"content":{"rendered":"<p><span style=\"font-size: 24px;\"><b>Caracter\u00edsticas de la herramienta el\u00e9ctrica quir\u00fargica Stryker TPX<\/b><\/span><\/p>\n<p>La <a href=\"https:\/\/www.somatechnology.com\/spanish\/wp-content\/uploads\/sites\/2\/2026\/02\/Stryker-TPX-Surgical-Power-Tools-spa.pdf\">herramienta el\u00e9ctrica quir\u00fargica Stryker TPX<\/a> es un sistema vers\u00e1til, dise\u00f1ado para procedimientos en huesos peque\u00f1os. Compatible con las consolas CORE y CORE 2, el TPX ofrece un rendimiento personalizable mediante el software I.D. Touch, que permite a los cirujanos adaptar la sensibilidad de la herramienta a sus preferencias. Ofrece m\u00faltiples configuraciones, lo que permite a los profesionales de la salud combinar herramientas como taladros, sierras y accionadores. El TPX tiene un interruptor manual mejorado, un recubrimiento de bajo rozamiento y puntos de conexi\u00f3n avanzados para mayor fiabilidad en la sala de operaciones.<\/p>\n<ul>\n<li><strong>Rendimiento personalizable<\/strong>: el software I.D. Touch permite ajustar la sensibilidad y la respuesta de taladros y sierras.<\/li>\n<li><span style=\"box-sizing: border-box; margin: 0px; padding: 0px;\"><strong>Compatibilidad amplia:<\/strong> funciona de forma fluida con los sistemas CORE y CORE 2, lo que asegura flexibilidad en distintos entornos quir\u00fargicos.<\/span><\/li>\n<li><strong>Dise\u00f1o duradero:<\/strong> el recubrimiento de bajo rozamiento resiste la acumulaci\u00f3n de residuos y facilita la limpieza, incluso durante el lavado temporal.<\/li>\n<li><strong>Configuraciones vers\u00e1tiles:<\/strong> incluyen opciones para microtaladros, sierras oscilantes, sierras sagitales, sierras rec\u00edprocas, accionadores de cables y accionadores universales.<\/li>\n<li><strong>Interruptor manual mejorado<\/strong>: presenta un interruptor de acero inoxidable de autoalineaci\u00f3n, con modo de funcionamiento y seguro y confirmaci\u00f3n audible para conexiones fiables.<\/li>\n<li><strong>Ergon\u00f3mico y fiable:<\/strong> la empu\u00f1adura texturizada y los componentes robustos garantizan comodidad y un rendimiento constante durante toda la vida \u00fatil del dispositivo.<\/li>\n<\/ul>\n","protected":false},"excerpt":{"rendered":"<p>La herramienta el\u00e9ctrica quir\u00fargica Stryker TPX es un sistema vers\u00e1til con cable, dise\u00f1ado para satisfacer las necesidades de procedimientos en huesos peque\u00f1os. Compatible tanto con las consolas CORE como con CORE 2, el TPX ofrece un rendimiento personalizable mediante el software I.D.<\/p>\n","protected":false},"featured_media":33296,"template":"","meta":{"_acf_changed":false,"_relevanssi_hide_post":"","_relevanssi_hide_content":"","_relevanssi_pin_for_all":"","_relevanssi_pin_keywords":"","_relevanssi_unpin_keywords":"","_relevanssi_related_keywords":"","_relevanssi_related_include_ids":"","_relevanssi_related_exclude_ids":"","_relevanssi_related_no_append":"","_relevanssi_related_not_related":"","_relevanssi_related_posts":"","_relevanssi_noindex_reason":"","inline_featured_image":false},"pwb-brand":[1079],"product_brand":[],"product_cat":[9449],"product_tag":[11062,10481,11244,10479,10483,11245,178,11248,11247,11246],"class_list":{"0":"post-33295","1":"product","2":"type-product","3":"status-publish","4":"has-post-thumbnail","6":"pwb-brand-equipo-medico-stryker","7":"product_cat-uncategorized","8":"product_tag-herramienta","9":"product_tag-herramienta-electrica","10":"product_tag-herramienta-quirurgica-electrica","11":"product_tag-herramientas","12":"product_tag-herramientas-electricas","13":"product_tag-herramientas-quirurgicas-electricas","14":"product_tag-stryker","15":"product_tag-stryker-tpx","16":"product_tag-t-p-x","17":"product_tag-tpx","19":"first","20":"instock","21":"shipping-taxable","22":"purchasable","23":"product-type-simple"},"acf":[],"brands":[{"id":1079,"name":"Stryker","slug":"equipo-medico-stryker"}],"_links":{"self":[{"href":"https:\/\/www.somatechnology.com\/spanish\/wp-json\/wp\/v2\/product\/33295","targetHints":{"allow":["GET"]}}],"collection":[{"href":"https:\/\/www.somatechnology.com\/spanish\/wp-json\/wp\/v2\/product"}],"about":[{"href":"https:\/\/www.somatechnology.com\/spanish\/wp-json\/wp\/v2\/types\/product"}],"wp:featuredmedia":[{"embeddable":true,"href":"https:\/\/www.somatechnology.com\/spanish\/wp-json\/wp\/v2\/media\/33296"}],"wp:attachment":[{"href":"https:\/\/www.somatechnology.com\/spanish\/wp-json\/wp\/v2\/media?parent=33295"}],"wp:term":[{"taxonomy":"pwb-brand","embeddable":true,"href":"https:\/\/www.somatechnology.com\/spanish\/wp-json\/wp\/v2\/pwb-brand?post=33295"},{"taxonomy":"product_brand","embeddable":true,"href":"https:\/\/www.somatechnology.com\/spanish\/wp-json\/wp\/v2\/product_brand?post=33295"},{"taxonomy":"product_cat","embeddable":true,"href":"https:\/\/www.somatechnology.com\/spanish\/wp-json\/wp\/v2\/product_cat?post=33295"},{"taxonomy":"product_tag","embeddable":true,"href":"https:\/\/www.somatechnology.com\/spanish\/wp-json\/wp\/v2\/product_tag?post=33295"}],"curies":[{"name":"wp","href":"https:\/\/api.w.org\/{rel}","templated":true}]}}