{"id":33299,"date":"2026-02-06T12:44:26","date_gmt":"2026-02-06T17:44:26","guid":{"rendered":"https:\/\/www.somatechnology.com\/spanish\/?post_type=product&#038;p=33299"},"modified":"2026-02-06T13:02:20","modified_gmt":"2026-02-06T18:02:20","slug":"hamilton-c-6","status":"publish","type":"product","link":"https:\/\/www.somatechnology.com\/spanish\/equipo-medico-usado-remanufacturado\/ventiladores\/hamilton-c-6\/","title":{"rendered":"Hamilton C-6"},"content":{"rendered":"<h2 data-start=\"44\" data-end=\"80\"><strong data-start=\"44\" data-end=\"80\">Caracter\u00edsticas del Hamilton C-6<\/strong><\/h2>\n<p>El ventilador <a href=\"https:\/\/www.somatechnology.com\/spanish\/wp-content\/uploads\/sites\/2\/2026\/02\/Hamilton-C6-Specifications-spa.pdf\">Hamilton C-6<\/a> combina tecnolog\u00eda de vanguardia con una facilidad de uso excepcional y est\u00e1 dise\u00f1ado para satisfacer las necesidades de pacientes cr\u00edticamente enfermos en una amplia variedad de entornos cl\u00ednicos. Su dise\u00f1o compacto y sus capacidades de alto rendimiento lo hacen ideal para unidades de cuidados intensivos (UCI), quir\u00f3fanos y entornos de emergencia.\u00a0<span style=\"box-sizing: border-box; margin: 0px; padding: 0px;\">El C-6 ofrece\u00a0modos de ventilaci\u00f3n inteligentes que garantizan un soporte \u00f3ptimo, adaptado a las necesidades individuales de cada paciente.<\/span>\u00a0Sus avanzados sistemas de monitoreo y alarmas proporcionan seguridad y eficiencia a los profesionales de la salud.<\/p>\n<ul>\n<li><strong data-start=\"751\" data-end=\"776\">Modo INTELLiVENT-ASV:<\/strong> Ajusta autom\u00e1ticamente la ventilaci\u00f3n en funci\u00f3n de datos del paciente en tiempo real para optimizar la oxigenaci\u00f3n y la eliminaci\u00f3n de CO\u2082.<\/li>\n<li><strong data-start=\"920\" data-end=\"950\">Dise\u00f1o compacto y liviano:<\/strong> facilita el transporte y el uso en diversos entornos hospitalarios.<\/li>\n<li><strong data-start=\"1021\" data-end=\"1064\">Soplador integrado de alto rendimiento:<\/strong> garantiza un suministro de flujo constante y una concentraci\u00f3n de ox\u00edgeno precisa.<\/li>\n<li><strong data-start=\"1152\" data-end=\"1175\">Monitoreo avanzado:<\/strong> incluye formas de onda, bucles y an\u00e1lisis de tendencias para una evaluaci\u00f3n integral del paciente.<\/li>\n<li><strong data-start=\"1277\" data-end=\"1313\">Configuraciones personalizables:<\/strong> permiten a los profesionales definir ajustes iniciales para una operaci\u00f3n m\u00e1s eficiente.<\/li>\n<li><strong data-start=\"1404\" data-end=\"1434\">Bater\u00eda de larga duraci\u00f3n:<\/strong> permite un funcionamiento ininterrumpido durante el transporte intrahospitalario o en caso de cortes de energ\u00eda.<\/li>\n<li><strong data-start=\"1539\" data-end=\"1582\">Pantalla t\u00e1ctil a color de gran tama\u00f1o:<\/strong> Proporciona una interfaz intuitiva para acceder y modificar configuraciones.<\/li>\n<\/ul>\n","protected":false},"excerpt":{"rendered":"<p>Caracter\u00edsticas del Hamilton C-6 El ventilador Hamilton C-6 combina tecnolog\u00eda de vanguardia con una facilidad de uso excepcional y est\u00e1 dise\u00f1ado para satisfacer las&#8230;<\/p>\n","protected":false},"featured_media":33302,"template":"","meta":{"_acf_changed":false,"_relevanssi_hide_post":"","_relevanssi_hide_content":"","_relevanssi_pin_for_all":"","_relevanssi_pin_keywords":"","_relevanssi_unpin_keywords":"","_relevanssi_related_keywords":"","_relevanssi_related_include_ids":"","_relevanssi_related_exclude_ids":"","_relevanssi_related_no_append":"","_relevanssi_related_not_related":"","_relevanssi_related_posts":"","_relevanssi_noindex_reason":"","inline_featured_image":false},"pwb-brand":[11249],"product_brand":[],"product_cat":[51],"product_tag":[11250,11253,11252,1032,11251,1028],"class_list":{"0":"post-33299","1":"product","2":"type-product","3":"status-publish","4":"has-post-thumbnail","6":"pwb-brand-hamilton-medical","7":"product_cat-ventiladores","8":"product_tag-c-6-c6","9":"product_tag-oxigeno","10":"product_tag-respiradores","11":"product_tag-ventilador","12":"product_tag-ventilador-hamilton-c6","13":"product_tag-ventiladores","15":"first","16":"instock","17":"shipping-taxable","18":"purchasable","19":"product-type-simple"},"acf":[],"brands":[{"id":11249,"name":"Hamilton Medical","slug":"hamilton-medical"}],"_links":{"self":[{"href":"https:\/\/www.somatechnology.com\/spanish\/wp-json\/wp\/v2\/product\/33299","targetHints":{"allow":["GET"]}}],"collection":[{"href":"https:\/\/www.somatechnology.com\/spanish\/wp-json\/wp\/v2\/product"}],"about":[{"href":"https:\/\/www.somatechnology.com\/spanish\/wp-json\/wp\/v2\/types\/product"}],"wp:featuredmedia":[{"embeddable":true,"href":"https:\/\/www.somatechnology.com\/spanish\/wp-json\/wp\/v2\/media\/33302"}],"wp:attachment":[{"href":"https:\/\/www.somatechnology.com\/spanish\/wp-json\/wp\/v2\/media?parent=33299"}],"wp:term":[{"taxonomy":"pwb-brand","embeddable":true,"href":"https:\/\/www.somatechnology.com\/spanish\/wp-json\/wp\/v2\/pwb-brand?post=33299"},{"taxonomy":"product_brand","embeddable":true,"href":"https:\/\/www.somatechnology.com\/spanish\/wp-json\/wp\/v2\/product_brand?post=33299"},{"taxonomy":"product_cat","embeddable":true,"href":"https:\/\/www.somatechnology.com\/spanish\/wp-json\/wp\/v2\/product_cat?post=33299"},{"taxonomy":"product_tag","embeddable":true,"href":"https:\/\/www.somatechnology.com\/spanish\/wp-json\/wp\/v2\/product_tag?post=33299"}],"curies":[{"name":"wp","href":"https:\/\/api.w.org\/{rel}","templated":true}]}}