{"id":33305,"date":"2026-02-06T15:03:38","date_gmt":"2026-02-06T20:03:38","guid":{"rendered":"https:\/\/www.somatechnology.com\/spanish\/?post_type=product&#038;p=33305"},"modified":"2026-02-06T15:03:39","modified_gmt":"2026-02-06T20:03:39","slug":"hamilton-c-3","status":"publish","type":"product","link":"https:\/\/www.somatechnology.com\/spanish\/equipo-medico-usado-remanufacturado\/uncategorized\/hamilton-c-3\/","title":{"rendered":"Hamilton C-3"},"content":{"rendered":"<h2 data-start=\"44\" data-end=\"83\"><strong data-start=\"47\" data-end=\"83\">Caracter\u00edsticas del Hamilton C-3<\/strong><\/h2>\n<p data-start=\"85\" data-end=\"671\">El <strong data-start=\"88\" data-end=\"104\">Hamilton C-3<\/strong> es un ventilador <strong data-start=\"122\" data-end=\"145\">vers\u00e1til y compacto<\/strong>, dise\u00f1ado para proporcionar una atenci\u00f3n respiratoria excepcional en una amplia gama de necesidades del paciente. Al combinar <strong data-start=\"272\" data-end=\"295\">tecnolog\u00eda avanzada<\/strong> con <strong data-start=\"300\" data-end=\"320\">facilidad de uso<\/strong>, ofrece ventilaci\u00f3n precisa en entornos de <strong data-start=\"364\" data-end=\"385\">cuidados cr\u00edticos<\/strong>. Su dise\u00f1o liviano y su movilidad lo convierten en una excelente opci\u00f3n para centros de salud que requieren <strong data-start=\"494\" data-end=\"529\">flexibilidad y alto rendimiento<\/strong>. El Hamilton C-3 garantiza la <strong data-start=\"560\" data-end=\"586\">seguridad del paciente<\/strong> mediante algoritmos inteligentes y su adaptabilidad a distintos escenarios cl\u00ednicos.<\/p>\n<p data-start=\"673\" data-end=\"1556\"><strong data-start=\"673\" data-end=\"708\">Modo de ventilaci\u00f3n adaptativa:<\/strong> Ajusta autom\u00e1ticamente los par\u00e1metros de ventilaci\u00f3n seg\u00fan las necesidades del paciente, reduciendo la carga de trabajo del personal cl\u00ednico.<br data-start=\"850\" data-end=\"853\" \/><strong data-start=\"853\" data-end=\"873\">Dise\u00f1o compacto:<\/strong> Liviano y port\u00e1til, permite su uso en m\u00faltiples \u00e1reas del hospital.<br data-start=\"941\" data-end=\"944\" \/><strong data-start=\"944\" data-end=\"973\">Humidificaci\u00f3n integrada:<\/strong> Garantiza un confort \u00f3ptimo del paciente al mantener condiciones adecuadas de las v\u00edas respiratorias.<br data-start=\"1075\" data-end=\"1078\" \/><strong data-start=\"1078\" data-end=\"1110\">Pantalla de alta resoluci\u00f3n:<\/strong> Ofrece una visualizaci\u00f3n clara de los par\u00e1metros vitales y las formas de onda.<br data-start=\"1189\" data-end=\"1192\" \/><strong data-start=\"1192\" data-end=\"1216\">Bater\u00eda de respaldo:<\/strong> Proporciona funcionamiento ininterrumpido durante cortes de energ\u00eda o el transporte del paciente.<br data-start=\"1314\" data-end=\"1317\" \/><strong data-start=\"1317\" data-end=\"1349\">Sistema avanzado de alarmas:<\/strong> Notifica al personal de salud sobre cambios cr\u00edticos en el estado del paciente.<br data-start=\"1429\" data-end=\"1432\" \/><strong data-start=\"1432\" data-end=\"1461\">Perfiles personalizables:<\/strong> Permiten una configuraci\u00f3n r\u00e1pida para distintos tipos de pacientes y requerimientos cl\u00ednicos.<\/p>\n","protected":false},"excerpt":{"rendered":"<p>Caracter\u00edsticas del Hamilton C-3 El Hamilton C-3 es un ventilador vers\u00e1til y compacto, dise\u00f1ado para proporcionar una atenci\u00f3n respiratoria excepcional en una amplia gama&#8230;<\/p>\n","protected":false},"featured_media":33308,"template":"","meta":{"_acf_changed":false,"_relevanssi_hide_post":"","_relevanssi_hide_content":"","_relevanssi_pin_for_all":"","_relevanssi_pin_keywords":"","_relevanssi_unpin_keywords":"","_relevanssi_related_keywords":"","_relevanssi_related_include_ids":"","_relevanssi_related_exclude_ids":"","_relevanssi_related_no_append":"","_relevanssi_related_not_related":"","_relevanssi_related_posts":"","_relevanssi_noindex_reason":"","inline_featured_image":false},"pwb-brand":[11249],"product_brand":[],"product_cat":[9449],"product_tag":[],"class_list":{"0":"post-33305","1":"product","2":"type-product","3":"status-publish","4":"has-post-thumbnail","6":"pwb-brand-hamilton-medical","7":"product_cat-uncategorized","9":"first","10":"instock","11":"shipping-taxable","12":"purchasable","13":"product-type-simple"},"acf":[],"brands":[{"id":11249,"name":"Hamilton Medical","slug":"hamilton-medical"}],"_links":{"self":[{"href":"https:\/\/www.somatechnology.com\/spanish\/wp-json\/wp\/v2\/product\/33305","targetHints":{"allow":["GET"]}}],"collection":[{"href":"https:\/\/www.somatechnology.com\/spanish\/wp-json\/wp\/v2\/product"}],"about":[{"href":"https:\/\/www.somatechnology.com\/spanish\/wp-json\/wp\/v2\/types\/product"}],"wp:featuredmedia":[{"embeddable":true,"href":"https:\/\/www.somatechnology.com\/spanish\/wp-json\/wp\/v2\/media\/33308"}],"wp:attachment":[{"href":"https:\/\/www.somatechnology.com\/spanish\/wp-json\/wp\/v2\/media?parent=33305"}],"wp:term":[{"taxonomy":"pwb-brand","embeddable":true,"href":"https:\/\/www.somatechnology.com\/spanish\/wp-json\/wp\/v2\/pwb-brand?post=33305"},{"taxonomy":"product_brand","embeddable":true,"href":"https:\/\/www.somatechnology.com\/spanish\/wp-json\/wp\/v2\/product_brand?post=33305"},{"taxonomy":"product_cat","embeddable":true,"href":"https:\/\/www.somatechnology.com\/spanish\/wp-json\/wp\/v2\/product_cat?post=33305"},{"taxonomy":"product_tag","embeddable":true,"href":"https:\/\/www.somatechnology.com\/spanish\/wp-json\/wp\/v2\/product_tag?post=33305"}],"curies":[{"name":"wp","href":"https:\/\/api.w.org\/{rel}","templated":true}]}}