{"id":33430,"date":"2026-03-13T16:50:19","date_gmt":"2026-03-13T20:50:19","guid":{"rendered":"https:\/\/www.somatechnology.com\/spanish\/?post_type=product&#038;p=33430"},"modified":"2026-03-13T17:01:10","modified_gmt":"2026-03-13T21:01:10","slug":"hamilton-c-1","status":"publish","type":"product","link":"https:\/\/www.somatechnology.com\/spanish\/equipo-medico-usado-remanufacturado\/ventiladores\/hamilton-c-1\/","title":{"rendered":"Hamilton C-1"},"content":{"rendered":"<h2>Caracter\u00edsticas del Hamilton C-1<\/h2>\n<p>El ventilador <a href=\"https:\/\/www.somatechnology.com\/spanish\/wp-content\/uploads\/sites\/2\/2026\/03\/Hamilton-C1-Specifications-spa.pdf\">Hamilton C-1<\/a> es un ventilador compacto, vers\u00e1til y de alto rendimiento dise\u00f1ado para aplicaciones invasivas y no invasivas. Este ventilador ofrece funcionalidades avanzadas en un formato peque\u00f1o, lo que lo hace ideal para unidades de cuidados intensivos, transporte de emergencia y aplicaciones m\u00f3viles. Su interfaz f\u00e1cil de usar garantiza una operaci\u00f3n sencilla mientras mantiene la precisi\u00f3n y la confiabilidad, ayudando a los profesionales m\u00e9dicos a proporcionar una atenci\u00f3n \u00f3ptima a los pacientes. El Hamilton C-1 est\u00e1 dise\u00f1ado para ofrecer un rendimiento sobresaliente y adaptabilidad en una amplia gama de entornos de pacientes.<\/p>\n<ul>\n<li>Modos de ventilaci\u00f3n adaptativos: ofrecen varios modos, tanto invasivos como no invasivos, para adaptarse a las diversas necesidades de los pacientes.<\/li>\n<li>Dise\u00f1o compacto: ligero y port\u00e1til para uso en UCI o en entornos de transporte.<\/li>\n<li>Bater\u00eda integrada de respaldo: garantiza el funcionamiento ininterrumpido durante el transporte o cortes de energ\u00eda.<\/li>\n<li>Interfaz f\u00e1cil de usar: controles simplificados y una pantalla t\u00e1ctil de alta resoluci\u00f3n para una operaci\u00f3n intuitiva.<\/li>\n<li>Terapia de ox\u00edgeno de alto flujo: compatible con la HFOT para mejorar los resultados del paciente en terapia respiratoria.<\/li>\n<li>Monitoreo avanzado: incluye monitoreo respiratorio integral para retroalimentaci\u00f3n y an\u00e1lisis en tiempo real.<\/li>\n<li>Construcci\u00f3n duradera: dise\u00f1ado para uso a largo plazo en entornos cl\u00ednicos exigentes.<\/li>\n<\/ul>\n","protected":false},"excerpt":{"rendered":"<p>Caracter\u00edsticas del Hamilton C-1 El ventilador Hamilton C-1 es un ventilador compacto, vers\u00e1til y de alto rendimiento dise\u00f1ado para aplicaciones invasivas y no invasivas&#8230;.<\/p>\n","protected":false},"featured_media":33433,"template":"","meta":{"_acf_changed":false,"_relevanssi_hide_post":"","_relevanssi_hide_content":"","_relevanssi_pin_for_all":"","_relevanssi_pin_keywords":"","_relevanssi_unpin_keywords":"","_relevanssi_related_keywords":"","_relevanssi_related_include_ids":"","_relevanssi_related_exclude_ids":"","_relevanssi_related_no_append":"","_relevanssi_related_not_related":"","_relevanssi_related_posts":"","_relevanssi_noindex_reason":"","inline_featured_image":false},"pwb-brand":[11249],"product_brand":[],"product_cat":[51],"product_tag":[11257,11259,11256,11258,11254,11255],"class_list":{"0":"post-33430","1":"product","2":"type-product","3":"status-publish","4":"has-post-thumbnail","6":"pwb-brand-hamilton-medical","7":"product_cat-ventiladores","8":"product_tag-inbp","9":"product_tag-oxigeno-de-alto-flujo","10":"product_tag-uci-portatil","11":"product_tag-ventilador-no-invasivo","12":"product_tag-ventiladores-hamilton-c-1","13":"product_tag-ventiladores-hamilton-c1","15":"first","16":"instock","17":"shipping-taxable","18":"purchasable","19":"product-type-simple"},"acf":[],"brands":[{"id":11249,"name":"Hamilton Medical","slug":"hamilton-medical"}],"_links":{"self":[{"href":"https:\/\/www.somatechnology.com\/spanish\/wp-json\/wp\/v2\/product\/33430","targetHints":{"allow":["GET"]}}],"collection":[{"href":"https:\/\/www.somatechnology.com\/spanish\/wp-json\/wp\/v2\/product"}],"about":[{"href":"https:\/\/www.somatechnology.com\/spanish\/wp-json\/wp\/v2\/types\/product"}],"wp:featuredmedia":[{"embeddable":true,"href":"https:\/\/www.somatechnology.com\/spanish\/wp-json\/wp\/v2\/media\/33433"}],"wp:attachment":[{"href":"https:\/\/www.somatechnology.com\/spanish\/wp-json\/wp\/v2\/media?parent=33430"}],"wp:term":[{"taxonomy":"pwb-brand","embeddable":true,"href":"https:\/\/www.somatechnology.com\/spanish\/wp-json\/wp\/v2\/pwb-brand?post=33430"},{"taxonomy":"product_brand","embeddable":true,"href":"https:\/\/www.somatechnology.com\/spanish\/wp-json\/wp\/v2\/product_brand?post=33430"},{"taxonomy":"product_cat","embeddable":true,"href":"https:\/\/www.somatechnology.com\/spanish\/wp-json\/wp\/v2\/product_cat?post=33430"},{"taxonomy":"product_tag","embeddable":true,"href":"https:\/\/www.somatechnology.com\/spanish\/wp-json\/wp\/v2\/product_tag?post=33430"}],"curies":[{"name":"wp","href":"https:\/\/api.w.org\/{rel}","templated":true}]}}