{"id":33578,"date":"2026-04-06T17:02:29","date_gmt":"2026-04-06T21:02:29","guid":{"rendered":"https:\/\/www.somatechnology.com\/spanish\/?post_type=product&#038;p=33578"},"modified":"2026-04-08T12:16:01","modified_gmt":"2026-04-08T16:16:01","slug":"hamilton-mr1","status":"publish","type":"product","link":"https:\/\/www.somatechnology.com\/spanish\/equipo-medico-usado-remanufacturado\/ventiladores\/hamilton-mr1\/","title":{"rendered":"Hamilton-MR1"},"content":{"rendered":"<h2 data-start=\"0\" data-end=\"36\"><strong data-start=\"0\" data-end=\"36\">Caracter\u00edsticas del Hamilton-MR1<\/strong><\/h2>\n<p data-start=\"38\" data-end=\"487\">El ventilador <a href=\"https:\/\/www.somatechnology.com\/spanish\/wp-content\/uploads\/sites\/2\/2026\/04\/Hamilton-Medical-HAMILTON-MR1-Ventilator-spa.pdf\">Hamilton-MR1 para MRI<\/a> proporciona soporte de presi\u00f3n positiva para pacientes adultos y pedi\u00e1tricos. Este ventilador de Hamilton Medical puede utilizarse en un departamento de resonancia magn\u00e9tica (MRI) y es adecuado para el transporte de pacientes dentro de una instalaci\u00f3n m\u00e9dica. Es un ventilador de UCI completamente funcional controlado electr\u00f3nicamente. El ventilador MR1 puede utilizarse en un campo magn\u00e9tico de hasta 50 mT.<\/p>\n<ul>\n<li data-start=\"491\" data-end=\"565\">Compatible con ventilaci\u00f3n para adultos, pedi\u00e1trica y opcional neonatal.<\/li>\n<li data-start=\"568\" data-end=\"681\">Turbina de alto rendimiento que permite que el ventilador funcione de manera independiente del aire comprimido.<\/li>\n<li data-start=\"684\" data-end=\"754\">Compensaci\u00f3n de fugas para ventilaci\u00f3n no invasiva (NIV) e invasiva.<\/li>\n<li>Hasta 9 horas de funcionamiento con bater\u00eda.<\/li>\n<\/ul>\n","protected":false},"excerpt":{"rendered":"<p>Caracter\u00edsticas del Hamilton-MR1 El ventilador Hamilton-MR1 para MRI proporciona soporte de presi\u00f3n positiva para pacientes adultos y pedi\u00e1tricos. Este ventilador de Hamilton Medical puede&#8230;<\/p>\n","protected":false},"featured_media":33582,"template":"","meta":{"_acf_changed":false,"_relevanssi_hide_post":"","_relevanssi_hide_content":"","_relevanssi_pin_for_all":"","_relevanssi_pin_keywords":"","_relevanssi_unpin_keywords":"","_relevanssi_related_keywords":"","_relevanssi_related_include_ids":"","_relevanssi_related_exclude_ids":"","_relevanssi_related_no_append":"","_relevanssi_related_not_related":"","_relevanssi_related_posts":"","_relevanssi_noindex_reason":"","inline_featured_image":false},"pwb-brand":[11249],"product_brand":[],"product_cat":[51],"product_tag":[11265,11268,11267,11266,1032,11269,11270,11272,1028,11271,11273],"class_list":{"0":"post-33578","1":"product","2":"type-product","3":"status-publish","4":"has-post-thumbnail","6":"pwb-brand-hamilton-medical","7":"product_cat-ventiladores","8":"product_tag-hamilton","9":"product_tag-hamilton-medical","10":"product_tag-hamilton-mr1","11":"product_tag-mr1","12":"product_tag-ventilador","13":"product_tag-ventilador-hamilton","14":"product_tag-ventilador-hamilton-mr1","15":"product_tag-ventilador-para-resonancia-magnetica","16":"product_tag-ventiladores","17":"product_tag-ventiladores-hamilton-mr1","18":"product_tag-ventiladores-para-resonancia-magnetica","20":"first","21":"instock","22":"shipping-taxable","23":"purchasable","24":"product-type-simple"},"acf":[],"brands":[{"id":11249,"name":"Hamilton Medical","slug":"hamilton-medical"}],"_links":{"self":[{"href":"https:\/\/www.somatechnology.com\/spanish\/wp-json\/wp\/v2\/product\/33578","targetHints":{"allow":["GET"]}}],"collection":[{"href":"https:\/\/www.somatechnology.com\/spanish\/wp-json\/wp\/v2\/product"}],"about":[{"href":"https:\/\/www.somatechnology.com\/spanish\/wp-json\/wp\/v2\/types\/product"}],"wp:featuredmedia":[{"embeddable":true,"href":"https:\/\/www.somatechnology.com\/spanish\/wp-json\/wp\/v2\/media\/33582"}],"wp:attachment":[{"href":"https:\/\/www.somatechnology.com\/spanish\/wp-json\/wp\/v2\/media?parent=33578"}],"wp:term":[{"taxonomy":"pwb-brand","embeddable":true,"href":"https:\/\/www.somatechnology.com\/spanish\/wp-json\/wp\/v2\/pwb-brand?post=33578"},{"taxonomy":"product_brand","embeddable":true,"href":"https:\/\/www.somatechnology.com\/spanish\/wp-json\/wp\/v2\/product_brand?post=33578"},{"taxonomy":"product_cat","embeddable":true,"href":"https:\/\/www.somatechnology.com\/spanish\/wp-json\/wp\/v2\/product_cat?post=33578"},{"taxonomy":"product_tag","embeddable":true,"href":"https:\/\/www.somatechnology.com\/spanish\/wp-json\/wp\/v2\/product_tag?post=33578"}],"curies":[{"name":"wp","href":"https:\/\/api.w.org\/{rel}","templated":true}]}}