{"id":33609,"date":"2026-04-10T15:11:39","date_gmt":"2026-04-10T19:11:39","guid":{"rendered":"https:\/\/www.somatechnology.com\/spanish\/?post_type=product&#038;p=33609"},"modified":"2026-04-10T15:11:41","modified_gmt":"2026-04-10T19:11:41","slug":"steris-v-pro-60","status":"publish","type":"product","link":"https:\/\/www.somatechnology.com\/spanish\/equipo-medico-usado-remanufacturado\/autoclaves-esterilizadores\/steris-v-pro-60\/","title":{"rendered":"Steris V-PRO 60"},"content":{"rendered":"<h2>Caracter\u00edsticas del Steris V-PRO 60<\/h2>\n<p class=\"p1\">El esterilizador de baja temperatura Steris V-PRO 60 est\u00e1 dise\u00f1ado para garantizar una esterilizaci\u00f3n fiable de dispositivos m\u00e9dicos sensibles al calor y la humedad. Utilizando la tecnolog\u00eda de per\u00f3xido de hidr\u00f3geno vaporizado (VHP), el V-PRO 60 asegura una esterilizaci\u00f3n eficaz y es compatible con una amplia variedad de materiales. Este sistema compacto incluye tres ciclos predefinidos \u2014Lumen, No Lumen y Flexible\u2014 para cubrir diferentes necesidades de esterilizaci\u00f3n. Sus procesos automatizados, funciones de seguridad y tiempos de ciclo cortos lo convierten en una opci\u00f3n eficiente para los centros de salud modernos.<\/p>\n<ul>\n<li class=\"p1\"><span style=\"box-sizing: border-box; margin: 0px; padding: 0px;\"><strong>Esterilizaci\u00f3n a<\/strong> baja temperatura: opera a baja presi\u00f3n y temperatura; ideal para dispositivos sensibles al calor y a la humedad.<\/span><\/li>\n<li class=\"p1\"><span style=\"box-sizing: border-box; margin: 0px; padding: 0px;\"><strong>Tecnolog\u00eda VHP:<\/strong> Utiliza el esterilizador VAPROX HC para producir vapor de per\u00f3xido de hidr\u00f3geno con el fin de lograr una esterilizaci\u00f3n exhaustiva.<\/span><\/li>\n<li class=\"p1\"><span style=\"box-sizing: border-box; margin: 0px; padding: 0px;\"><strong>Tres ciclos preprogramados: Ciclo<\/strong> Lumen: para dispositivos con espacios de difusi\u00f3n restringidos; Ciclo flexible: para endoscopios o broncoscopios flexibles; Ciclo sin lumen: para dispositivos r\u00edgidos, semirr\u00edgidos o flexibles sin lumen.<\/span><\/li>\n<li class=\"p1\"><span style=\"box-sizing: border-box; margin: 0px; padding: 0px;\"><strong>Procesos<\/strong> automatizados: ciclo de esterilizaci\u00f3n completamente automatizado, con fases de condici\u00f3n, esterilizaci\u00f3n y aireaci\u00f3n, para mayor precisi\u00f3n y confiabilidad.<\/span><\/li>\n<li class=\"p1\"><span style=\"box-sizing: border-box; margin: 0px; padding: 0px;\"><strong>Dise\u00f1o compacto: dispon<\/strong>ible en configuraciones de mostrador de una sola puerta o montadas en carrito, para adaptarse a diferentes distribuciones de instalaci\u00f3n.<\/span><\/li>\n<\/ul>\n","protected":false},"excerpt":{"rendered":"<p>El esterilizador de baja temperatura Steris V-PRO 60 est\u00e1 dise\u00f1ado para proporcionar una esterilizaci\u00f3n fiable de dispositivos m\u00e9dicos sensibles al calor y la humedad. Gracias a la tecnolog\u00eda de per\u00f3xido de hidr\u00f3geno vaporizado (VHP), el V-PRO 60 garantiza una esterilizaci\u00f3n eficaz y, al mismo tiempo, es compatible con una amplia gama de materiales. Este sistema compacto ofrece tres ciclos preprogramados \u2014Lumen, No Lumen y Flexible\u2014 para satisfacer diversas necesidades de esterilizaci\u00f3n. Sus procesos automatizados, funciones de seguridad y tiempos de ciclo r\u00e1pidos lo convierten en una opci\u00f3n eficiente para los centros sanitarios modernos.<\/p>\n","protected":false},"featured_media":33619,"template":"","meta":{"_acf_changed":false,"_relevanssi_hide_post":"","_relevanssi_hide_content":"","_relevanssi_pin_for_all":"","_relevanssi_pin_keywords":"","_relevanssi_unpin_keywords":"","_relevanssi_related_keywords":"","_relevanssi_related_include_ids":"","_relevanssi_related_exclude_ids":"","_relevanssi_related_no_append":"","_relevanssi_related_not_related":"","_relevanssi_related_posts":"","_relevanssi_noindex_reason":"","inline_featured_image":false},"pwb-brand":[1149],"product_brand":[],"product_cat":[61],"product_tag":[11282,11285,6749,11286,10671,2384,11287,10672,10669,543,11283,10675,11281,11284],"class_list":{"0":"post-33609","1":"product","2":"type-product","3":"status-publish","4":"has-post-thumbnail","6":"pwb-brand-equipo-medico-steris","7":"product_cat-autoclaves-esterilizadores","8":"product_tag-11282","9":"product_tag-esterilizacion","10":"product_tag-esterilizador","11":"product_tag-esterilizador-de-baja-temperatura","12":"product_tag-esterilizador-steris","13":"product_tag-esterilizadores","14":"product_tag-esterilizadores-de-baja-temperatura","15":"product_tag-esterilizadores-steris","16":"product_tag-sistema-de-esterilizacion","17":"product_tag-steris","18":"product_tag-v-pro-60","19":"product_tag-v-pro","20":"product_tag-vpro","21":"product_tag-vpro-60","23":"first","24":"instock","25":"shipping-taxable","26":"purchasable","27":"product-type-simple"},"acf":[],"brands":[{"id":1149,"name":"Steris","slug":"equipo-medico-steris"}],"_links":{"self":[{"href":"https:\/\/www.somatechnology.com\/spanish\/wp-json\/wp\/v2\/product\/33609","targetHints":{"allow":["GET"]}}],"collection":[{"href":"https:\/\/www.somatechnology.com\/spanish\/wp-json\/wp\/v2\/product"}],"about":[{"href":"https:\/\/www.somatechnology.com\/spanish\/wp-json\/wp\/v2\/types\/product"}],"wp:featuredmedia":[{"embeddable":true,"href":"https:\/\/www.somatechnology.com\/spanish\/wp-json\/wp\/v2\/media\/33619"}],"wp:attachment":[{"href":"https:\/\/www.somatechnology.com\/spanish\/wp-json\/wp\/v2\/media?parent=33609"}],"wp:term":[{"taxonomy":"pwb-brand","embeddable":true,"href":"https:\/\/www.somatechnology.com\/spanish\/wp-json\/wp\/v2\/pwb-brand?post=33609"},{"taxonomy":"product_brand","embeddable":true,"href":"https:\/\/www.somatechnology.com\/spanish\/wp-json\/wp\/v2\/product_brand?post=33609"},{"taxonomy":"product_cat","embeddable":true,"href":"https:\/\/www.somatechnology.com\/spanish\/wp-json\/wp\/v2\/product_cat?post=33609"},{"taxonomy":"product_tag","embeddable":true,"href":"https:\/\/www.somatechnology.com\/spanish\/wp-json\/wp\/v2\/product_tag?post=33609"}],"curies":[{"name":"wp","href":"https:\/\/api.w.org\/{rel}","templated":true}]}}