{"id":33715,"date":"2026-04-29T16:04:34","date_gmt":"2026-04-29T20:04:34","guid":{"rendered":"https:\/\/www.somatechnology.com\/spanish\/?post_type=product&#038;p=33715"},"modified":"2026-04-29T16:17:25","modified_gmt":"2026-04-29T20:17:25","slug":"ge-logiq-e10","status":"publish","type":"product","link":"https:\/\/www.somatechnology.com\/spanish\/equipo-medico-usado-remanufacturado\/imagenologia-radiologia\/ultrasonidos\/ge-logiq-e10\/","title":{"rendered":"GE Logiq E10"},"content":{"rendered":"<h2>Caracter\u00edsticas del GE Logiq E10<\/h2>\n<p>El <a href=\"https:\/\/www.somatechnology.com\/spanish\/wp-content\/uploads\/sites\/2\/2026\/04\/GE-Logiq-E10-Specifications-spa.pdf\">GE Logiq E10<\/a> es un sistema de imagenolog\u00eda por ultrasonido de \u00faltima generaci\u00f3n que ofrece una precisi\u00f3n diagn\u00f3stica excepcional en diversas aplicaciones cl\u00ednicas. Su avanzada arquitectura cSound garantiza im\u00e1genes precisas y consistentes, mientras que su dise\u00f1o innovador mejora la eficiencia en el flujo de trabajo del personal de salud. Ideal para im\u00e1genes abdominales, vasculares, obst\u00e9tricas, ginecol\u00f3gicas, pedi\u00e1tricas y card\u00edacas, el Logiq E10 ofrece un rendimiento confiable y una calidad de imagen inigualable.<\/p>\n<ul>\n<li><span style=\"box-sizing: border-box; margin: 0px; padding: 0px;\"><strong>Tecnolog\u00eda de imagenolog\u00eda con sonido<\/strong>: Ofrece procesamiento de datos en tiempo real con 11.750.000 canales para una claridad de imagen superior.<\/span><\/li>\n<li><strong>Pantalla OLED de 22 pulgadas<\/strong>: monitor de alta resoluci\u00f3n con protecci\u00f3n antirreflejo y amplios \u00e1ngulos de visi\u00f3n para una visualizaci\u00f3n \u00f3ptima.<\/li>\n<li><strong>Amplia aplicaci\u00f3n cl\u00ednica<\/strong>: Soporta im\u00e1genes abdominales, obst\u00e9tricas\/ginecol\u00f3gicas, vasculares, de partes peque\u00f1as y pedi\u00e1tricas.<\/li>\n<li><strong>Im\u00e1genes avanzadas en 4D: <\/strong>Im\u00e1genes volum\u00e9tricas en tiempo real para capacidades diagn\u00f3sticas mejoradas.<\/li>\n<li><span style=\"box-sizing: border-box; margin: 0px; padding: 0px;\"><strong>Reducci\u00f3n de ruido en im\u00e1genes (SRI-HD)<\/strong>: Mejora la calidad de la imagen al reducir el ruido, lo que permite una detecci\u00f3n m\u00e1s precisa de lesiones.<\/span><\/li>\n<li><strong>Optimizaci\u00f3n autom\u00e1tica<\/strong>: Ajusta autom\u00e1ticamente los par\u00e1metros de imagen para obtener resultados consistentes y optimizados.<\/li>\n<li><strong>Conectividad integrada<\/strong>: Incluye puertos HDMI, USB y Ethernet para compartir y almacenar datos de forma sencilla.<\/li>\n<\/ul>\n","protected":false},"excerpt":{"rendered":"<p>El GE Logiq E10 es un sistema de ultrasonido de \u00faltima generaci\u00f3n que ofrece una precisi\u00f3n diagn\u00f3stica excepcional en diversas aplicaciones cl\u00ednicas. Su avanzada arquitectura cSound garantiza im\u00e1genes precisas y consistentes, mientras que su dise\u00f1o innovador optimiza el flujo de trabajo de los profesionales sanitarios. Ideal para im\u00e1genes abdominales, vasculares, obst\u00e9tricas, ginecol\u00f3gicas, pedi\u00e1tricas y card\u00edacas, el Logiq E10 ofrece un rendimiento fiable y una calidad de imagen inigualable.<\/p>\n","protected":false},"featured_media":33716,"template":"","meta":{"_acf_changed":false,"_relevanssi_hide_post":"","_relevanssi_hide_content":"","_relevanssi_pin_for_all":"","_relevanssi_pin_keywords":"","_relevanssi_unpin_keywords":"","_relevanssi_related_keywords":"","_relevanssi_related_include_ids":"","_relevanssi_related_exclude_ids":"","_relevanssi_related_no_append":"","_relevanssi_related_not_related":"","_relevanssi_related_posts":"","_relevanssi_noindex_reason":"","inline_featured_image":false},"pwb-brand":[1100],"product_brand":[],"product_cat":[91],"product_tag":[11315,11318,11316,11311,11309,11310,11319,11317,11312,11314,11313,10381,11308,3039],"class_list":{"0":"post-33715","1":"product","2":"type-product","3":"status-publish","4":"has-post-thumbnail","6":"pwb-brand-equipo-medico-ge","7":"product_cat-ultrasonidos","8":"product_tag-b-flow","9":"product_tag-bflow","10":"product_tag-bmode","11":"product_tag-diagnostico","12":"product_tag-imagen-3d","13":"product_tag-imagen-4d","14":"product_tag-logicview","15":"product_tag-mmode","16":"product_tag-modo-b","17":"product_tag-modo-de-flujo-de-color","18":"product_tag-modo-m","19":"product_tag-sistemas-de-ultrasonido","20":"product_tag-ultrasonidos-ge-logiq","21":"product_tag-vista","23":"first","24":"instock","25":"shipping-taxable","26":"purchasable","27":"product-type-simple"},"acf":[],"brands":[{"id":1100,"name":"GE","slug":"equipo-medico-ge"}],"_links":{"self":[{"href":"https:\/\/www.somatechnology.com\/spanish\/wp-json\/wp\/v2\/product\/33715","targetHints":{"allow":["GET"]}}],"collection":[{"href":"https:\/\/www.somatechnology.com\/spanish\/wp-json\/wp\/v2\/product"}],"about":[{"href":"https:\/\/www.somatechnology.com\/spanish\/wp-json\/wp\/v2\/types\/product"}],"wp:featuredmedia":[{"embeddable":true,"href":"https:\/\/www.somatechnology.com\/spanish\/wp-json\/wp\/v2\/media\/33716"}],"wp:attachment":[{"href":"https:\/\/www.somatechnology.com\/spanish\/wp-json\/wp\/v2\/media?parent=33715"}],"wp:term":[{"taxonomy":"pwb-brand","embeddable":true,"href":"https:\/\/www.somatechnology.com\/spanish\/wp-json\/wp\/v2\/pwb-brand?post=33715"},{"taxonomy":"product_brand","embeddable":true,"href":"https:\/\/www.somatechnology.com\/spanish\/wp-json\/wp\/v2\/product_brand?post=33715"},{"taxonomy":"product_cat","embeddable":true,"href":"https:\/\/www.somatechnology.com\/spanish\/wp-json\/wp\/v2\/product_cat?post=33715"},{"taxonomy":"product_tag","embeddable":true,"href":"https:\/\/www.somatechnology.com\/spanish\/wp-json\/wp\/v2\/product_tag?post=33715"}],"curies":[{"name":"wp","href":"https:\/\/api.w.org\/{rel}","templated":true}]}}