{"id":33719,"date":"2026-04-29T16:52:36","date_gmt":"2026-04-29T20:52:36","guid":{"rendered":"https:\/\/www.somatechnology.com\/spanish\/?post_type=product&#038;p=33719"},"modified":"2026-04-29T17:05:58","modified_gmt":"2026-04-29T21:05:58","slug":"zeiss-sl-130","status":"publish","type":"product","link":"https:\/\/www.somatechnology.com\/spanish\/equipo-medico-usado-remanufacturado\/miscelaneos\/zeiss-sl-130\/","title":{"rendered":"Zeiss SL 130"},"content":{"rendered":"<h2>Caracter\u00edsticas de la Zeiss SL 130<\/h2>\n<p>La l\u00e1mpara de hendidura Zeiss SL 130 est\u00e1 dise\u00f1ada para una amplia gama de procedimientos oftalmol\u00f3gicos, ofreciendo una calidad \u00f3ptica excepcional y una ingenier\u00eda de precisi\u00f3n. Ofrece im\u00e1genes de alta resoluci\u00f3n, un funcionamiento intuitivo y una ergonom\u00eda avanzada, lo que lo convierte en la opci\u00f3n ideal tanto para diagn\u00f3sticos como para terapias l\u00e1ser. Con la posibilidad de a\u00f1adir m\u00f3dulos y accesorios, la SL 130 ofrece una funcionalidad mejorada para satisfacer las necesidades de la pr\u00e1ctica oftalmol\u00f3gica moderna.<\/p>\n<ul>\n<li><span style=\"box-sizing: border-box; margin: 0px; padding: 0px;\"><strong>\u00d3ptica de alta calidad:<\/strong> im\u00e1genes n\u00edtidas y de alta resoluci\u00f3n, con un amplio campo de visi\u00f3n y una iluminaci\u00f3n adecuada para una observaci\u00f3n completa.<\/span><\/li>\n<li><strong>Versatilidad de aumento:<\/strong> ofrece 5 niveles de aumento (5x, 8x, 12x, 20x, 32x) con oculares de 10x, o aumentos superiores con oculares opcionales de 12,5x.<\/li>\n<li><strong>Filtros avanzados:<\/strong> filtros integrados azules, verdes (sin rojo) y grises con pantallas difusoras y reflectantes del calor para una mejor visualizaci\u00f3n. Cabezal prism\u00e1tico inclinable: Reduce los reflejos durante ex\u00e1menes con lentes de contacto y otros procedimientos.<\/li>\n<li><span style=\"box-sizing: border-box; margin: 0px; padding: 0px;\"><strong>Dise\u00f1o ergon\u00f3mico:<\/strong> el tubo ACCENTO permite adoptar posturas de trabajo c\u00f3modas y reduce la tensi\u00f3n en el cuello y la espalda.<\/span><\/li>\n<li><strong>Soporte l\u00e1ser opcional:<\/strong> compatible con ZEISS VISULINK 532\/U para su uso con los l\u00e1seres de coagulaci\u00f3n VISULAS 532s.<\/li>\n<li><strong>M\u00f3dulo de imagen integrado:<\/strong> el m\u00f3dulo de imagen SL permite documentar im\u00e1genes y videos de alta resoluci\u00f3n para hallazgos cl\u00ednicos y consultas con pacientes.<\/li>\n<li><strong>Ajustes precisos<\/strong>: controles intuitivos para el ancho, la longitud y la rotaci\u00f3n de la hendidura, con un movimiento suave para un posicionamiento preciso.<\/li>\n<\/ul>\n","protected":false},"excerpt":{"rendered":"<p>SL 130 dise\u00f1ada para una amplia gama de procedimientos oftalmol\u00f3gicos, ofreciendo una calidad \u00f3ptica excepcional y una ingenier\u00eda de precisi\u00f3n. Este vers\u00e1til microscopio ofrece im\u00e1genes de alta resoluci\u00f3n, un funcionamiento intuitivo y una ergonom\u00eda avanzada,<\/p>\n","protected":false},"featured_media":33720,"template":"","meta":{"_acf_changed":false,"_relevanssi_hide_post":"","_relevanssi_hide_content":"","_relevanssi_pin_for_all":"","_relevanssi_pin_keywords":"","_relevanssi_unpin_keywords":"","_relevanssi_related_keywords":"","_relevanssi_related_include_ids":"","_relevanssi_related_exclude_ids":"","_relevanssi_related_no_append":"","_relevanssi_related_not_related":"","_relevanssi_related_posts":"","_relevanssi_noindex_reason":"","inline_featured_image":false},"pwb-brand":[1062],"product_brand":[],"product_cat":[10711],"product_tag":[11326,5897,11320,11323,11322,11324,11321,11327,11325,767,11328,11329],"class_list":{"0":"post-33719","1":"product","2":"type-product","3":"status-publish","4":"has-post-thumbnail","6":"pwb-brand-zeiss","7":"product_cat-miscelaneos","8":"product_tag-11326","9":"product_tag-lampara","10":"product_tag-lampara-de-hendidura","11":"product_tag-lampara-de-hendidura-zeiss","12":"product_tag-lamparas-de-hendidura","13":"product_tag-lamparas-de-hendidura-zeiss","14":"product_tag-laps","15":"product_tag-sl","16":"product_tag-sl-130","17":"product_tag-zeiss","18":"product_tag-zeiss-130","19":"product_tag-zeiss-sl-130","21":"first","22":"instock","23":"shipping-taxable","24":"purchasable","25":"product-type-simple"},"acf":[],"brands":[{"id":1062,"name":"Zeiss","slug":"zeiss"}],"_links":{"self":[{"href":"https:\/\/www.somatechnology.com\/spanish\/wp-json\/wp\/v2\/product\/33719","targetHints":{"allow":["GET"]}}],"collection":[{"href":"https:\/\/www.somatechnology.com\/spanish\/wp-json\/wp\/v2\/product"}],"about":[{"href":"https:\/\/www.somatechnology.com\/spanish\/wp-json\/wp\/v2\/types\/product"}],"wp:featuredmedia":[{"embeddable":true,"href":"https:\/\/www.somatechnology.com\/spanish\/wp-json\/wp\/v2\/media\/33720"}],"wp:attachment":[{"href":"https:\/\/www.somatechnology.com\/spanish\/wp-json\/wp\/v2\/media?parent=33719"}],"wp:term":[{"taxonomy":"pwb-brand","embeddable":true,"href":"https:\/\/www.somatechnology.com\/spanish\/wp-json\/wp\/v2\/pwb-brand?post=33719"},{"taxonomy":"product_brand","embeddable":true,"href":"https:\/\/www.somatechnology.com\/spanish\/wp-json\/wp\/v2\/product_brand?post=33719"},{"taxonomy":"product_cat","embeddable":true,"href":"https:\/\/www.somatechnology.com\/spanish\/wp-json\/wp\/v2\/product_cat?post=33719"},{"taxonomy":"product_tag","embeddable":true,"href":"https:\/\/www.somatechnology.com\/spanish\/wp-json\/wp\/v2\/product_tag?post=33719"}],"curies":[{"name":"wp","href":"https:\/\/api.w.org\/{rel}","templated":true}]}}