{"id":3558,"date":"2017-01-30T16:29:06","date_gmt":"2017-01-30T16:29:06","guid":{"rendered":"http:\/\/equipomedicocentral.com\/wordpress\/product\/hemochron-response\/"},"modified":"2023-12-22T12:26:03","modified_gmt":"2023-12-22T17:26:03","slug":"hemochron-response","status":"publish","type":"product","link":"https:\/\/www.somatechnology.com\/spanish\/equipo-medico-usado-remanufacturado\/cardiovascular\/analizador-de-coagulacion\/hemochron-response\/","title":{"rendered":"Hemochron Response"},"content":{"rendered":"<h2>CARACTER\u00cdSTICAS DE HEMOCHRON RESPONSE<\/h2>\n<p>El <strong>Hemochron Response<\/strong> es un monitor de coagulaci\u00f3n de sangre dise\u00f1ado para ser utilizado en el punto de atenci\u00f3n. El Response incluye una pantalla de f\u00e1cil lectura y funciones de gesti\u00f3n de datos, incluidas las opciones de identificaci\u00f3n del paciente y del operador. Se puede activar el control de calidad y el bloqueo del operador para mejorar el cumplimiento de la normativa.<\/p>\n<ul>\n<li>Los resultados se muestran como sangre completa, equivalente en plasma o INR para el ensayo de PT solamente<\/li>\n<li>Almacena 600 pruebas de pacientes por pocillo<\/li>\n<li>Almacena la identificaci\u00f3n del operador y del paciente<\/li>\n<li>Permite al supervisor crear y bloquear la tabla OID<\/li>\n<li>Crea y almacena hasta 9 notas de usuario<\/li>\n<li>Adjuntar hasta 2 notas de usuario por registro<\/li>\n<li>Descarga de resultados a un PC<\/li>\n<li>Utiliza tubos con c\u00f3digo de barras<\/li>\n<li>Impresora interna<\/li>\n<li>Bloqueo de control de calidad de l\u00edquidos de 2 niveles<\/li>\n<li>Bloqueo de verificaci\u00f3n electr\u00f3nica del sistema de 2 niveles<\/li>\n<li>Almacena 300 resultados de control de calidad por pocillo<\/li>\n<li>Men\u00fa de pruebas<\/li>\n<li>Tiempo de coagulaci\u00f3n activado de Celite\u00ae (ACT)<\/li>\n<li>ACT de caol\u00edn<\/li>\n<li>ACT de vidrio activado<\/li>\n<li>Tiempo de tromboplastina parcial activada (TTP)<\/li>\n<\/ul>\n<h2>ESPECIFICACIONES DE HEMOCHRON RESPONSE<\/h2>\n<h3>Dimensiones<\/h3>\n<ul>\n<li>Profundidad: 7.5 pulgadas (19 cm)<\/li>\n<li>Anchura: 10.5 in (27 cm)<\/li>\n<li>Altura: 8.7 in ( 22 cm)<\/li>\n<li>Peso: 6.4 lbs (2.9 kg)<\/li>\n<\/ul>\n<h3>Funcionamiento<\/h3>\n<ul>\n<li>Rango de tiempo: 22 segundos a 1500 segundos<\/li>\n<li>Temperatura de Incubaci\u00f3n: 37 \u00b0C \u00b11,0 \u00b0C<\/li>\n<li>Tiempo de Calentamiento de la Incubaci\u00f3n: 30 segundos a 90 segundos<\/li>\n<li>Tiempo de Funcionamiento con carga completa: 8 horas (m\u00ednimo)<\/li>\n<li>Duraci\u00f3n de la Bater\u00eda: 500 recargas<\/li>\n<li>Rendimiento (Carga Completa): 49 ciclos de prueba (a 150 segundos por prueba) 17 ciclos de prueba (&gt; 500 segundos por prueba)<\/li>\n<\/ul>\n<h3>Modo de Alimentaci\u00f3n AC\/DC<\/h3>\n<ul>\n<li>Alimentaci\u00f3n de entrada: de 90 a 264 VAC, 50\/60 Hz, 1,2 amperios como m\u00e1ximo<\/li>\n<li>Alimentaci\u00f3n de salida: +12 voltios de CC, 3.5 amperios como m\u00e1ximo (42 vatios, 144 BTU\/hora)<\/li>\n<\/ul>\n<h3>Medio Ambiente<\/h3>\n<ul>\n<li>Temperatura ambiente: 15 a 30 \u00b0C<\/li>\n<\/ul>\n<h2>M\u00c1S INFORMACI\u00d3N SOBRE EL HEMOCHRON RESPONSE<\/h2>\n<h3>Para todas sus necesidades de gesti\u00f3n de la hemostasia<\/h3>\n<p>Durante m\u00e1s de 30 a\u00f1os, Hemochron ha sido el est\u00e1ndar para realizar la monitorizaci\u00f3n de la coagulaci\u00f3n de la sangre en el punto de atenci\u00f3n. Hemochron Response V2.0 incluye una pantalla de f\u00e1cil lectura y funciones de gesti\u00f3n de datos, como el bloqueo de control de calidad de dos niveles para mejorar el cumplimiento de la normativa y la dosificaci\u00f3n opcional.<\/p>\n<h3>Calidad de Control<\/h3>\n<ul>\n<li>Bloqueo de Control de Calidad de L\u00edquidos (LQC) de 2 niveles<\/li>\n<li>Bloqueo de 2 niveles de Verificaci\u00f3n Electr\u00f3nica del Sistema (ESV)<\/li>\n<li>Ajuste del intervalo de LQC y ESV de 1 a 1.080 horas<\/li>\n<li>Almacena 300 resultados de control de calidad por pozo<\/li>\n<li>Tubo de Verificaci\u00f3n de Temperatura (TVT)\n<ul>\n<li>Entrar en los resultados de las pruebas<\/li>\n<li>Guardar en la base de datos<\/li>\n<\/ul>\n<\/li>\n<\/ul>\n<h3>Gesti\u00f3n de Datos del Hemochron Response V3.0 ( Suministrado con el Response v2.0)<\/h3>\n<ul>\n<li>Permite al supervisor crear y bloquear la tabla OID.\n<ul>\n<li>Necesita un PC y un HRDM para modificar la tabla.<\/li>\n<li>Las actualizaciones se capturan en el registro de auditor\u00eda.<\/li>\n<\/ul>\n<\/li>\n<li>Identificaci\u00f3n del operador (OID).\n<ul>\n<li>Establezca la OID de 3 a 9 d\u00edgitos, o 0 para cualquier longitud de 1 a 9 d\u00edgitos.<\/li>\n<li>Almacenar hasta 504 OIDs.<\/li>\n<li>Subir la tabla de OID a Response.<\/li>\n<\/ul>\n<\/li>\n<li>Identificaci\u00f3n del paciente (PID).\n<ul>\n<li>Establezca la longitud del PID de 3 a 9 d\u00edgitos o 0 para cualquier longitud de 1 a 9 d\u00edgitos.<\/li>\n<\/ul>\n<\/li>\n<li>Cree y almacene hasta 9 Notas de Usuario.\n<ul>\n<li>Cargar en Response.<\/li>\n<\/ul>\n<\/li>\n<li>Descargue los resultados a un PC.<\/li>\n<li>Vea los datos del paciente o del control de calidad en una hoja de c\u00e1lculo de Excel.<\/li>\n<\/ul>\n<h3>Hemochron Response Reconstruido<\/h3>\n<p>Soma Tech Intl ofrece analizador de coagulaci\u00f3n Hemochron Response hasta un 50% por debajo de los precios original con el mismo servicio y garant\u00eda que los nuevos. El Hemochron Response no s\u00f3lo est\u00e1 t\u00e9cnicamente reacondicionado, sino que tambi\u00e9n est\u00e1 cosm\u00e9ticamente reacondicionado para que funcione y se vea como nuevo. Cuando se inicia el proceso de reacondicionamiento del Hemochron, \u00e9sta cuidadosamente inspeccionado y probado por nuestros propios ingenieros biom\u00e9dicos quien son certificados para trabajar en analizadores de coagulacion. Si es necesario, se reemplazan las piezas para asegurarse de que todos los aspectos del Hemochron Response funcionen con eficaz. Una vez que todo est\u00e1 en orden de funcionamiento, la unidad se calibra con las especificaciones originales del fabricante. Esto asegura que la unidad est\u00e1 funcionando de la misma manera que cuando sali\u00f3 originalmente del fabricante. Despu\u00e9s de que la Hemochron Response funciona como nuevo, se somete a un proceso especial de restauraci\u00f3n cosm\u00e9tica. Se limpia, se reparan los peque\u00f1os ara\u00f1azos y abolladuras, se pinta y se sustituyen las calcoman\u00edas si es necesario. Soma Tech Intl cuenta con la certificaci\u00f3n ISO 13485 y se asegura de que se d\u00e9 la mejor calidad a todos los equipos m\u00e9dicos que venden. Antes de que el Hemochron Response sea etiquetado como listo para el paciente y empacado para su env\u00edo, pasa por una \u00faltima prueba de control de calidad que asegura que todos los aspectos est\u00e1n funcionando de nuevo como deber\u00edan. Si desea comprar el Hemochron Response reconstruido, p\u00f3ngase en contacto con nosotros en Soma@SomaTechnology.com o ll\u00e1menos al 1-800-GET-SOMA.<\/p>\n<p>Soma Tech Intl tambi\u00e9n est\u00e1 buscando activamente para comprar un Hemochron Response. Si usted o su instalaci\u00f3n est\u00e1 buscando vender su unidad, aseg\u00farese de ponerse en contacto con Soma Tech Intl. Soma tiene un departamento de compras dedicado en ayudar a trav\u00e9s de todo el proceso. La venta de su Hemochron Response usado o de segunda mano a Soma Tech Intl elimina el intermediario en la ecuaci\u00f3n. Esto tambi\u00e9n asegura que su centro m\u00e9dico obtiene el mejor precio por su equipo. Soma cumple al 100% con las normas HIPPA y se asegura de que su equipo llegue a nuestras instalaciones en las mismas condiciones en que sali\u00f3 del suyo. Soma Tech Intl tambi\u00e9n da la opci\u00f3n de cr\u00e9dito de intercambio en su equipo m\u00e9dico. Si usted o su instalaci\u00f3n est\u00e1 buscando recuperar espacio para nuevos equipos, o si usted est\u00e1 buscando para actualizar su equipo actual, p\u00f3ngase en contacto con el departamento de compras en Buyer@SomaTechnology.com o env\u00edenos un mensaje en nuestro sitio web Vender a Soma.<\/p>\n","protected":false},"excerpt":{"rendered":"<p>Analizador de Coagulaci\u00f3n<\/p>\n","protected":false},"featured_media":20493,"template":"","meta":{"_acf_changed":false,"_relevanssi_hide_post":"","_relevanssi_hide_content":"","_relevanssi_pin_for_all":"","_relevanssi_pin_keywords":"","_relevanssi_unpin_keywords":"","_relevanssi_related_keywords":"","_relevanssi_related_include_ids":"","_relevanssi_related_exclude_ids":"","_relevanssi_related_no_append":"","_relevanssi_related_not_related":"","_relevanssi_related_posts":"","_relevanssi_noindex_reason":"","inline_featured_image":false},"pwb-brand":[1108],"product_brand":[],"product_cat":[44],"product_tag":[187,188,190,189],"class_list":{"0":"post-3558","1":"product","2":"type-product","3":"status-publish","4":"has-post-thumbnail","6":"pwb-brand-analizador-de-coagulacion-hemochron","7":"product_cat-analizador-de-coagulacion","8":"product_tag-analizador-de-coagulacion","9":"product_tag-hemochron","10":"product_tag-hemochron-response","11":"product_tag-response","13":"first","14":"instock","15":"featured","16":"purchasable","17":"product-type-simple"},"acf":[],"brands":[{"id":1108,"name":"Hemochron","slug":"analizador-de-coagulacion-hemochron"}],"_links":{"self":[{"href":"https:\/\/www.somatechnology.com\/spanish\/wp-json\/wp\/v2\/product\/3558","targetHints":{"allow":["GET"]}}],"collection":[{"href":"https:\/\/www.somatechnology.com\/spanish\/wp-json\/wp\/v2\/product"}],"about":[{"href":"https:\/\/www.somatechnology.com\/spanish\/wp-json\/wp\/v2\/types\/product"}],"wp:featuredmedia":[{"embeddable":true,"href":"https:\/\/www.somatechnology.com\/spanish\/wp-json\/wp\/v2\/media\/20493"}],"wp:attachment":[{"href":"https:\/\/www.somatechnology.com\/spanish\/wp-json\/wp\/v2\/media?parent=3558"}],"wp:term":[{"taxonomy":"pwb-brand","embeddable":true,"href":"https:\/\/www.somatechnology.com\/spanish\/wp-json\/wp\/v2\/pwb-brand?post=3558"},{"taxonomy":"product_brand","embeddable":true,"href":"https:\/\/www.somatechnology.com\/spanish\/wp-json\/wp\/v2\/product_brand?post=3558"},{"taxonomy":"product_cat","embeddable":true,"href":"https:\/\/www.somatechnology.com\/spanish\/wp-json\/wp\/v2\/product_cat?post=3558"},{"taxonomy":"product_tag","embeddable":true,"href":"https:\/\/www.somatechnology.com\/spanish\/wp-json\/wp\/v2\/product_tag?post=3558"}],"curies":[{"name":"wp","href":"https:\/\/api.w.org\/{rel}","templated":true}]}}