{"id":3593,"date":"2016-07-19T21:10:53","date_gmt":"2016-07-19T21:10:53","guid":{"rendered":"http:\/\/equipomedicocentral.com\/wordpress\/product\/ge-dash-4000\/"},"modified":"2023-08-23T05:57:33","modified_gmt":"2023-08-23T09:57:33","slug":"ge-dash-4000","status":"publish","type":"product","link":"https:\/\/www.somatechnology.com\/spanish\/equipo-medico-usado-remanufacturado\/monitores-de-signos-vitales\/monitores-multiparametros\/ge-dash-4000\/","title":{"rendered":"GE Dash 4000"},"content":{"rendered":"<h2>Caracter\u00edsticas del\u00a0<strong>GE Dash 4000<\/strong><\/h2>\n<p>El<strong> Dash 4000<\/strong> Pro es el monitor configurado m\u00e1s avanzado disponible para los m\u00e9dicos que desean mejorar la calidad de su atenci\u00f3n. Los monitores Dash incluyen el est\u00e1ndar de oro Marquette ECG, DINAMAP, NIBP, Masimo SET Pulse Oximetry y otras mejoras de seguridad para el paciente en un dise\u00f1o robusto, ergon\u00f3mico y lo suficientemente resistente como para manejar el transporte a\u00e9reo uniforme. Las mejoras modulares y una gran pantalla a color de 10 \u00abhacen que la GE Dash 4000 sea una buena opci\u00f3n para el ED, el centro quir\u00fargico e incluso la UCI.<br \/>\nNing\u00fan monitor en el mercado ofrece m\u00e1s herramientas de evaluaci\u00f3n para salvar vidas como 12-lead 12SL, arritmia EK-Pro, an\u00e1lisis del segmento ST, detecci\u00f3n A-Fib y reducci\u00f3n de alarma IntelliRate por menos costo. Todos los monitores de cabecera GE cuentan con una interfaz de usuario Trim Knob com\u00fan y estructuras de men\u00fa intuitivo, por lo que cada m\u00e9dico puede ser experto usando el monitor de cabecera a lo largo de su continuo cuidado.<\/p>\n<ul>\n<li>Adaptabilidad inigualable en la cabecera.<\/li>\n<li>Flexibilidad modular<\/li>\n<li>Revolucionario cuidado del dolor de pecho<\/li>\n<li>Intervenci\u00f3n temprana en la UCIN<\/li>\n<li>Gold standard NIBP accuracy<\/li>\n<li>Opciones: supervisi\u00f3n del agente<\/li>\n<\/ul>\n<h2 dir=\"ltr\" data-placeholder=\"Translation\"><span lang=\"es\">Especificaciones<\/span> del\u00a0<strong>GE Dash 4000<\/strong><\/h2>\n<h3>Dimensiones<\/h3>\n<ul>\n<li>Altura: 27.4 cm. Profundidad: 24.3 cm.<\/li>\n<li>Ancho: 29.3 cm.<\/li>\n<li>Peso: 5.7 kg<\/li>\n<\/ul>\n<h3>Monitor<\/h3>\n<ul>\n<li>Tama\u00f1o: 26 cm (diagonal).<\/li>\n<li>Tipo: color de matriz activa TFT.<\/li>\n<li>Resoluci\u00f3n: 640 por 480 p\u00edxeles.<\/li>\n<li>El n\u00famero de trazas: 6 m\u00e1ximos.<\/li>\n<li>N\u00famero de segundos \/ traza: 4.9 a 25 mm \/ seg.<\/li>\n<li>Velocidad de barrido: 6.25, 12.5, 25 mm \/ seg (con barra de borrado).<\/li>\n<li>Ventana de informaci\u00f3n: muestra informaci\u00f3n no en tiempo real sin obstruir la visualizaci\u00f3n de la informaci\u00f3n en tiempo real.<\/li>\n<li>Organizaci\u00f3n de visualizaci\u00f3n: priorizada por un par\u00e1metro.<\/li>\n<\/ul>\n<h3>Controles<\/h3>\n<ul>\n<li>Control Trim Knob\u00ae.<\/li>\n<li>Cinco teclas duras: silenciar alarma, gr\u00e1fico ir \/ detener, funci\u00f3n (cero todo) y encendido \/ apagado.<\/li>\n<\/ul>\n<h3>Alarmas<\/h3>\n<ul>\n<li>Categor\u00edas: estado del paciente y estado del sistema.<\/li>\n<li>Prioridad: 4 niveles: crisis, advertencia, aviso y mensaje.<\/li>\n<li>Notificaci\u00f3n: audible y visual.<\/li>\n<li>Configuraci\u00f3n: predeterminada e individual.<\/li>\n<li>Silenciamiento: 1 minuto, alarma actual solamente.<\/li>\n<li>Pausa: 5 minutos en el modo de la UCI para adultos, 3 minutos en el modo de UCI neonatal y 5,15, o pausa permanente en modo O.<\/li>\n<li>Volumen: predeterminado 70%, 70 dB medido a 1 metro.<\/li>\n<\/ul>\n<h3>ECG<\/h3>\n<ul>\n<li>Cables est\u00e1ndar disponibles: I, II, III, V, aVR, aVL y aVF. 10<\/li>\n<li>Cable conductor: I, II, III, V, aVR, aVF, V2, V3, V4, V5, V6.<\/li>\n<li>Los conductores se analizaron simult\u00e1neamente: I, II, III y V (modo de m\u00faltiples conductores).<\/li>\n<li>Error de derivaci\u00f3n: identifica la derivaci\u00f3n fallida.<\/li>\n<li>Alarmas: l\u00edmites de frecuencia card\u00edaca superior e inferior seleccionables por el usuario.<\/li>\n<\/ul>\n<h3>Especificaciones de entrada<\/h3>\n<ul>\n<li>Rango de voltaje: \u00b1 0.5 mV a \u00b1 5 mV.<\/li>\n<li>Ancho de se\u00f1al: 40 ms a 120 ms (Q a S).<\/li>\n<li>Rango de frecuencia card\u00edaca: 30 a 300 bpm.<\/li>\n<li>Impedancia de entrada: modo com\u00fan&gt; 10 Mat 50\/60 Hz, diferencial&gt; 2.5 M desde dc a 60 Hz.<\/li>\n<li>Rechazo de modo com\u00fan: 90 dB como m\u00ednimo a 50 o 60 Hz<\/li>\n<\/ul>\n<h3>Respiraci\u00f3n<\/h3>\n<ul>\n<li>T\u00e9cnica de medici\u00f3n: detecci\u00f3n de variaci\u00f3n de impedancia.<\/li>\n<li>Rango de frecuencia de respiraci\u00f3n: 0 &#8211; 200 respiraciones por minuto.<\/li>\n<li>Impedancia de la base: 100 &#8211; 1000 \u03a9 a 52.6 kHz.<\/li>\n<li>Sensibilidad de detecci\u00f3n: variaci\u00f3n de 0.4 a 10 \u03a9.<\/li>\n<li>Ancho de banda de pantalla de forma de onda: 0.1 a 1.8 Hz (-3 dB).<\/li>\n<li>Alarmas: l\u00edmites de respiraci\u00f3n superior e inferior seleccionables por el usuario y l\u00edmite de apnea seleccionable por el usuario.<\/li>\n<\/ul>\n<h3>Temperatura<\/h3>\n<ul>\n<li>Cantidad de canales: 2.<\/li>\n<li>Especificaciones de entrada &#8211; tipo de sonda: serie YSI 400 o 700,<\/li>\n<li>rango de temperatura: 0 \u00b0 C a 45 \u00b0 C (32 \u00b0 F a 113 \u00b0 F),<\/li>\n<li>Resoluci\u00f3n: \u00b1 0.1 \u00b0 C.<\/li>\n<li>Especificaciones de salida: par\u00e1metros que se muestran: T1, T2,<\/li>\n<li>precisi\u00f3n: \u00b1 0.1 \u00b0 C para las sondas YSI de la serie 4000, \u00b1 0.3 \u00b0 C para las sondas YSI de la serie 7000, independientemente de la fuente.<\/li>\n<li>Alarmas: l\u00edmites superior e inferior seleccionables por el usuario para T1 y T2.<\/li>\n<\/ul>\n<h3>Presi\u00f3n arterial invasiva<\/h3>\n<ul>\n<li>La cantidad de canales: 2 (opcional).<\/li>\n<li>Lugares transductores: arterial, arteria femoral, arteria pulmonar, vena central, aur\u00edcula derecha, auricular izquierda, intracraneal y especial.<\/li>\n<li>Requisitos del transductor: 5 Vdc \u00b1 0.1% de voltaje de excitaci\u00f3n.<\/li>\n<li>Salida del transductor: 5 \u03bcV \/ V \/ mmHg. Especificaciones de entrada &#8211; rango: -25 mmHg a 300 mmHg, desplazamiento: \u00b1 150 mmHg.<\/li>\n<li>Especificaciones de salida &#8211; respuesta de frecuencia: dc a 50 Hz (-0 \/ + 2 Hz).<\/li>\n<li>Rango de balance cero: \u00b1 150 mmHg.<\/li>\n<li>Precisi\u00f3n del balance cero: \u00b1 1 mmHg.<\/li>\n<li>Deriva del balance cero: \u00b1 1 mmHg durante 24 horas.<\/li>\n<li>Precisi\u00f3n: \u00b1 2% o \u00b1 1 mmHg, el que sea mayor.<\/li>\n<li>Alarmas: l\u00edmites superior e inferior seleccionables por el usuario para presiones sist\u00f3lica, diast\u00f3lica y media.<\/li>\n<\/ul>\n<h3>NIBP<\/h3>\n<ul>\n<li>T\u00e9cnica de medici\u00f3n: oscilom\u00e9trica.<\/li>\n<li>Par\u00e1metros mostrados; presi\u00f3n sist\u00f3lica, diast\u00f3lica y media.<\/li>\n<li>Sist\u00f3lica: 30-275 mmHg adulto, 30-235 mmHg pedi\u00e1trico y 30-135 mmHg neonato.<\/li>\n<li>Diast\u00f3lica: 10-220 mmHg adulto, 10-220 mmHg pedi\u00e1trico y 10-110 mmHg neonato.<\/li>\n<li>MAPA: 20-260 mmHg adulto, 20-260 mmHg pedi\u00e1trico y 20-125 mmHg neonato.<\/li>\n<li>Frecuencia del pulso, como se muestra en las tendencias tabulares: 30-200 lpm adulto, 30-200 lpm pedi\u00e1trico y 30 a 200 lpm neonato<\/li>\n<\/ul>\n<h3>Oximetr\u00eda de pulso<\/h3>\n<ul>\n<li>Par\u00e1metros monitoreados: saturaci\u00f3n arterial de ox\u00edgeno (SpO2) y frecuencia de pulso perif\u00e9rica (PPR).<\/li>\n<li>SpO2range: 50 -100%. Rango de PPR: 30-300 latidos por minuto.<\/li>\n<li>Precisi\u00f3n de SpO2: \u00b1 2% (70-100%) y \u00b1 3% (50-69%).<\/li>\n<li>Precisi\u00f3n de PPR: \u00b1 3 latidos por minuto.<\/li>\n<li>Alarmas: l\u00edmites superior e inferior seleccionables por el usuario para SpO2 y PPR.<\/li>\n<\/ul>\n<h3>CO2<\/h3>\n<ul>\n<li>Informaci\u00f3n mostrada: concentraciones de CO2 inspiradas y expiradas en%, mmHg o kPa, frecuencia respiratoria y forma de onda de CO2 continua.<\/li>\n<li>Rangos de medici\u00f3n: PiCO2 \/ FiCO2: 0 a 100 mmHg \/ 0 a 13%. Pe CO2 \/ Fe CO2: 0 a 100 mmHg \/ 0 a 13%;<\/li>\n<li>RR: 0 a 120 respiraciones \/ min.<\/li>\n<li>Precisi\u00f3n: CO2: 5% de lectura o \u00b1 2 mmHg, el que sea mayor.<\/li>\n<li>Resoluci\u00f3n de pantalla: 1 mmHg. Tiempo de subida: menos de 60 mseg.<\/li>\n<li>Precisi\u00f3n de la tasa de respiraci\u00f3n: \u00b1 aliento \/ min<\/li>\n<\/ul>\n<p>&nbsp;<\/p>\n","protected":false},"excerpt":{"rendered":"<p>Monitores Multiparametros<\/p>\n","protected":false},"featured_media":22354,"template":"","meta":{"_acf_changed":false,"_relevanssi_hide_post":"","_relevanssi_hide_content":"","_relevanssi_pin_for_all":"","_relevanssi_pin_keywords":"","_relevanssi_unpin_keywords":"","_relevanssi_related_keywords":"","_relevanssi_related_include_ids":"","_relevanssi_related_exclude_ids":"","_relevanssi_related_no_append":"","_relevanssi_related_not_related":"","_relevanssi_related_posts":"","_relevanssi_noindex_reason":"","inline_featured_image":false},"pwb-brand":[1100],"product_brand":[],"product_cat":[50],"product_tag":[826,823,224,820,825,3742,3739,3715,3614],"class_list":{"0":"post-3593","1":"product","2":"type-product","3":"status-publish","4":"has-post-thumbnail","6":"pwb-brand-equipo-medico-ge","7":"product_cat-monitores-multiparametros","8":"product_tag-826","9":"product_tag-dash","10":"product_tag-ge","11":"product_tag-ge-dash","12":"product_tag-ge-dash-4000","13":"product_tag-ge-dash-4000-monitores-multiparametros","14":"product_tag-ge-dash-monitores-multiparametros","15":"product_tag-ge-monitores-multiparametros","16":"product_tag-monitores-multiparametros","18":"first","19":"instock","20":"purchasable","21":"product-type-simple"},"acf":[],"brands":[{"id":1100,"name":"GE","slug":"equipo-medico-ge"}],"_links":{"self":[{"href":"https:\/\/www.somatechnology.com\/spanish\/wp-json\/wp\/v2\/product\/3593","targetHints":{"allow":["GET"]}}],"collection":[{"href":"https:\/\/www.somatechnology.com\/spanish\/wp-json\/wp\/v2\/product"}],"about":[{"href":"https:\/\/www.somatechnology.com\/spanish\/wp-json\/wp\/v2\/types\/product"}],"wp:featuredmedia":[{"embeddable":true,"href":"https:\/\/www.somatechnology.com\/spanish\/wp-json\/wp\/v2\/media\/22354"}],"wp:attachment":[{"href":"https:\/\/www.somatechnology.com\/spanish\/wp-json\/wp\/v2\/media?parent=3593"}],"wp:term":[{"taxonomy":"pwb-brand","embeddable":true,"href":"https:\/\/www.somatechnology.com\/spanish\/wp-json\/wp\/v2\/pwb-brand?post=3593"},{"taxonomy":"product_brand","embeddable":true,"href":"https:\/\/www.somatechnology.com\/spanish\/wp-json\/wp\/v2\/product_brand?post=3593"},{"taxonomy":"product_cat","embeddable":true,"href":"https:\/\/www.somatechnology.com\/spanish\/wp-json\/wp\/v2\/product_cat?post=3593"},{"taxonomy":"product_tag","embeddable":true,"href":"https:\/\/www.somatechnology.com\/spanish\/wp-json\/wp\/v2\/product_tag?post=3593"}],"curies":[{"name":"wp","href":"https:\/\/api.w.org\/{rel}","templated":true}]}}