{"id":3604,"date":"2016-07-19T21:10:53","date_gmt":"2016-07-19T21:10:53","guid":{"rendered":"http:\/\/equipomedicocentral.com\/wordpress\/product\/fluoroscan-model-iii-50300-mini-c-arm\/"},"modified":"2023-08-23T05:57:39","modified_gmt":"2023-08-23T09:57:39","slug":"fluoroscan-model-iii-50300","status":"publish","type":"product","link":"https:\/\/www.somatechnology.com\/spanish\/equipo-medico-usado-remanufacturado\/imagenologia-radiologia\/mini-arcos-en-c\/fluoroscan-model-iii-50300\/","title":{"rendered":"Hologic FluoroScan Model III 50300 Mini C-arm"},"content":{"rendered":"<h2>Caraster\u00edsticas Arco en C FluoroScan Model III 50300:<\/h2>\n<ul>\n<li>Monitores duales de 15 \u00ab<\/li>\n<li>Modo de fluoro<\/li>\n<li>3 \u00abintensificador de imagen<\/li>\n<li>Telclado num\u00e9rico para la entrada de datos paciente<\/li>\n<li>Impresora termal de B&amp;W (opcional)<\/li>\n<li>Control del pie<\/li>\n<\/ul>\n<h2>Especificaciones Arco en C FluoroScan Model III 50300:<\/h2>\n<h3>Requisitos de energ\u00eda<\/h3>\n<ul>\n<li>Voltaje clasificado nominal de la l\u00ednea: 115 VAC, 60 hertzio-Norteam\u00e9rica, 240 VAC, 50 hertzio-est\u00e1ndar del mundo<\/li>\n<li>Gama de funcionamiento: 105 a 130 VAC-Norteam\u00e9rica, 210 a 260 VAC-est\u00e1ndar del mundo<\/li>\n<li>L\u00ednea regulaci\u00f3n del voltaje: el \u00b1 2% para la l\u00ednea cambio del \u00b1 20%<\/li>\n<li>Corriente m\u00e1xima en 70 kVp \/ 0.095 mA:\u00a02Aat 105V, 2Aat 115V, 2Aat 130V,\u00a01Aat210V,\u00a01Aat230V,\u00a01Aat260V<\/li>\n<\/ul>\n<h3>X-Ray<\/h3>\n<ul>\n<li>Temporizador de fluoroscopia: 10 segundos a 5 minutos en incrementos de 10 segundos, alarma audible a la hora pre-establecida<\/li>\n<li>Precisi\u00f3n del temporizador: el tiempo transcurrido se indica \u00b1 3%<\/li>\n<li>Fuente \u2013 distancia del receptor de la imagen: \u2022 70m m \u2013 35,5 cm (14,2 \u2033)<\/li>\n<li>100mm \u2013 36,5 cm (14,4 \u2033)<\/li>\n<li>125m m-44,0 cm (17,3 \u2033)<\/li>\n<li>Fuente de rayos x: tubo de rayos x del \u00e1nodo conectado a tierra<\/li>\n<li>Ventana del tubo de radiograf\u00eda:. 005 \u2033 berilio<\/li>\n<li>Filtraci\u00f3n de la viga: aluminio de 2,4 mil\u00edmetros o equivalente<\/li>\n<li>Punto focal: &lt; 0,1 mm<\/li>\n<li>Colimaci\u00f3n: fijado al di\u00e1metro de la pantalla de entrada<\/li>\n<li>Potencial m\u00e1ximo clasificado del tubo: 70 kVp<\/li>\n<li>Gama kVp del tubo: 40 a 70 kVp<\/li>\n<li>Gama actual del tubo: 0,020 a 0,095 MA<\/li>\n<li>Desviaci\u00f3n de los valores indicados: \u2022 kVp-\u00b1 15%<\/li>\n<li>Ma-\u00b1 5%<\/li>\n<li>Ciclo de trabajo: intermitente (15 min. m\u00e1ximo)<\/li>\n<li>Ciclo de trabajo a 70 kVp\/0,095 MA: intermitente (15 min. m\u00e1ximo)<\/li>\n<li>Factores de la t\u00e9cnica de la salida: 70 kVp y 0.095 mA<\/li>\n<\/ul>\n<h3>Dimensiones<\/h3>\n<ul>\n<li>Peso de env\u00edo: 138kg (305lbs)<\/li>\n<li>Peso: 109kg (240lbs)<\/li>\n<li>Altura: 129 cm (51in)<\/li>\n<li>Espacio requerido para el piso:. 42 metro cuadrado (4,5 pies cuadrados)<\/li>\n<\/ul>\n","protected":false},"excerpt":{"rendered":"<p>Mini C Arm Mini Arcos en C<\/p>\n","protected":false},"featured_media":11242,"template":"","meta":{"_acf_changed":false,"_relevanssi_hide_post":"","_relevanssi_hide_content":"","_relevanssi_pin_for_all":"","_relevanssi_pin_keywords":"","_relevanssi_unpin_keywords":"","_relevanssi_related_keywords":"","_relevanssi_related_include_ids":"","_relevanssi_related_exclude_ids":"","_relevanssi_related_no_append":"","_relevanssi_related_not_related":"","_relevanssi_related_posts":"","_relevanssi_noindex_reason":"","inline_featured_image":false},"pwb-brand":[1124],"product_brand":[],"product_cat":[53],"product_tag":[3439,3438,3437,3440,3441,3443,3442,3993,4311,4010,4312],"class_list":{"0":"post-3604","1":"product","2":"type-product","3":"status-publish","4":"has-post-thumbnail","6":"pwb-brand-mini-arcos-en-c-hologic","7":"product_cat-mini-arcos-en-c","8":"product_tag-fluoroscan-model-50300","9":"product_tag-fluoroscan-model-iii","10":"product_tag-fluoroscan-model-iii-50300","11":"product_tag-fluroscan","12":"product_tag-holigicfluoroscan-model-iii-50300","13":"product_tag-hologic-fluoroscan-model-50300","14":"product_tag-hologic-fluoroscan-model-iii","15":"product_tag-mini-arcos-en-c","16":"product_tag-mini-arcos-en-c-fluoroscan","17":"product_tag-mini-arcos-en-c-hologic","18":"product_tag-mini-arcos-en-c-hologic-fluoroscan-iii","20":"first","21":"instock","22":"purchasable","23":"product-type-simple"},"acf":[],"brands":[{"id":1124,"name":"Hologic","slug":"mini-arcos-en-c-hologic"}],"_links":{"self":[{"href":"https:\/\/www.somatechnology.com\/spanish\/wp-json\/wp\/v2\/product\/3604","targetHints":{"allow":["GET"]}}],"collection":[{"href":"https:\/\/www.somatechnology.com\/spanish\/wp-json\/wp\/v2\/product"}],"about":[{"href":"https:\/\/www.somatechnology.com\/spanish\/wp-json\/wp\/v2\/types\/product"}],"wp:featuredmedia":[{"embeddable":true,"href":"https:\/\/www.somatechnology.com\/spanish\/wp-json\/wp\/v2\/media\/11242"}],"wp:attachment":[{"href":"https:\/\/www.somatechnology.com\/spanish\/wp-json\/wp\/v2\/media?parent=3604"}],"wp:term":[{"taxonomy":"pwb-brand","embeddable":true,"href":"https:\/\/www.somatechnology.com\/spanish\/wp-json\/wp\/v2\/pwb-brand?post=3604"},{"taxonomy":"product_brand","embeddable":true,"href":"https:\/\/www.somatechnology.com\/spanish\/wp-json\/wp\/v2\/product_brand?post=3604"},{"taxonomy":"product_cat","embeddable":true,"href":"https:\/\/www.somatechnology.com\/spanish\/wp-json\/wp\/v2\/product_cat?post=3604"},{"taxonomy":"product_tag","embeddable":true,"href":"https:\/\/www.somatechnology.com\/spanish\/wp-json\/wp\/v2\/product_tag?post=3604"}],"curies":[{"name":"wp","href":"https:\/\/api.w.org\/{rel}","templated":true}]}}