{"id":3625,"date":"2016-07-19T21:11:31","date_gmt":"2016-07-19T21:11:31","guid":{"rendered":"http:\/\/equipomedicocentral.com\/wordpress\/product\/baxter-pca-ii\/"},"modified":"2023-08-23T05:57:50","modified_gmt":"2023-08-23T09:57:50","slug":"baxter-pca-ii","status":"publish","type":"product","link":"https:\/\/www.somatechnology.com\/spanish\/equipo-medico-usado-remanufacturado\/terapia-intravenosa\/bombas-intravenosas\/baxter-pca-ii\/","title":{"rendered":"Baxter PCA II"},"content":{"rendered":"<h2>Caracter\u00edsticas \u00a0de la bomba de infusi\u00f3n Baxter PCA II<\/h2>\n<p>La bomba de infusi\u00f3n de jeringa <strong>Baxter PCA II<\/strong> es un dispositivo de infusi\u00f3n de jeringas capaz de infusi\u00f3n continua e intermitente de fluidos parenterales en un ambiente hospitalario.\u00a0 La bomba de jeringa Baxter PCA II ofrece la conveniencia de una analgesia controlada por el paciente, segura y precisa, en un sistema flexible dise\u00f1ado con tecnolog\u00eda avanzada. Se trata de una gesti\u00f3n del dolor progresiva, innovadora y eficaz en un instrumento sofisticado, pero sencillo de operar.<\/p>\n<ul>\n<li>Programaci\u00f3n auto-incitadora intuitiva para una r\u00e1pida configuraci\u00f3n.<\/li>\n<li>El l\u00edmite de una hora y la entrada limitada del par\u00e1metro ayudan a asegurar seguridad del paciente y protectores contra errores de programaci\u00f3n.<\/li>\n<li>Las comprobaciones internas de seguridad ayudan a minimizar el riesgo de manipulaci\u00f3n y errores.<\/li>\n<li>La tapa de la jeringa de bloqueo y los c\u00f3digos de seguridad minimizan la operaci\u00f3n no autorizada.<\/li>\n<li>La rutina de programaci\u00f3n est\u00e1ndar ayuda a reducir los errores de procedimiento y minimiza el entrenamiento.<\/li>\n<li>La historia incorporada registra las inyecciones, los intentos, las alarmas, y otros detalles de funcionamiento acertados (historial de la dosificaci\u00f3n disponible en copia impresa cuando est\u00e1 conectado con una impresora).<\/li>\n<li>Exhibici\u00f3n grande, detr\u00e1s-encendida f\u00e1cilmente legible incluso en la noche.<\/li>\n<li>Modos de infusi\u00f3n f\u00e1cilmente programados: PCA solamente, basal Plus PCA, Continuos basal.<\/li>\n<li>Programa en mililitros o miligramos.<\/li>\n<li>Seleccione la opci\u00f3n de jeringa para adaptarse mejor a sus necesidades: jeringas pre-llenas para conveniencia o jeringas est\u00e1ndar para ahorrar costos.<\/li>\n<\/ul>\n<p>&nbsp;<\/p>\n","protected":false},"excerpt":{"rendered":"<p>Bombas Intravenosas<\/p>\n","protected":false},"featured_media":11782,"template":"","meta":{"_acf_changed":false,"_relevanssi_hide_post":"","_relevanssi_hide_content":"","_relevanssi_pin_for_all":"","_relevanssi_pin_keywords":"","_relevanssi_unpin_keywords":"","_relevanssi_related_keywords":"","_relevanssi_related_include_ids":"","_relevanssi_related_exclude_ids":"","_relevanssi_related_no_append":"","_relevanssi_related_not_related":"","_relevanssi_related_posts":"","_relevanssi_noindex_reason":"","inline_featured_image":false},"pwb-brand":[1321],"product_brand":[],"product_cat":[52],"product_tag":[3670,4731,4733,4732,3048,3671],"class_list":{"0":"post-3625","1":"product","2":"type-product","3":"status-publish","4":"has-post-thumbnail","6":"pwb-brand-bombas-intravenosas-baxter","7":"product_cat-bombas-intravenosas","8":"product_tag-baxter-bombas-intravenosas","9":"product_tag-baxter-pca-bombas-intravenosas","10":"product_tag-baxter-pca-ii","11":"product_tag-baxter-pca-ii-bombas-intravenosas","12":"product_tag-bombas-intravenosas","13":"product_tag-bombas-intravenosas-baxter","15":"first","16":"instock","17":"purchasable","18":"product-type-simple"},"acf":[],"brands":[{"id":1321,"name":"Baxter","slug":"bombas-intravenosas-baxter"}],"_links":{"self":[{"href":"https:\/\/www.somatechnology.com\/spanish\/wp-json\/wp\/v2\/product\/3625","targetHints":{"allow":["GET"]}}],"collection":[{"href":"https:\/\/www.somatechnology.com\/spanish\/wp-json\/wp\/v2\/product"}],"about":[{"href":"https:\/\/www.somatechnology.com\/spanish\/wp-json\/wp\/v2\/types\/product"}],"wp:featuredmedia":[{"embeddable":true,"href":"https:\/\/www.somatechnology.com\/spanish\/wp-json\/wp\/v2\/media\/11782"}],"wp:attachment":[{"href":"https:\/\/www.somatechnology.com\/spanish\/wp-json\/wp\/v2\/media?parent=3625"}],"wp:term":[{"taxonomy":"pwb-brand","embeddable":true,"href":"https:\/\/www.somatechnology.com\/spanish\/wp-json\/wp\/v2\/pwb-brand?post=3625"},{"taxonomy":"product_brand","embeddable":true,"href":"https:\/\/www.somatechnology.com\/spanish\/wp-json\/wp\/v2\/product_brand?post=3625"},{"taxonomy":"product_cat","embeddable":true,"href":"https:\/\/www.somatechnology.com\/spanish\/wp-json\/wp\/v2\/product_cat?post=3625"},{"taxonomy":"product_tag","embeddable":true,"href":"https:\/\/www.somatechnology.com\/spanish\/wp-json\/wp\/v2\/product_tag?post=3625"}],"curies":[{"name":"wp","href":"https:\/\/api.w.org\/{rel}","templated":true}]}}