{"id":3631,"date":"2016-07-19T21:11:31","date_gmt":"2016-07-19T21:11:31","guid":{"rendered":"http:\/\/equipomedicocentral.com\/wordpress\/product\/baxter-6201\/"},"modified":"2023-08-23T05:57:55","modified_gmt":"2023-08-23T09:57:55","slug":"baxter-6201","status":"publish","type":"product","link":"https:\/\/www.somatechnology.com\/spanish\/equipo-medico-usado-remanufacturado\/terapia-intravenosa\/bombas-intravenosas\/baxter-6201\/","title":{"rendered":"Baxter 6201"},"content":{"rendered":"<h2>CARACTER\u00cdSTICAS DE BAXTER FLO-GARD 6201<\/h2>\n<p>La bomba de infusi\u00f3n volum\u00e9trica de un canal <strong>Baxter Flo-Gard 6201<\/strong> es una bomba electromec\u00e1nica utilizada para la infusi\u00f3n intravenosa de l\u00edquidos a velocidades seleccionadas por el usuario. La Baxter Flo-Gard 6201 contiene una cabeza de bomba perist\u00e1ltica lineal que es programable y permite la infusi\u00f3n de programas de medicaci\u00f3n primarios y secundarios. El programa secundario cambia autom\u00e1ticamente al programa primario cuando se completa la infusi\u00f3n secundaria (piggybacking autom\u00e1tico).<\/p>\n<ul>\n<li>Bomba intravenosa volum\u00e9trica<\/li>\n<li>Perfil de infusi\u00f3n programado<\/li>\n<li>Flujo incremental<\/li>\n<li>Reinicio autom\u00e1tico una vez que la oclusi\u00f3n desaparece<\/li>\n<li>Combinaci\u00f3n autom\u00e1tica de medicaciones secundarias<\/li>\n<\/ul>\n<h2>ESPECIFICACIONES DE BAXTER FLO-GARD 6201<\/h2>\n<h3>Dimensiones<\/h3>\n<ul>\n<li>Altura: 11.4 pulg (29 cm)<\/li>\n<li>Anchura: 8 pulg (20 cm)<\/li>\n<li>Profundidad: 5.1 pulg (13 cm)<\/li>\n<li>Peso: 11.6 ibs (5.3 kg)<\/li>\n<\/ul>\n<h3>General<\/h3>\n<ul>\n<li>Rango de Flujo 1 &#8211; 99.9 mL\/hr en incrementos de 0.1 mL\/hr y 1 &#8211; 1,999<\/li>\n<li>Rango de VTBI mL\/h en incrementos de 1 mL\/h<\/li>\n<li>Registro de alarmas \u00daltimas 10 alarmas<\/li>\n<li>Bater\u00eda 12 voltios, 2.0 amperios, plomo \u00e1cido sellado<\/li>\n<li>Cargador de bater\u00eda 80% cargado en 8 horas<\/li>\n<li>Duraci\u00f3n de la bater\u00eda 6 horas a 1,400 mL\/h<\/li>\n<li>Cable de alimentaci\u00f3n reemplazable por Biomed 2.9 m (9 pies)<\/li>\n<li>Corriente de fuga Menos de 50 \u00b5A<\/li>\n<li>Fusible \u00bd amperio, 250 voltios, lento<\/li>\n<li>Puerto de comunicaciones Puerto serie RS232<\/li>\n<li>Requisitos de alimentaci\u00f3n 115 VAC, 60 Hz, 30W<\/li>\n<\/ul>\n<h2>INFORMACI\u00d3N GENERAL SOBRE LA TERAPIA IV<\/h2>\n<h3>Terapia IV<\/h3>\n<ul>\n<li>La terapia intravenosa se utiliza para administrar por infusi\u00f3n, l\u00edquidos, medicamentos o nutrientes a los pacientes.<\/li>\n<li>Existen dos tipos principales de administraci\u00f3n de infusi\u00f3n, la volum\u00e9trica y la de jeringa\/PCA.<\/li>\n<\/ul>\n<h3>Terapia IV Volum\u00e9trica<\/h3>\n<ul>\n<li>Estas bombas se utilizan cuando la precisi\u00f3n del volumen de fluido a infundir es cr\u00edtica, como en el caso de los medicamentos utilizados para la infusi\u00f3n de f\u00e1rmacos para el soporte circulatorio.<\/li>\n<li>Las bombas volum\u00e9tricas suministran un volumen determinado de l\u00edquido por unidad de tiempo, medido en mL\/hora.<\/li>\n<li>Las bombas volum\u00e9tricas pueden ser monocanales o multicanales. Ambos tipos permiten la administraci\u00f3n de m\u00e1s de un fluido a la vez. Las de un solo canal emplean un m\u00e9todo \u00abpiggyback\u00bb, mientras que las multicanal utilizan tubos separados para la administraci\u00f3n de varios medicamentos o fluidos.<\/li>\n<\/ul>\n<h3>Terapia Intravenosa de Jeringa<\/h3>\n<ul>\n<li>Las bombas de jeringa se utilizan para administrar peque\u00f1os vol\u00famenes de l\u00edquidos o medicamentos. (jeringa de 1 mL a 60 mL)<\/li>\n<li>Las bombas de jeringa son una forma eficaz de administrar la medicaci\u00f3n con precisi\u00f3n, a la vez que reducen la posibilidad de que se produzcan errores humanos si la medicaci\u00f3n fuera administrada por un miembro del personal m\u00e9dico* (por supuesto, pueden producirse errores humanos al introducir los datos o al elegir la tasa de dosis en el tiempo)<\/li>\n<li>Al igual que las bombas volum\u00e9tricas, las bombas de jeringa pueden programarse para administrar la medicaci\u00f3n en un tiempo predeterminado<\/li>\n<\/ul>\n<h3>Baxter Flo-Gard 6201 Reconstruido<\/h3>\n<p>Soma Tech Intl ofrece la bomba de infusi\u00f3n Baxter Flo-Gard 6201 hasta un 50% por debajo de los precios original con el mismo servicio y garant\u00eda que los nuevos. El Baxter Flo-Gard 6201 no s\u00f3lo est\u00e1 t\u00e9cnicamente reacondicionado, sino que tambi\u00e9n est\u00e1 cosm\u00e9ticamente reacondicionado para que funcione y se vea como nuevo. Cuando se inicia el proceso de reacondicionamiento del Flo-Gard 6201, \u00e9sta cuidadosamente inspeccionado y probado por nuestros propios ingenieros biom\u00e9dicos quien son certificados para trabajar con bombas intravenosas. Si es necesario, se reemplazan las piezas para asegurarse de que todos los aspectos del Flo-Gard 6201 funcionen con eficaz. Una vez que todo est\u00e1 en orden de funcionamiento, la unidad se calibra con las especificaciones originales del fabricante. Esto asegura que la unidad est\u00e1 funcionando de la misma manera que cuando sali\u00f3 originalmente del fabricante. Despu\u00e9s de que la m\u00e1quina funciona como nuevo, se somete a un proceso especial de restauraci\u00f3n cosm\u00e9tica. Se limpia, se reparan los peque\u00f1os ara\u00f1azos y abolladuras, se pinta y se sustituyen las calcoman\u00edas si es necesario. Soma Tech Intl cuenta con la certificaci\u00f3n ISO 13485 y se asegura de que se d\u00e9 la mejor calidad a todos los equipos m\u00e9dicos que venden. Antes de que el Flo-Gard 6201 sea etiquetado como listo para el paciente y empacado para su env\u00edo, pasa por una \u00faltima prueba de control de calidad que asegura que todos los aspectos est\u00e1n funcionando de nuevo como deber\u00edan. Si desea comprar el Baxter Flo-Gard 6201 reconstruido, p\u00f3ngase en contacto con nosotros en Soma@SomaTechnology.com o ll\u00e1menos al 1-800-GET-SOMA.<\/p>\n<p>Soma Tech Intl tambi\u00e9n est\u00e1 buscando activamente para comprar un Baxter 6201. Si usted o su instalaci\u00f3n est\u00e1 buscando vender su unidad, aseg\u00farese de ponerse en contacto con Soma Tech Intl. Soma tiene un departamento de compras dedicado en ayudar a trav\u00e9s de todo el proceso. La venta de su bomba de infusi\u00f3n Baxter usado o de segunda mano a Soma Tech Intl elimina el intermediario en la ecuaci\u00f3n. Esto tambi\u00e9n asegura que su centro m\u00e9dico obtiene el mejor precio por su equipo. Soma cumple al 100% con las normas HIPPA y se asegura de que su equipo llegue a nuestras instalaciones en las mismas condiciones en que sali\u00f3 del suyo. Soma Tech Intl tambi\u00e9n da la opci\u00f3n de cr\u00e9dito de intercambio en su equipo m\u00e9dico. Si usted o su instalaci\u00f3n est\u00e1 buscando recuperar espacio para nuevos equipos, o si usted est\u00e1 buscando para actualizar su equipo actual, p\u00f3ngase en contacto con el departamento de compras en Buyer@SomaTechnology.com o env\u00edenos un mensaje en nuestro sitio web Vender a Soma.<\/p>\n","protected":false},"excerpt":{"rendered":"<p>Volumetric Pump<\/p>\n","protected":false},"featured_media":11762,"template":"","meta":{"_acf_changed":false,"_relevanssi_hide_post":"","_relevanssi_hide_content":"","_relevanssi_pin_for_all":"","_relevanssi_pin_keywords":"","_relevanssi_unpin_keywords":"","_relevanssi_related_keywords":"","_relevanssi_related_include_ids":"","_relevanssi_related_exclude_ids":"","_relevanssi_related_no_append":"","_relevanssi_related_not_related":"","_relevanssi_related_posts":"","_relevanssi_noindex_reason":"","inline_featured_image":false},"pwb-brand":[1321],"product_brand":[],"product_cat":[52],"product_tag":[3585,2941,2936,2939,3582,3048,3583],"class_list":{"0":"post-3631","1":"product","2":"type-product","3":"status-publish","4":"has-post-thumbnail","6":"pwb-brand-bombas-intravenosas-baxter","7":"product_cat-bombas-intravenosas","8":"product_tag-3585","9":"product_tag-6201-baxter","10":"product_tag-baxter","11":"product_tag-baxter-6201","12":"product_tag-bombas","13":"product_tag-bombas-intravenosas","14":"product_tag-intravenosas","16":"first","17":"instock","18":"purchasable","19":"product-type-simple"},"acf":[],"brands":[{"id":1321,"name":"Baxter","slug":"bombas-intravenosas-baxter"}],"_links":{"self":[{"href":"https:\/\/www.somatechnology.com\/spanish\/wp-json\/wp\/v2\/product\/3631","targetHints":{"allow":["GET"]}}],"collection":[{"href":"https:\/\/www.somatechnology.com\/spanish\/wp-json\/wp\/v2\/product"}],"about":[{"href":"https:\/\/www.somatechnology.com\/spanish\/wp-json\/wp\/v2\/types\/product"}],"wp:featuredmedia":[{"embeddable":true,"href":"https:\/\/www.somatechnology.com\/spanish\/wp-json\/wp\/v2\/media\/11762"}],"wp:attachment":[{"href":"https:\/\/www.somatechnology.com\/spanish\/wp-json\/wp\/v2\/media?parent=3631"}],"wp:term":[{"taxonomy":"pwb-brand","embeddable":true,"href":"https:\/\/www.somatechnology.com\/spanish\/wp-json\/wp\/v2\/pwb-brand?post=3631"},{"taxonomy":"product_brand","embeddable":true,"href":"https:\/\/www.somatechnology.com\/spanish\/wp-json\/wp\/v2\/product_brand?post=3631"},{"taxonomy":"product_cat","embeddable":true,"href":"https:\/\/www.somatechnology.com\/spanish\/wp-json\/wp\/v2\/product_cat?post=3631"},{"taxonomy":"product_tag","embeddable":true,"href":"https:\/\/www.somatechnology.com\/spanish\/wp-json\/wp\/v2\/product_tag?post=3631"}],"curies":[{"name":"wp","href":"https:\/\/api.w.org\/{rel}","templated":true}]}}