{"id":3644,"date":"2016-07-19T21:11:31","date_gmt":"2016-07-19T21:11:31","guid":{"rendered":"http:\/\/equipomedicocentral.com\/wordpress\/product\/ge-dash-5000\/"},"modified":"2023-08-23T05:58:17","modified_gmt":"2023-08-23T09:58:17","slug":"ge-dash-5000","status":"publish","type":"product","link":"https:\/\/www.somatechnology.com\/spanish\/equipo-medico-usado-remanufacturado\/monitores-de-signos-vitales\/monitores-multiparametros\/ge-dash-5000\/","title":{"rendered":"GE Dash 5000"},"content":{"rendered":"<h2>Caracter\u00edsticas del\u00a0<strong>GE Dash 5000 <\/strong><\/h2>\n<ul>\n<li>Dise\u00f1ado para una supervisi\u00f3n optimizada en todas las aplicaciones de cuidado<\/li>\n<li>Algoritmos avanzados para todos los par\u00e1metros monitoreados<\/li>\n<li>La configuraci\u00f3n de alarma totalmente flexible permite una monitorizaci\u00f3n personalizada<\/li>\n<li>Adquisici\u00f3n de ECG a trav\u00e9s de cables o inal\u00e1mbricos<\/li>\n<li>La luz de alarma brillante al lado de la cama ayuda a ubicar inmediatamente al paciente en situaciones cr\u00edticas<\/li>\n<li>Las m\u00faltiples soluciones de montaje y una amplia gama de accesorios aseguran una configuraci\u00f3n de lugar de trabajo f\u00e1cil y flexible<\/li>\n<li>Vista de pantalla de 3 formas de onda para maximizar el tama\u00f1o de los valores de par\u00e1metros y formas de onda<\/li>\n<li>Pr\u00e1ctica \u00e1rea de atenci\u00f3n espec\u00edfica La almohadilla iTouch remota permite el funcionamiento en ambos lados de la cama del paciente y el acceso directo a las funciones de uso frecuente<\/li>\n<li>Pantalla remota a trav\u00e9s de DashPort2 para una visi\u00f3n general central \u00f3ptima<\/li>\n<li>M\u00f3dulo de CO2 y Rack de extensi\u00f3n para par\u00e1metros adicionales<\/li>\n<li>Amplia gama de opciones de interfaz con soluciones iConnect<\/li>\n<li>Opciones de medici\u00f3n de CO2 de corriente secundaria convencional y de flujo bajo para aplicaciones desde pacientes neonatales hasta pacientes adultos<\/li>\n<\/ul>\n<h2 dir=\"ltr\" data-placeholder=\"Translation\"><span lang=\"es\">Especificaciones<\/span> del\u00a0<strong>GE Dash 5000<\/strong><\/h2>\n<h3>Monitor<\/h3>\n<ul>\n<li>Tama\u00f1o Dash 3000 &#8211; 8.4 in., Dash 4000 &#8211; 10.4 in., Dash 5000 &#8211; 12.1 in.<\/li>\n<li>Tipo LCD de color de matriz activa<\/li>\n<li>Resoluci\u00f3n Dash 3000 y 4000: 640 por 480 ppp, Dash 5000: 800 por 600 ppp \u2022 N\u00famero de trazas 7 (m\u00e1ximo)<\/li>\n<li>N\u00famero de segundos \/ traza 4.9 a 25 mm \/ seg<\/li>\n<li>Velocidad de barrido 6.25, 12.5, 25 mm \/ seg (con barra de borrado)<\/li>\n<\/ul>\n<h3>Controles<\/h3>\n<ul>\n<li>Control TrimKnob\u00ae<\/li>\n<li>Cinco teclas fijas Alarma de silencio est\u00e1ndar, Imprimir, Ir \/ Parar NBP, Poner a cero todo y Encender \/ Apagar. Dash 5000 agrega<\/li>\n<li>Tendencias, NBP Auto, Admit \/ Discharge, Standby y Main View<\/li>\n<li>Opci\u00f3n de control remoto disponible<\/li>\n<\/ul>\n<h3>Alarmas<\/h3>\n<ul>\n<li>Categor\u00edas Estado del paciente y estado del sistema<\/li>\n<li>Niveles de prioridad 4: crisis, advertencia, asesoramiento y mensaje<\/li>\n<li>Notificaci\u00f3n audible y visual<\/li>\n<li>Configuraci\u00f3n predeterminada e individual<\/li>\n<li>Silenciando 1 minuto, alarma actual solamente<\/li>\n<li>Haga una pausa de 5 minutos en el modo adulto de la UCI, 3 minutos en el modo de UCI neonatal y 5 minutos,<\/li>\n<li>15 minutos o pausa permanente en modo O<\/li>\n<li>Volumen predeterminado 70 dB medido a 1 metro<\/li>\n<\/ul>\n<h3>Presi\u00f3n Arterial Invasiva<\/h3>\n<ul>\n<li>N\u00famero de canales 1 a 4 (opcional)<\/li>\n<li>Lugares transductores Arterial, arteria femoral, arteria pulmonar, vena central, aur\u00edcula derecha, aur\u00edcula izquierda, intracraneal y especial<\/li>\n<li>Requisitos del transductor Voltaje de excitaci\u00f3n: 5 V cc \u00b1 0.1%<\/li>\n<li>Salida del transductor 5 \u03bcV \/ V \/ mmHg<\/li>\n<\/ul>\n<h3>Especificaciones de entrada<\/h3>\n<ul>\n<li>Rango de -25 mmHg a 300 mmHg<\/li>\n<li>Desplazamiento \u00b1 150 mmHg<\/li>\n<\/ul>\n<h3>Especificaciones de salida<\/h3>\n<ul>\n<li>Respuesta de frecuencia de CC a 50 Hz (-3 dB)<\/li>\n<li>Rango de balance cero \u00b1 150 mmHg<\/li>\n<li>Precisi\u00f3n del balance cero \u00b1 1 mmHg<\/li>\n<li>Deriva del balance cero \u00b1 1 mmHg durante 24 horas<\/li>\n<li>Precisi\u00f3n \u00b1 2% o \u00b1 1 mmHg, el que sea mayor<\/li>\n<li>(exclusivo del transductor)<\/li>\n<li>Alarmas L\u00edmites superior e inferior seleccionables por el usuario para presiones sist\u00f3lica, diast\u00f3lica y media<\/li>\n<\/ul>\n<h3>Detecci\u00f3n \/ rechazo de marcapasos<\/h3>\n<ul>\n<li>Rango de voltaje de entrada \u00b1 2 mV a \u00b1 700 mV<\/li>\n<li>Ancho de pulso de entrada 0.1 ms a 2 ms<\/li>\n<li>Tiempo de subida 10 \u03bcs a 100 \u03bcs<\/li>\n<li>Tiro arriba \/ abajo 2 mV (max)<\/li>\n<li>Deriva b\u00e1sica &lt;0.5 mV por hora con un \u00b1 700 mV, 2 ms<\/li>\n<li>Pulso marcapasos aplicado<\/li>\n<\/ul>\n<h3>Respiraci\u00f3n<\/h3>\n<ul>\n<li>T\u00e9cnica de medici\u00f3n Detecci\u00f3n de variaci\u00f3n de impedancia<\/li>\n<li>Rango de 0-200 respiraciones por minuto para variaciones de 1.0 &#8211; 10.0 \u03a9<\/li>\n<li>Frecuencia respiratoria 0-200 respiraciones por minuto<\/li>\n<li>Impedancia base 100-1000 \u03a9 a 52,6 kHz<\/li>\n<li>Sensibilidad de detecci\u00f3n variaci\u00f3n de 0.4 a 10 \u03a9<\/li>\n<li>Ancho de banda de pantalla de forma de onda de 0,1 a 1,8 Hz (-3 dB)<\/li>\n<li>Alarmas L\u00edmites de frecuencia respiratoria superior e inferior seleccionables por el usuario y l\u00edmite de apnea seleccionable por el usuario<\/li>\n<\/ul>\n<p>&nbsp;<\/p>\n","protected":false},"excerpt":{"rendered":"<p>Monitor Multiparametro<\/p>\n","protected":false},"featured_media":22386,"template":"","meta":{"_acf_changed":false,"_relevanssi_hide_post":"","_relevanssi_hide_content":"","_relevanssi_pin_for_all":"","_relevanssi_pin_keywords":"","_relevanssi_unpin_keywords":"","_relevanssi_related_keywords":"","_relevanssi_related_include_ids":"","_relevanssi_related_exclude_ids":"","_relevanssi_related_no_append":"","_relevanssi_related_not_related":"","_relevanssi_related_posts":"","_relevanssi_noindex_reason":"","inline_featured_image":false},"pwb-brand":[1100],"product_brand":[],"product_cat":[50],"product_tag":[829,823,828,224,820,827,3743,3739,3715,3614],"class_list":{"0":"post-3644","1":"product","2":"type-product","3":"status-publish","4":"has-post-thumbnail","6":"pwb-brand-equipo-medico-ge","7":"product_cat-monitores-multiparametros","8":"product_tag-829","9":"product_tag-dash","10":"product_tag-dash-5000","11":"product_tag-ge","12":"product_tag-ge-dash","13":"product_tag-ge-dash-5000","14":"product_tag-ge-dash-5000-monitores-multiparametros","15":"product_tag-ge-dash-monitores-multiparametros","16":"product_tag-ge-monitores-multiparametros","17":"product_tag-monitores-multiparametros","19":"first","20":"instock","21":"purchasable","22":"product-type-simple"},"acf":[],"brands":[{"id":1100,"name":"GE","slug":"equipo-medico-ge"}],"_links":{"self":[{"href":"https:\/\/www.somatechnology.com\/spanish\/wp-json\/wp\/v2\/product\/3644","targetHints":{"allow":["GET"]}}],"collection":[{"href":"https:\/\/www.somatechnology.com\/spanish\/wp-json\/wp\/v2\/product"}],"about":[{"href":"https:\/\/www.somatechnology.com\/spanish\/wp-json\/wp\/v2\/types\/product"}],"wp:featuredmedia":[{"embeddable":true,"href":"https:\/\/www.somatechnology.com\/spanish\/wp-json\/wp\/v2\/media\/22386"}],"wp:attachment":[{"href":"https:\/\/www.somatechnology.com\/spanish\/wp-json\/wp\/v2\/media?parent=3644"}],"wp:term":[{"taxonomy":"pwb-brand","embeddable":true,"href":"https:\/\/www.somatechnology.com\/spanish\/wp-json\/wp\/v2\/pwb-brand?post=3644"},{"taxonomy":"product_brand","embeddable":true,"href":"https:\/\/www.somatechnology.com\/spanish\/wp-json\/wp\/v2\/product_brand?post=3644"},{"taxonomy":"product_cat","embeddable":true,"href":"https:\/\/www.somatechnology.com\/spanish\/wp-json\/wp\/v2\/product_cat?post=3644"},{"taxonomy":"product_tag","embeddable":true,"href":"https:\/\/www.somatechnology.com\/spanish\/wp-json\/wp\/v2\/product_tag?post=3644"}],"curies":[{"name":"wp","href":"https:\/\/api.w.org\/{rel}","templated":true}]}}