{"id":3646,"date":"2016-07-19T21:12:07","date_gmt":"2016-07-19T21:12:07","guid":{"rendered":"http:\/\/equipomedicocentral.com\/wordpress\/product\/stryker-1060\/"},"modified":"2023-08-23T05:58:24","modified_gmt":"2023-08-23T09:58:24","slug":"stryker-1060","status":"publish","type":"product","link":"https:\/\/www.somatechnology.com\/spanish\/equipo-medico-usado-remanufacturado\/camillas\/stryker-1060\/","title":{"rendered":"Stryker 1061"},"content":{"rendered":"<h2>Caracter\u00edsticas de Stryker Gynnie 1061<\/h2>\n<p>Gynnie combina la durabilidad de la marca registrada y las caracter\u00edsticas de un ensanchador est\u00e1ndar de Stryker con la funcionalidad Suprema de OB\/GYN. Ideal para los ex\u00e1menes p\u00e9lvicos y el uso general, esta camilla de m\u00faltiples funciones puede equipar un departamento entero de la emergencia.<\/p>\n<ul>\n<li>Colch\u00f3n ultra Comfort de 4 pulgadas (10 cm) con costuras selladas<\/li>\n<li>Echadores Omni Surface &#x2122; de 8 pulgadas (20 cm) con cubiertas para ruedas<\/li>\n<li>Superficie paciente de 26 pulgadas (66 cm) de ancho<\/li>\n<li>Respaldo neum\u00e1tico del cilindro dual<\/li>\n<li>Hidr\u00e1ulica de pedestal doble con descenso de tarifa constante<\/li>\n<li>Hidr\u00e1ulico de control de pie de doble lado-montado<\/li>\n<li>Manejo retractable de la quinto-rueda<\/li>\n<li>Frenos de cuatro ruedas, de acero-anillo con los activadores duales del lado y de la cabeza<\/li>\n<li>Rieles laterales Glideaway &#x2122;<\/li>\n<li>Bandeja integrada del almacenaje con el sostenedor de botella de ox\u00edgeno<\/li>\n<li>Secci\u00f3n del pie plegable permanentemente-atada<\/li>\n<li>Soportes de pie con conexi\u00f3n permanente<\/li>\n<li>Manijas de empuje emergentes<\/li>\n<li>Topes del rodillo<\/li>\n<li>Dos recept\u00e1culos IV<\/li>\n<li>Palanca de liberaci\u00f3n \u00fanica de la secci\u00f3n de pie con una mano<\/li>\n<\/ul>\n<h2>Especificaciones Stryker 1061 Gynnie<\/h2>\n<h3>Informaci\u00f3n General<\/h3>\n<ul>\n<li>N\u00famero de modelo 1061<\/li>\n<li>Largura total 81,5 \u2033 (207 cm)<\/li>\n<li>Anchura total<\/li>\n<li>Carriles laterales para arriba 31,5 \u2033 (80 cm)<\/li>\n<li>Carriles laterales abajo 26,75 \u2033 (68 cm)<\/li>\n<li>Peso capacidad 500 lb. (227 kg)<\/li>\n<li>Gama de la altura (a la tapa de litera)<\/li>\n<li>Alto 35 \u2033 (88,9 cm)<\/li>\n<li>Bajo 22 \u2033 (55,9 cm)<\/li>\n<li>Colocaci\u00f3n de la litera<\/li>\n<li>Respaldo 0 \u00b0 \u2013 90 \u00b0<\/li>\n<li>Rodilla Gatch 0 \u00b0 \u2013 90 \u00b0<\/li>\n<li>Trend.\/Reverse tendencia. \u00b1 18 \u00b0<\/li>\n<li>\u00c1ngulo m\u00e1ximo 87,5 \u00b0<\/li>\n<li>Superficie paciente 26 \u2033 x 77 \u2033 (66 x 196 cm)<\/li>\n<li>Carriles laterales 13 \u2033 x 39 \u2033 (34 x 99 cm)<\/li>\n<li>Di\u00e1metro de ruedecilla 8 \u2033 (20 cm)<\/li>\n<li>El punto de ruptura de la pared 64 \u2033 (162,6 cm)<\/li>\n<\/ul>\n<p>&nbsp;<\/p>\n","protected":false},"excerpt":{"rendered":"<p>Camilla<\/p>\n","protected":false},"featured_media":12481,"template":"","meta":{"_acf_changed":false,"_relevanssi_hide_post":"","_relevanssi_hide_content":"","_relevanssi_pin_for_all":"","_relevanssi_pin_keywords":"","_relevanssi_unpin_keywords":"","_relevanssi_related_keywords":"","_relevanssi_related_include_ids":"","_relevanssi_related_exclude_ids":"","_relevanssi_related_no_append":"","_relevanssi_related_not_related":"","_relevanssi_related_posts":"","_relevanssi_noindex_reason":"","inline_featured_image":false},"pwb-brand":[1079],"product_brand":[],"product_cat":[58,4778],"product_tag":[5285,5307,178,5309,5310,5306],"class_list":{"0":"post-3646","1":"product","2":"type-product","3":"status-publish","4":"has-post-thumbnail","6":"pwb-brand-equipo-medico-stryker","7":"product_cat-camillas","8":"product_cat-camillas-de-transporte","9":"product_tag-camillas-de-transporte","10":"product_tag-camillas-de-transporte-stryker","11":"product_tag-stryker","12":"product_tag-stryker-1061","13":"product_tag-stryker-1061-camillas-de-transporte","14":"product_tag-stryker-camillas-de-transporte","16":"first","17":"instock","18":"purchasable","19":"product-type-simple"},"acf":[],"brands":[{"id":1079,"name":"Stryker","slug":"equipo-medico-stryker"}],"_links":{"self":[{"href":"https:\/\/www.somatechnology.com\/spanish\/wp-json\/wp\/v2\/product\/3646","targetHints":{"allow":["GET"]}}],"collection":[{"href":"https:\/\/www.somatechnology.com\/spanish\/wp-json\/wp\/v2\/product"}],"about":[{"href":"https:\/\/www.somatechnology.com\/spanish\/wp-json\/wp\/v2\/types\/product"}],"wp:featuredmedia":[{"embeddable":true,"href":"https:\/\/www.somatechnology.com\/spanish\/wp-json\/wp\/v2\/media\/12481"}],"wp:attachment":[{"href":"https:\/\/www.somatechnology.com\/spanish\/wp-json\/wp\/v2\/media?parent=3646"}],"wp:term":[{"taxonomy":"pwb-brand","embeddable":true,"href":"https:\/\/www.somatechnology.com\/spanish\/wp-json\/wp\/v2\/pwb-brand?post=3646"},{"taxonomy":"product_brand","embeddable":true,"href":"https:\/\/www.somatechnology.com\/spanish\/wp-json\/wp\/v2\/product_brand?post=3646"},{"taxonomy":"product_cat","embeddable":true,"href":"https:\/\/www.somatechnology.com\/spanish\/wp-json\/wp\/v2\/product_cat?post=3646"},{"taxonomy":"product_tag","embeddable":true,"href":"https:\/\/www.somatechnology.com\/spanish\/wp-json\/wp\/v2\/product_tag?post=3646"}],"curies":[{"name":"wp","href":"https:\/\/api.w.org\/{rel}","templated":true}]}}