{"id":3650,"date":"2016-07-19T21:12:07","date_gmt":"2016-07-19T21:12:07","guid":{"rendered":"http:\/\/equipomedicocentral.com\/wordpress\/product\/alaris-imed-gemini-pc-1\/"},"modified":"2025-09-23T15:42:57","modified_gmt":"2025-09-23T19:42:57","slug":"alaris-imed-gemini-pc-1","status":"publish","type":"product","link":"https:\/\/www.somatechnology.com\/spanish\/equipo-medico-usado-remanufacturado\/terapia-intravenosa\/bombas-intravenosas\/alaris-imed-gemini-pc-1\/","title":{"rendered":"BD CareFusion Alaris IMED Gemini PC-1"},"content":{"rendered":"<h2>Caracter\u00edsticas Bomba de Infusi\u00f3n BD CareFusion Alaris IMED Gemini PC-1<\/h2>\n<p>El <strong>IMED Gemini PC-1<\/strong> es una bomba de infusi\u00f3n volum\u00e9trica de un solo canal y un controlador que proporciona una infusi\u00f3n precisa y autom\u00e1tica de f\u00e1rmacos y l\u00edquidos intravenosos. El PC-1 puede ser operado como una bomba o un controlador, o puede ser configurado como s\u00f3lo uno u otro usando una caracter\u00edstica de bloqueo. El fluido secundario (o en la leng\u00fceta) tambi\u00e9n puede ser infundido autom\u00e1ticamente a velocidades de entrega y vol\u00famenes independientes de los par\u00e1metros primarios de infusi\u00f3n, con cambio autom\u00e1tico a los par\u00e1metros primarios de infusi\u00f3n cuando la infusi\u00f3n secundaria est\u00e1 completa y cuando se utiliza un Sistema de administraci\u00f3n Add-I-Med. La operaci\u00f3n del equipo se proporciona cuando el PC-1 est\u00e1 interpuesto con un ordenador anfitri\u00f3n. En la gu\u00eda de programaci\u00f3n C-2 se proporcionan los datos t\u00e9cnicos necesarios para conectar el PC-1 con un ordenador anfitri\u00f3n<\/p>\n","protected":false},"excerpt":{"rendered":"<p>El IMED Gemini PC-1 es una bomba de infusi\u00f3n volum\u00e9trica de un solo canal y un controlador que proporciona una infusi\u00f3n precisa y autom\u00e1tica de f\u00e1rmacos y l\u00edquidos intravenosos. El PC-1 puede ser operado como una bomba o un controlador, o puede ser configurado como s\u00f3lo uno u otro usando una caracter\u00edstica de bloqueo.<\/p>\n","protected":false},"featured_media":11789,"template":"","meta":{"_acf_changed":false,"_relevanssi_hide_post":"","_relevanssi_hide_content":"","_relevanssi_pin_for_all":"","_relevanssi_pin_keywords":"","_relevanssi_unpin_keywords":"","_relevanssi_related_keywords":"","_relevanssi_related_include_ids":"","_relevanssi_related_exclude_ids":"","_relevanssi_related_no_append":"","_relevanssi_related_not_related":"","_relevanssi_related_posts":"","_relevanssi_noindex_reason":"","inline_featured_image":false},"pwb-brand":[1327],"product_brand":[],"product_cat":[52],"product_tag":[3064,2932,3057,3062,3061,3063,3611,3799,3801,3065],"class_list":{"0":"post-3650","1":"product","2":"type-product","3":"status-publish","4":"has-post-thumbnail","6":"pwb-brand-equipo-medico-bd-becton-dickinson","7":"product_cat-bombas-intravenosas","8":"product_tag-bd-alaris-imed-gemini-pc-1","9":"product_tag-bd-carefusion-alaris","10":"product_tag-bd-carefusion-alaris-imed","11":"product_tag-bd-carefusion-alaris-imed-gemini","12":"product_tag-bd-carefusion-alaris-imed-gemini-pc-1","13":"product_tag-bd-carefusion-imed-gemini-pc-1","14":"product_tag-bomba-de-infusion","15":"product_tag-bomba-de-infusion-bd-carefusion-alaris","16":"product_tag-bomba-de-infusion-bd-carefusion-alaris-imed-gemini-pc-1","17":"product_tag-carefusion-alaris-imed-gemini-pc-1","19":"first","20":"instock","21":"purchasable","22":"product-type-simple"},"acf":[],"brands":[{"id":1327,"name":"BD","slug":"equipo-medico-bd-becton-dickinson"}],"_links":{"self":[{"href":"https:\/\/www.somatechnology.com\/spanish\/wp-json\/wp\/v2\/product\/3650","targetHints":{"allow":["GET"]}}],"collection":[{"href":"https:\/\/www.somatechnology.com\/spanish\/wp-json\/wp\/v2\/product"}],"about":[{"href":"https:\/\/www.somatechnology.com\/spanish\/wp-json\/wp\/v2\/types\/product"}],"wp:featuredmedia":[{"embeddable":true,"href":"https:\/\/www.somatechnology.com\/spanish\/wp-json\/wp\/v2\/media\/11789"}],"wp:attachment":[{"href":"https:\/\/www.somatechnology.com\/spanish\/wp-json\/wp\/v2\/media?parent=3650"}],"wp:term":[{"taxonomy":"pwb-brand","embeddable":true,"href":"https:\/\/www.somatechnology.com\/spanish\/wp-json\/wp\/v2\/pwb-brand?post=3650"},{"taxonomy":"product_brand","embeddable":true,"href":"https:\/\/www.somatechnology.com\/spanish\/wp-json\/wp\/v2\/product_brand?post=3650"},{"taxonomy":"product_cat","embeddable":true,"href":"https:\/\/www.somatechnology.com\/spanish\/wp-json\/wp\/v2\/product_cat?post=3650"},{"taxonomy":"product_tag","embeddable":true,"href":"https:\/\/www.somatechnology.com\/spanish\/wp-json\/wp\/v2\/product_tag?post=3650"}],"curies":[{"name":"wp","href":"https:\/\/api.w.org\/{rel}","templated":true}]}}