{"id":3660,"date":"2016-07-19T21:12:07","date_gmt":"2016-07-19T21:12:07","guid":{"rendered":"http:\/\/equipomedicocentral.com\/wordpress\/product\/datex-ohmeda-tec-6-desflurane\/"},"modified":"2025-09-23T15:44:34","modified_gmt":"2025-09-23T19:44:34","slug":"datex-ohmeda-tec-6-desflurane","status":"publish","type":"product","link":"https:\/\/www.somatechnology.com\/spanish\/equipo-medico-usado-remanufacturado\/vaporizadores-de-anestesia\/datex-ohmeda-tec-6-desflurane\/","title":{"rendered":"GE Datex Ohmeda Tec 6 &#8211; Desflurane"},"content":{"rendered":"<h2>Caracter\u00edsticas de Desflurane Datex Ohmeda Tec 6<\/h2>\n<p>La GE Datex Ohmeda Tec 6 Plus es una opci\u00f3n ideal para instalaciones que requieren un vaporizador de anestesia confiable, electr\u00f3nico y desflurane. Con una pantalla LED a bordo para indicar que no hay salida, agente bajo, bater\u00eda baja y calentamiento, el Tec 6 Plus ofrece cantidades constantes y cuidadosamente monitoreadas de desflurane con su paciente.<\/p>\n<p>El Tec 6 Plus tambi\u00e9n cuenta con protocolos de auto-diagn\u00f3stico para comprobar la m\u00e1quina cada vez que se enciende. Tiene una capacidad del colector de aceite de 425 ml, permitiendo que los cl\u00ednicos utilicen el vaporizador por per\u00edodos extendidos entre los repuesios. El vaporizador puede rellenarse durante el uso.<\/p>\n<ul>\n<li>Las varias caracter\u00edsticas de seguridad hacen proporcionar la anestesia desflurane segura y eficaz.<\/li>\n<li>Completa los ex\u00e1menes de auto-diagn\u00f3stico cada vez que se enciende el vaporizador.<\/li>\n<li>Capacidad de sumidero de hasta 425 ml, casi 2 botellas de desflurane, para el uso extendido de recambios.<\/li>\n<li>La exhibici\u00f3n de LED incorporada indica: ninguna salida, agente bajo, bater\u00eda baja, calentamiento.<\/li>\n<li>La recarga se puede hacer mientras el vaporizador est\u00e1 en uso.<\/li>\n<li>V\u00e1lvula \u00fanica del SAF-T-terrapl\u00e9n dise\u00f1ada para caber el dispositivo de relleno complementario del Tec 6 m\u00e1s, ayudando a prevenir la liberaci\u00f3n accidental de vapores.<\/li>\n<\/ul>\n<p>&nbsp;<\/p>\n","protected":false},"excerpt":{"rendered":"<p>La GE Datex Ohmeda Tec 6 Plus es una opci\u00f3n ideal para instalaciones que requieren un vaporizador de anestesia confiable, electr\u00f3nico y desflurane. Con una pantalla LED a bordo para indicar que no hay salida, agente bajo, bater\u00eda baja y calentamiento, el Tec 6 Plus ofrece cantidades constantes y cuidadosamente monitoreadas de desflurane con su paciente.<\/p>\n","protected":false},"featured_media":5368,"template":"","meta":{"_acf_changed":false,"_relevanssi_hide_post":"","_relevanssi_hide_content":"","_relevanssi_pin_for_all":"","_relevanssi_pin_keywords":"","_relevanssi_unpin_keywords":"","_relevanssi_related_keywords":"","_relevanssi_related_include_ids":"","_relevanssi_related_exclude_ids":"","_relevanssi_related_no_append":"","_relevanssi_related_not_related":"","_relevanssi_related_posts":"","_relevanssi_noindex_reason":"","inline_featured_image":false},"pwb-brand":[1100],"product_brand":[],"product_cat":[62],"product_tag":[226,5622,5623,5609,224,5606,5624,5625,5593],"class_list":{"0":"post-3660","1":"product","2":"type-product","3":"status-publish","4":"has-post-thumbnail","6":"pwb-brand-equipo-medico-ge","7":"product_cat-vaporizadores-de-anestesia","8":"product_tag-datex-ohmeda","9":"product_tag-datex-ohmeda-tec-6","10":"product_tag-datex-ohmeda-tec-6-desflurane","11":"product_tag-datex-ohmeda-vaporizadores-de-anestesia","12":"product_tag-ge","13":"product_tag-ge-vaporizadores-de-anestesia","14":"product_tag-tec-6-desflurane-vaporizadores-de-anestesia","15":"product_tag-tect-6-vaporizadores-de-anestesia","16":"product_tag-vaporizadores-de-anestesia","18":"first","19":"instock","20":"purchasable","21":"product-type-simple"},"acf":[],"brands":[{"id":1100,"name":"GE","slug":"equipo-medico-ge"}],"_links":{"self":[{"href":"https:\/\/www.somatechnology.com\/spanish\/wp-json\/wp\/v2\/product\/3660","targetHints":{"allow":["GET"]}}],"collection":[{"href":"https:\/\/www.somatechnology.com\/spanish\/wp-json\/wp\/v2\/product"}],"about":[{"href":"https:\/\/www.somatechnology.com\/spanish\/wp-json\/wp\/v2\/types\/product"}],"wp:featuredmedia":[{"embeddable":true,"href":"https:\/\/www.somatechnology.com\/spanish\/wp-json\/wp\/v2\/media\/5368"}],"wp:attachment":[{"href":"https:\/\/www.somatechnology.com\/spanish\/wp-json\/wp\/v2\/media?parent=3660"}],"wp:term":[{"taxonomy":"pwb-brand","embeddable":true,"href":"https:\/\/www.somatechnology.com\/spanish\/wp-json\/wp\/v2\/pwb-brand?post=3660"},{"taxonomy":"product_brand","embeddable":true,"href":"https:\/\/www.somatechnology.com\/spanish\/wp-json\/wp\/v2\/product_brand?post=3660"},{"taxonomy":"product_cat","embeddable":true,"href":"https:\/\/www.somatechnology.com\/spanish\/wp-json\/wp\/v2\/product_cat?post=3660"},{"taxonomy":"product_tag","embeddable":true,"href":"https:\/\/www.somatechnology.com\/spanish\/wp-json\/wp\/v2\/product_tag?post=3660"}],"curies":[{"name":"wp","href":"https:\/\/api.w.org\/{rel}","templated":true}]}}