{"id":3668,"date":"2016-07-19T21:12:07","date_gmt":"2016-07-19T21:12:07","guid":{"rendered":"http:\/\/equipomedicocentral.com\/wordpress\/product\/datex-ohmeda-tec-4-isoflurane\/"},"modified":"2025-09-23T15:44:45","modified_gmt":"2025-09-23T19:44:45","slug":"datex-ohmeda-tec-4-isoflurane","status":"publish","type":"product","link":"https:\/\/www.somatechnology.com\/spanish\/equipo-medico-usado-remanufacturado\/vaporizadores-de-anestesia\/datex-ohmeda-tec-4-isoflurane\/","title":{"rendered":"GE Datex Ohmeda Tec 4 &#8211; Isoflurane"},"content":{"rendered":"<h2>Datex Ohmeda Tec 4 \u2013 Isoflurane Features<\/h2>\n<ul>\n<li>Los vaporizadores Tec 4 est\u00e1n dise\u00f1ados para el uso \u00abfuera del circuito\u00bb en t\u00e9cnicas de flujo continuo de anestesia por inhalaci\u00f3n.<\/li>\n<li>Los vaporizadores son de temperatura y de caudal compensados.<\/li>\n<li>Un solo dial de control, con una escala de concentraci\u00f3n calibrada en% del agente anest\u00e9sico.<\/li>\n<li>Para evitar el desplazamiento accidental del dial de control desde la posici\u00f3n \u00abOFF\u00bb a un \u00abON\u00bb, se incorpora un bot\u00f3n de liberaci\u00f3n en el conjunto de dial. El Tec 4 s\u00f3lo puede encenderse cuando la palanca de bloqueo est\u00e1 girada a la posici\u00f3n \u00abLock\u00bb (bloqueo).<\/li>\n<li>Agentes: Isoflurano, Sevoflurane<\/li>\n<li>Rellenos: embudo o afinado<\/li>\n<li>Montaje: Selectatec<\/li>\n<\/ul>\n","protected":false},"excerpt":{"rendered":"<p>Vaporizer de Anestesia<\/p>\n","protected":false},"featured_media":12710,"template":"","meta":{"_acf_changed":false,"_relevanssi_hide_post":"","_relevanssi_hide_content":"","_relevanssi_pin_for_all":"","_relevanssi_pin_keywords":"","_relevanssi_unpin_keywords":"","_relevanssi_related_keywords":"","_relevanssi_related_include_ids":"","_relevanssi_related_exclude_ids":"","_relevanssi_related_no_append":"","_relevanssi_related_not_related":"","_relevanssi_related_posts":"","_relevanssi_noindex_reason":"","inline_featured_image":false},"pwb-brand":[1100],"product_brand":[],"product_cat":[62],"product_tag":[5605,5609,224,5608,5607,5606,5593],"class_list":{"0":"post-3668","1":"product","2":"type-product","3":"status-publish","4":"has-post-thumbnail","6":"pwb-brand-equipo-medico-ge","7":"product_cat-vaporizadores-de-anestesia","8":"product_tag-datex-ohmeda-tec-4-isoflurane","9":"product_tag-datex-ohmeda-vaporizadores-de-anestesia","10":"product_tag-ge","11":"product_tag-ge-tec-4-isoflurane","12":"product_tag-ge-tec-4-isoflurane-vaporizadores-de-anestesia","13":"product_tag-ge-vaporizadores-de-anestesia","14":"product_tag-vaporizadores-de-anestesia","16":"first","17":"instock","18":"purchasable","19":"product-type-simple"},"acf":[],"brands":[{"id":1100,"name":"GE","slug":"equipo-medico-ge"}],"_links":{"self":[{"href":"https:\/\/www.somatechnology.com\/spanish\/wp-json\/wp\/v2\/product\/3668","targetHints":{"allow":["GET"]}}],"collection":[{"href":"https:\/\/www.somatechnology.com\/spanish\/wp-json\/wp\/v2\/product"}],"about":[{"href":"https:\/\/www.somatechnology.com\/spanish\/wp-json\/wp\/v2\/types\/product"}],"wp:featuredmedia":[{"embeddable":true,"href":"https:\/\/www.somatechnology.com\/spanish\/wp-json\/wp\/v2\/media\/12710"}],"wp:attachment":[{"href":"https:\/\/www.somatechnology.com\/spanish\/wp-json\/wp\/v2\/media?parent=3668"}],"wp:term":[{"taxonomy":"pwb-brand","embeddable":true,"href":"https:\/\/www.somatechnology.com\/spanish\/wp-json\/wp\/v2\/pwb-brand?post=3668"},{"taxonomy":"product_brand","embeddable":true,"href":"https:\/\/www.somatechnology.com\/spanish\/wp-json\/wp\/v2\/product_brand?post=3668"},{"taxonomy":"product_cat","embeddable":true,"href":"https:\/\/www.somatechnology.com\/spanish\/wp-json\/wp\/v2\/product_cat?post=3668"},{"taxonomy":"product_tag","embeddable":true,"href":"https:\/\/www.somatechnology.com\/spanish\/wp-json\/wp\/v2\/product_tag?post=3668"}],"curies":[{"name":"wp","href":"https:\/\/api.w.org\/{rel}","templated":true}]}}