{"id":3674,"date":"2016-07-19T21:12:07","date_gmt":"2016-07-19T21:12:07","guid":{"rendered":"http:\/\/equipomedicocentral.com\/wordpress\/product\/pedigo-midmark-550\/"},"modified":"2025-09-23T15:45:12","modified_gmt":"2025-09-23T19:45:12","slug":"pedigo-midmark-550","status":"publish","type":"product","link":"https:\/\/www.somatechnology.com\/spanish\/equipo-medico-usado-remanufacturado\/camillas\/pedigo-midmark-550\/","title":{"rendered":"Pedigo Midmark 550"},"content":{"rendered":"<h2>Caracter\u00edsticas de las camillas Pedigo Midmark 550<\/h2>\n<p>La versatilidad y la calidad excepcional de 550\/555, lo convierten en la camilla adecuada para Ed, o, Paco o pr\u00e1cticamente cualquier departamento de su establecimiento.<\/p>\n<ul>\n<li>500 lbs. capacidad de peso<\/li>\n<li>Deslizamiento del acero inoxidable y carriles laterales del carro<\/li>\n<li>Hidr\u00e1ulicos del extremo del pie<\/li>\n<li>Solo dise\u00f1o del cilindro hidr\u00e1ulico de la columna<\/li>\n<li>Apoyo neum\u00e1tico positivo y negativo Trendelenburg<\/li>\n<li>8 echadores de \u02dd con una cerradura central y\/o la direcci\u00f3n con los controles de las cuatro esquinas<\/li>\n<li>Cuatro recept\u00e1culos de poste de la esquina IV<\/li>\n<li>Tope perimetral completo del PVC (gris)<\/li>\n<li>Final de la capa del polvo de epoxy<\/li>\n<li>Apoyo neum\u00e1tico Fowler respaldo<\/li>\n<li>Ubicaciones de la correa de sujeci\u00f3n:<\/li>\n<li>Fowler&#8230; Cuatro puertos de acoplamiento de 5 \u02dd x 7\/8 \u02dd<\/li>\n<li>Cadera&#8230;&#8230;&#8230;. Cuatro puertos de acoplamiento de 35\/8 \u02dd x 7\/8 \u02dd<\/li>\n<li>Pierna&#8230;&#8230;&#8230; Dos puertos de acoplamiento de 8 \u02dd x 7\/8 \u02dd<\/li>\n<li>Direcci\u00f3n direccional verdadera.<\/li>\n<\/ul>\n<h2>Especificaciones de las camillas Pedigo Midmark 550<\/h2>\n<h3>Especificaciones t\u00e9cnicas<\/h3>\n<ul>\n<li>Camilla vers\u00e1til y de funcionamiento completo que se utiliza en las cl\u00ednicas de o, ER, Paco, transporte y atenci\u00f3n de urgencias<\/li>\n<li>Trendelenburg (12 grados) y Trendelenburg reverso (-7 grados) que coloca, ayuda neum\u00e1tica<\/li>\n<li>El ajuste hidr\u00e1ulico de la altura (superficie del ensanchador 24 \u2033 a 33 \u2033) el pedal est\u00e1 en el extremo del pie de la camilla<\/li>\n<li>Ajuste hidr\u00e1ulico de la altura<\/li>\n<li>El pedal est\u00e1 en el extremo del pie de la camilla<\/li>\n<li>Doblar los rieles laterales<\/li>\n<li>Tope envolvente<\/li>\n<li>Freno\/manejo centrales<\/li>\n<li>4 rueda de bloqueo<\/li>\n<li>Sostenedor del tanque del O2<\/li>\n<li>Dimensiones: 33,5 \u2033 W X 83 \u2033 L<\/li>\n<li>La capacidad del paciente es de 500 lbs<\/li>\n<li>Nuevo coj\u00edn del ensanchador<\/li>\n<\/ul>\n","protected":false},"excerpt":{"rendered":"<p>La versatilidad y la calidad excepcional de 550\/555, lo convierten en la camilla adecuada para Ed, o, Paco o pr\u00e1cticamente cualquier departamento de su establecimiento.<\/p>\n","protected":false},"featured_media":12474,"template":"","meta":{"_acf_changed":false,"_relevanssi_hide_post":"","_relevanssi_hide_content":"","_relevanssi_pin_for_all":"","_relevanssi_pin_keywords":"","_relevanssi_unpin_keywords":"","_relevanssi_related_keywords":"","_relevanssi_related_include_ids":"","_relevanssi_related_exclude_ids":"","_relevanssi_related_no_append":"","_relevanssi_related_not_related":"","_relevanssi_related_posts":"","_relevanssi_noindex_reason":"","inline_featured_image":false},"pwb-brand":[1150],"product_brand":[],"product_cat":[58,4778],"product_tag":[5285,5293,5291,5292,5294,5296,5295],"class_list":{"0":"post-3674","1":"product","2":"type-product","3":"status-publish","4":"has-post-thumbnail","6":"pwb-brand-equipo-medico-midmark","7":"product_cat-camillas","8":"product_cat-camillas-de-transporte","9":"product_tag-camillas-de-transporte","10":"product_tag-camillas-de-transporte-pedigo","11":"product_tag-pedigo","12":"product_tag-pedigo-camillas-de-transporte","13":"product_tag-pedigo-midmark","14":"product_tag-pedigo-midmark-550","15":"product_tag-pedigo-midmark-camillas-de-transporte","17":"first","18":"instock","19":"purchasable","20":"product-type-simple"},"acf":[],"brands":[{"id":1150,"name":"Midmark","slug":"equipo-medico-midmark"}],"_links":{"self":[{"href":"https:\/\/www.somatechnology.com\/spanish\/wp-json\/wp\/v2\/product\/3674","targetHints":{"allow":["GET"]}}],"collection":[{"href":"https:\/\/www.somatechnology.com\/spanish\/wp-json\/wp\/v2\/product"}],"about":[{"href":"https:\/\/www.somatechnology.com\/spanish\/wp-json\/wp\/v2\/types\/product"}],"wp:featuredmedia":[{"embeddable":true,"href":"https:\/\/www.somatechnology.com\/spanish\/wp-json\/wp\/v2\/media\/12474"}],"wp:attachment":[{"href":"https:\/\/www.somatechnology.com\/spanish\/wp-json\/wp\/v2\/media?parent=3674"}],"wp:term":[{"taxonomy":"pwb-brand","embeddable":true,"href":"https:\/\/www.somatechnology.com\/spanish\/wp-json\/wp\/v2\/pwb-brand?post=3674"},{"taxonomy":"product_brand","embeddable":true,"href":"https:\/\/www.somatechnology.com\/spanish\/wp-json\/wp\/v2\/product_brand?post=3674"},{"taxonomy":"product_cat","embeddable":true,"href":"https:\/\/www.somatechnology.com\/spanish\/wp-json\/wp\/v2\/product_cat?post=3674"},{"taxonomy":"product_tag","embeddable":true,"href":"https:\/\/www.somatechnology.com\/spanish\/wp-json\/wp\/v2\/product_tag?post=3674"}],"curies":[{"name":"wp","href":"https:\/\/api.w.org\/{rel}","templated":true}]}}