{"id":3676,"date":"2016-07-19T21:12:07","date_gmt":"2016-07-19T21:12:07","guid":{"rendered":"http:\/\/equipomedicocentral.com\/wordpress\/product\/pedigo-midmark-540\/"},"modified":"2025-09-23T15:45:33","modified_gmt":"2025-09-23T19:45:33","slug":"pedigo-midmark-540","status":"publish","type":"product","link":"https:\/\/www.somatechnology.com\/spanish\/equipo-medico-usado-remanufacturado\/camillas\/pedigo-midmark-540\/","title":{"rendered":"Pedigo Midmark 540"},"content":{"rendered":"<h2>Pedigo Midmark 540 Features<\/h2>\n<p>Las camillas Midmark son una de las marcas m\u00e1s confiables y bien conocidas de camillas disponibles. La camilla Pedigo 540 en una de las camillas que se puede utilizar en muchas \u00e1reas de su facilidad m\u00e9dica, incluyendo el transporte, el Paco, el ojo del trauma\/oft\u00e1lmico, pedi\u00e1trico, y muchos m\u00e1s.<\/p>\n<p>Las camillas Pedigo tienen un solo dise\u00f1o hidr\u00e1ulico del pedestal. La mayor\u00eda de las camillas tienen una funci\u00f3n del freno y levantan al Fowler asistido (respaldo), Trendelenburg\/Trendelenburg reverso y ajuste hidr\u00e1ulico de la altura. El doblez debajo de los carriles laterales proporciona el acceso m\u00e1ximo al paciente durante el tratamiento.<\/p>\n<ul>\n<li>Ayuda neum\u00e1tica Fowler (respaldo)<\/li>\n<li>Ajuste hidr\u00e1ulico de la altura<\/li>\n<li>Freno central<\/li>\n<li>Gu\u00edas de direcci\u00f3n y laterales<\/li>\n<li>4 rueda de bloqueo<\/li>\n<\/ul>\n<p>&nbsp;<\/p>\n","protected":false},"excerpt":{"rendered":"<p>Las camillas Midmark son una de las marcas m\u00e1s confiables y bien conocidas de camillas disponibles. La camilla Pedigo 540 en una de las camillas que se puede utilizar en muchas \u00e1reas de su facilidad m\u00e9dica, incluyendo el transporte, el Paco, el ojo del trauma\/oft\u00e1lmico, pedi\u00e1trico, y muchos m\u00e1s.<\/p>\n","protected":false},"featured_media":12475,"template":"","meta":{"_acf_changed":false,"_relevanssi_hide_post":"","_relevanssi_hide_content":"","_relevanssi_pin_for_all":"","_relevanssi_pin_keywords":"","_relevanssi_unpin_keywords":"","_relevanssi_related_keywords":"","_relevanssi_related_include_ids":"","_relevanssi_related_exclude_ids":"","_relevanssi_related_no_append":"","_relevanssi_related_not_related":"","_relevanssi_related_posts":"","_relevanssi_noindex_reason":"","inline_featured_image":false},"pwb-brand":[1150],"product_brand":[],"product_cat":[58,4778],"product_tag":[5285,4710,5297,5291,5292,5294,5298,5299,5295],"class_list":{"0":"post-3676","1":"product","2":"type-product","3":"status-publish","4":"has-post-thumbnail","6":"pwb-brand-equipo-medico-midmark","7":"product_cat-camillas","8":"product_cat-camillas-de-transporte","9":"product_tag-camillas-de-transporte","10":"product_tag-midmark","11":"product_tag-midmark-camillas-de-transporte","12":"product_tag-pedigo","13":"product_tag-pedigo-camillas-de-transporte","14":"product_tag-pedigo-midmark","15":"product_tag-pedigo-midmark-540","16":"product_tag-pedigo-midmark-540-camillas-de-transporte","17":"product_tag-pedigo-midmark-camillas-de-transporte","19":"first","20":"instock","21":"purchasable","22":"product-type-simple"},"acf":[],"brands":[{"id":1150,"name":"Midmark","slug":"equipo-medico-midmark"}],"_links":{"self":[{"href":"https:\/\/www.somatechnology.com\/spanish\/wp-json\/wp\/v2\/product\/3676","targetHints":{"allow":["GET"]}}],"collection":[{"href":"https:\/\/www.somatechnology.com\/spanish\/wp-json\/wp\/v2\/product"}],"about":[{"href":"https:\/\/www.somatechnology.com\/spanish\/wp-json\/wp\/v2\/types\/product"}],"wp:featuredmedia":[{"embeddable":true,"href":"https:\/\/www.somatechnology.com\/spanish\/wp-json\/wp\/v2\/media\/12475"}],"wp:attachment":[{"href":"https:\/\/www.somatechnology.com\/spanish\/wp-json\/wp\/v2\/media?parent=3676"}],"wp:term":[{"taxonomy":"pwb-brand","embeddable":true,"href":"https:\/\/www.somatechnology.com\/spanish\/wp-json\/wp\/v2\/pwb-brand?post=3676"},{"taxonomy":"product_brand","embeddable":true,"href":"https:\/\/www.somatechnology.com\/spanish\/wp-json\/wp\/v2\/product_brand?post=3676"},{"taxonomy":"product_cat","embeddable":true,"href":"https:\/\/www.somatechnology.com\/spanish\/wp-json\/wp\/v2\/product_cat?post=3676"},{"taxonomy":"product_tag","embeddable":true,"href":"https:\/\/www.somatechnology.com\/spanish\/wp-json\/wp\/v2\/product_tag?post=3676"}],"curies":[{"name":"wp","href":"https:\/\/api.w.org\/{rel}","templated":true}]}}