{"id":3704,"date":"2016-07-19T21:12:47","date_gmt":"2016-07-19T21:12:47","guid":{"rendered":"http:\/\/equipomedicocentral.com\/wordpress\/product\/abbott-lifecare-5000\/"},"modified":"2025-09-23T15:39:05","modified_gmt":"2025-09-23T19:39:05","slug":"abbott-lifecare-5000","status":"publish","type":"product","link":"https:\/\/www.somatechnology.com\/spanish\/equipo-medico-usado-remanufacturado\/terapia-intravenosa\/bombas-intravenosas\/abbott-lifecare-5000\/","title":{"rendered":"Hospira Abbott Lifecare 5000"},"content":{"rendered":"<h2>Bomba de Infusi\u00f3n Hospira Abbott Lifecare 5000<\/h2>\n<p>El <strong>Lifecare 5000<\/strong> es un sistema avanzado de la gerencia de la medicaci\u00f3n dise\u00f1ado para cubrir la demanda creciente para el hospital-ancho, el sitio alterno, y la estandardizaci\u00f3n del dispositivo del cuidado m\u00e9dico casero. Mediante interruptores internos, un bio-t\u00e9cnico cualificado puede configurar el sistema para adaptarse mejor a las necesidades cl\u00ednicas y a los cambios censales del hospital.<\/p>\n<p>El sistema de infusi\u00f3n del ciruelo de Lifecare 5000 con el puerto de datos se dise\u00f1a para la administraci\u00f3n exacta, no-puls\u00e1til de los reg\u00edmenes fl\u00faidos solos, de los reg\u00edmenes dual-Channel, de las leng\u00fcetas, y de los reg\u00edmenes de la multidosis sobre una amplia gama de las tarifas de entrega y de las viscosidades fl\u00faidas. Puede administrar una variedad de l\u00edquidos m\u00e9dicos, a partir de la inyecci\u00f3n del 5% dextrosa, USP, a los productos de alimentaci\u00f3n enteral y a la sangre. Las dosis primarias y secundarias de f\u00e1rmacos compatibles se pueden entregar concurrentemente. Una l\u00ednea amplia de sistemas y de accesorios de la administraci\u00f3n del sistema del ciruelo de Lifecare 5000 especialmente dise\u00f1ados permite la administraci\u00f3n conveniente y rentable de los l\u00edquidos y de los electr\u00f3litos generales IV, drogas potentes tales como dopamina, heparina, oxitocina, nitroprusiato, agentes quimioterap\u00e9uticos, antibi\u00f3ticos, fracciones sangu\u00edneas y sangu\u00edneas, productos de Hiperalimentaci\u00f3n, productos enterales y soluciones para procedimientos de irrigaci\u00f3n.<\/p>\n<ul>\n<li>Multilane, de prop\u00f3sito general, sistema de infusi\u00f3n volum\u00e9trica.<\/li>\n<li>Dise\u00f1ado para la administraci\u00f3n exacta, no-puls\u00e1til del solo l\u00edquido, de los canales duales, de los reg\u00edmenes de la leng\u00fceta y de la multidosis<\/li>\n<\/ul>\n","protected":false},"excerpt":{"rendered":"<p>El Lifecare 5000 es un sistema avanzado de la gerencia de la medicaci\u00f3n dise\u00f1ado para cubrir la demanda creciente para el hospital-ancho, el sitio alterno, y la estandardizaci\u00f3n del dispositivo del cuidado m\u00e9dico casero. Mediante interruptores internos, un bio-t\u00e9cnico cualificado puede configurar el sistema para adaptarse mejor a las necesidades cl\u00ednicas y a los cambios censales del hospital.<\/p>\n","protected":false},"featured_media":11819,"template":"","meta":{"_acf_changed":false,"_relevanssi_hide_post":"","_relevanssi_hide_content":"","_relevanssi_pin_for_all":"","_relevanssi_pin_keywords":"","_relevanssi_unpin_keywords":"","_relevanssi_related_keywords":"","_relevanssi_related_include_ids":"","_relevanssi_related_exclude_ids":"","_relevanssi_related_no_append":"","_relevanssi_related_not_related":"","_relevanssi_related_posts":"","_relevanssi_noindex_reason":"","inline_featured_image":false},"pwb-brand":[1323],"product_brand":[],"product_cat":[52],"product_tag":[3816,3611,3810,3812,3814,2917,3815,3817],"class_list":{"0":"post-3704","1":"product","2":"type-product","3":"status-publish","4":"has-post-thumbnail","6":"pwb-brand-bombas-intravenosas-hospira","7":"product_cat-bombas-intravenosas","8":"product_tag-abbott","9":"product_tag-bomba-de-infusion","10":"product_tag-bomba-de-infusion-hospira","11":"product_tag-bomba-de-infusion-hospira-abbott-lifecare","12":"product_tag-bomba-de-infusion-hospira-abbott-lifecare-5000","13":"product_tag-hospira","14":"product_tag-hospira-abbott-lifecare-5000","15":"product_tag-remove-term-bomba-de-infusion-hospira-abbott-l-bomba-de-infusion-hospira-abbott","17":"first","18":"instock","19":"purchasable","20":"product-type-simple"},"acf":[],"brands":[{"id":1323,"name":"Hospira","slug":"bombas-intravenosas-hospira"}],"_links":{"self":[{"href":"https:\/\/www.somatechnology.com\/spanish\/wp-json\/wp\/v2\/product\/3704","targetHints":{"allow":["GET"]}}],"collection":[{"href":"https:\/\/www.somatechnology.com\/spanish\/wp-json\/wp\/v2\/product"}],"about":[{"href":"https:\/\/www.somatechnology.com\/spanish\/wp-json\/wp\/v2\/types\/product"}],"wp:featuredmedia":[{"embeddable":true,"href":"https:\/\/www.somatechnology.com\/spanish\/wp-json\/wp\/v2\/media\/11819"}],"wp:attachment":[{"href":"https:\/\/www.somatechnology.com\/spanish\/wp-json\/wp\/v2\/media?parent=3704"}],"wp:term":[{"taxonomy":"pwb-brand","embeddable":true,"href":"https:\/\/www.somatechnology.com\/spanish\/wp-json\/wp\/v2\/pwb-brand?post=3704"},{"taxonomy":"product_brand","embeddable":true,"href":"https:\/\/www.somatechnology.com\/spanish\/wp-json\/wp\/v2\/product_brand?post=3704"},{"taxonomy":"product_cat","embeddable":true,"href":"https:\/\/www.somatechnology.com\/spanish\/wp-json\/wp\/v2\/product_cat?post=3704"},{"taxonomy":"product_tag","embeddable":true,"href":"https:\/\/www.somatechnology.com\/spanish\/wp-json\/wp\/v2\/product_tag?post=3704"}],"curies":[{"name":"wp","href":"https:\/\/api.w.org\/{rel}","templated":true}]}}