{"id":3714,"date":"2016-07-19T21:12:47","date_gmt":"2016-07-19T21:12:47","guid":{"rendered":"http:\/\/equipomedicocentral.com\/wordpress\/product\/steris-amsco-3085sp\/"},"modified":"2025-12-11T01:28:32","modified_gmt":"2025-12-11T06:28:32","slug":"steris-amsco-3085-sp","status":"publish","type":"product","link":"https:\/\/www.somatechnology.com\/spanish\/equipo-medico-usado-remanufacturado\/mesas-de-cirugia\/steris-amsco-3085-sp\/","title":{"rendered":"Steris Amsco 3085 SP"},"content":{"rendered":"<div class=\"wpb-content-wrapper\"><p>[vc_row][vc_column][vc_column_text css=\u00bb\u00bb]<\/p>\n<h2>Mesa Quir\u00fargica Steris Amsco 3085 SP<\/h2>\n<p>La mesa quir\u00fargica Steris Amsco 3085 SP con tecnolog\u00eda agn\u00f3stico de sistemas de integraci\u00f3n permite una comunicaci\u00f3n sin fisuras entre pr\u00e1cticamente cualquier equipo del proveedor.<\/p>\n<ul>\n<li>Funciones de conversi\u00f3n autom\u00e1ticas para la posici\u00f3n inversa del paciente, independientemente de la ubicaci\u00f3n del reposacabeza significa que los comandos se interpretan autom\u00e1ticamente de acuerdo con la orientaci\u00f3n seleccionada.<\/li>\n<li>La hidr\u00e1ulica Bieri proporciona una articulaci\u00f3n de la mesa ultra-precisa para especialidades como la Urolog\u00eda y la neurolog\u00eda. El movimiento de la mesa es liso y exacto a trav\u00e9s de la gama completa de posiciones.<\/li>\n<li>Con la adici\u00f3n de la extensi\u00f3n ortop\u00e9dica, la mesa quir\u00fargica de Amsco 3085 SP tira de la tracci\u00f3n y proporciona la flexibilidad de colocaci\u00f3n para los procedimientos ortop\u00e9dicos de la cadera y de la extremidad m\u00e1s baja.<\/li>\n<li>El dise\u00f1o de pedestal en forma de T y la orientaci\u00f3n inversa proporcionan un acceso \u00f3ptimo al paciente por todo el equipo quir\u00fargico, independientemente del procedimiento.<\/li>\n<\/ul>\n<h3>Dimensiones<\/h3>\n<ul>\n<li>Longitud de la mesa: 76 \u00ab(193 cm).<\/li>\n<li>Ancho de mesa: 20 \u00ab(51 cm).<\/li>\n<li>Gama de la altura de la mesa: 27 \u00aba 44\u00bb (68.6-111.8 cm).<\/li>\n<li>Capacidad del peso del paciente:<\/li>\n<li>1.000 lbs (454 kg) \u2013 orientaci\u00f3n normal.<\/li>\n<li>500 lbs (227 kg) \u2013 inclinaci\u00f3n lateral y orientaci\u00f3n inversa.<\/li>\n<li>Caracter\u00edsticas de control de mano\n<ul>\n<li>Bot\u00f3n de orientaci\u00f3n normal\/inversa.<\/li>\n<li>Volver al bot\u00f3n de nivel.<\/li>\n<\/ul>\n<\/li>\n<\/ul>\n<h3>Movimientos de la tabla<\/h3>\n<ul>\n<li>Trendelenburg\/rev\u00e9s: 25 \u00b0\/25 \u00b0.<\/li>\n<li>Inclinaci\u00f3n lateral (izquierda\/derecha): 18 \u00b0\/18 \u00b0.<\/li>\n<li>Secci\u00f3n principal: + 90 \u00b0 a-90 \u00b0.<\/li>\n<li>Secci\u00f3n posterior: \u2022 + 55 \u00b0 a-25 \u00b0 (normal.)<\/li>\n<li>+ 80 \u00b0 a-105 \u00b0 (reversa).<\/li>\n<li>Secci\u00f3n de la pierna: \u2022 + 80 \u00b0 a-105 \u00b0 (normal).<\/li>\n<li>+ 55 \u00b0 a-25 \u00b0 (rev\u00e9s).<\/li>\n<\/ul>\n<h3>\u00c1rea de imagen del cuerpo superior<\/h3>\n<ul>\n<li>Orientaci\u00f3n normal (28 \u00abx 16\u00bb): 448 sq pulg (2890 cm2).<\/li>\n<li>Orientaci\u00f3n normal con extensor IA (36 \u00abx 16\u00bb): 576 m2 (3716 cm2).<\/li>\n<li>Orientaci\u00f3n inversa, secci\u00f3n de la cabeza invertida (45 \u00abx 16\u00bb): 720 sq pulg (4645 cm2).<\/li>\n<li>Orientaci\u00f3n reversa 36 \u00abextensi\u00f3n del fluoro de la fibra del carb\u00f3n (36\u00bb x 20 \u00ab): 720 sq pulg. (4645 cm2).<\/li>\n<\/ul>\n<h3>\u00c1rea de imagen del cuerpo inferior<\/h3>\n<ul>\n<li>Orientaci\u00f3n normal (33 \u00abx 14\u00bb): 462 sq. in (2980 cm2).<\/li>\n<li>Orientaci\u00f3n normal, secci\u00f3n de la cabeza invertida (45 \u00abx 16\u00bb): 720 sq. in. (4645 cm2).<\/li>\n<li>Orientaci\u00f3n normal, 36 \u00abextensi\u00f3n del fluoro de la fibra del carb\u00f3n (36\u00bb x 20 \u00ab): 720 sq pulg. (4645 cm2).<\/li>\n<li>Orientaci\u00f3n normal con tablero FEM\/pop (55 \u00abx 16\u00bb): 880 sq. in. (5678 cm<sup>2<\/sup>).<\/li>\n<\/ul>\n<p>[\/vc_column_text][\/vc_column][\/vc_row]<\/p>\n<\/div>","protected":false},"excerpt":{"rendered":"<p>Mesa Quir\u00fargica<\/p>\n","protected":false},"featured_media":10339,"template":"","meta":{"_acf_changed":false,"_relevanssi_hide_post":"","_relevanssi_hide_content":"","_relevanssi_pin_for_all":"","_relevanssi_pin_keywords":"","_relevanssi_unpin_keywords":"","_relevanssi_related_keywords":"","_relevanssi_related_include_ids":"","_relevanssi_related_exclude_ids":"","_relevanssi_related_no_append":"","_relevanssi_related_not_related":"","_relevanssi_related_posts":"","_relevanssi_noindex_reason":"","inline_featured_image":false},"pwb-brand":[1149],"product_brand":[],"product_cat":[72],"product_tag":[3101,3104,3103,544,3107,3108,3098,2506,3094,2500,3984,3100,3099,3102,543,3105,3106],"class_list":{"0":"post-3714","1":"product","2":"type-product","3":"status-publish","4":"has-post-thumbnail","6":"pwb-brand-equipo-medico-steris","7":"product_cat-mesas-de-cirugia","8":"product_tag-3101","9":"product_tag-3085-sp","10":"product_tag-3085sp","11":"product_tag-amsco","12":"product_tag-amsco-3085","13":"product_tag-amsco-3085-sp","14":"product_tag-mesa","15":"product_tag-mesa-quirurgicas","16":"product_tag-mesas","17":"product_tag-mesas-quirurgicas","18":"product_tag-mesas-quirurgicas-steris","19":"product_tag-quirurgica","20":"product_tag-quirurgicas","21":"product_tag-sp","22":"product_tag-steris","23":"product_tag-steris-3085","24":"product_tag-steris-3085-sp","26":"first","27":"instock","28":"purchasable","29":"product-type-simple"},"acf":[],"brands":[{"id":1149,"name":"Steris","slug":"equipo-medico-steris"}],"_links":{"self":[{"href":"https:\/\/www.somatechnology.com\/spanish\/wp-json\/wp\/v2\/product\/3714","targetHints":{"allow":["GET"]}}],"collection":[{"href":"https:\/\/www.somatechnology.com\/spanish\/wp-json\/wp\/v2\/product"}],"about":[{"href":"https:\/\/www.somatechnology.com\/spanish\/wp-json\/wp\/v2\/types\/product"}],"wp:featuredmedia":[{"embeddable":true,"href":"https:\/\/www.somatechnology.com\/spanish\/wp-json\/wp\/v2\/media\/10339"}],"wp:attachment":[{"href":"https:\/\/www.somatechnology.com\/spanish\/wp-json\/wp\/v2\/media?parent=3714"}],"wp:term":[{"taxonomy":"pwb-brand","embeddable":true,"href":"https:\/\/www.somatechnology.com\/spanish\/wp-json\/wp\/v2\/pwb-brand?post=3714"},{"taxonomy":"product_brand","embeddable":true,"href":"https:\/\/www.somatechnology.com\/spanish\/wp-json\/wp\/v2\/product_brand?post=3714"},{"taxonomy":"product_cat","embeddable":true,"href":"https:\/\/www.somatechnology.com\/spanish\/wp-json\/wp\/v2\/product_cat?post=3714"},{"taxonomy":"product_tag","embeddable":true,"href":"https:\/\/www.somatechnology.com\/spanish\/wp-json\/wp\/v2\/product_tag?post=3714"}],"curies":[{"name":"wp","href":"https:\/\/api.w.org\/{rel}","templated":true}]}}