{"id":3716,"date":"2016-07-19T21:12:47","date_gmt":"2016-07-19T21:12:47","guid":{"rendered":"http:\/\/equipomedicocentral.com\/wordpress\/product\/skytron-3100a\/"},"modified":"2023-08-23T05:59:17","modified_gmt":"2023-08-23T09:59:17","slug":"skytron-3100a","status":"publish","type":"product","link":"https:\/\/www.somatechnology.com\/spanish\/equipo-medico-usado-remanufacturado\/mesas-de-cirugia\/skytron-3100a\/","title":{"rendered":"Skytron 3100A"},"content":{"rendered":"<h2>Caracter\u00edsticas de Skytron 3100A<\/h2>\n<p>Desarrollado para el acceso m\u00e1ximo del Arco en C en los procedimientos donde solamente la inclinaci\u00f3n lateral y la colocaci\u00f3n de Trendelenburg se requieren, la tabla quir\u00fargica de la \u00e9lite 3100A de Skytron proporciona 23-1\/2 pulgadas de diapositiva superior longitudinal. Esta mesa es la opci\u00f3n ideal para la cirug\u00eda vascular, las revisiones de la cadera, el ureteroscopies, el angioplastias del laser, las inserciones de los marcapasos, la gerencia del dolor y otros procedimientos asistidos Arco en C que se pueden lograr r\u00e1pidamente y eficientemente.<\/p>\n<ul>\n<li>500 lb. Lift &amp; articular capacidad.<\/li>\n<li>23 \u00abdiapositiva superior (hacia el extremo del pie).<\/li>\n<li>T\u00fanel de cassette de rayos X.<\/li>\n<li>Sistema de localizaci\u00f3n de precisi\u00f3n.<\/li>\n<li>Secci\u00f3n de pierna extra\u00edble.<\/li>\n<li>Energ\u00eda de l\u00ednea.<\/li>\n<li>Funciones de articulaci\u00f3n de especialidad.<\/li>\n<li>Durable uno-toque el control pendiente.<\/li>\n<\/ul>\n<h3>Control de pendiente tactil<\/h3>\n<ul>\n<li>Los botones empotrados reducen la posibilidad de una activaci\u00f3n accidental.<\/li>\n<li>Cubierta de acero durable, hidr\u00f3fuga.<\/li>\n<li>El control colgante se puede utilizar desde cualquier punto alrededor del per\u00edmetro de la mesa.<\/li>\n<li>Los frenos se traban autom\u00e1ticamente cuando se presiona cualquier bot\u00f3n para la seguridad del paciente y del personal.<\/li>\n<li>Puede ser utilizado conjuntamente con el control opcional del pie.<\/li>\n<\/ul>\n<h2>Especificaciones de Skytron 3100A<\/h2>\n<h3>Dimensiones<\/h3>\n<ul>\n<li>Longitud: 69 \u00ab(1750 mm)<\/li>\n<li>Longitud (con reposacabezas): 82 \u00ab(2080 mm)<\/li>\n<li>Anchura: 19,75 \u00ab(500 mil\u00edmetros)<\/li>\n<li>Anchura (con los carriles laterales): 21,75 \u00ab(550 mil\u00edmetros)<\/li>\n<li>Peso de la tabla de funcionamiento: 774 lbs (351 kilogramos)<\/li>\n<li>Carga m\u00e1xima admisible (elevaci\u00f3n y articulaci\u00f3n): 500 lbs (227 kg)<\/li>\n<\/ul>\n<h3>Ajustes de control manual<\/h3>\n<ul>\n<li>Altura: 29 \u00ab\u2013 40\u00bb (737 \u2013 1010 mm)<\/li>\n<li>Inclinaci\u00f3n lateral (izquierda\/derecha): 20 \u00b0<\/li>\n<li>Trendelenburg\/tendencia reversa: 20 \u00b0\/20 \u00b0<\/li>\n<li>Puente del ri\u00f1\u00f3n de la energ\u00eda: s\u00ed<\/li>\n<li>Back up\/down: no<\/li>\n<li>Pierna arriba\/abajo: no<\/li>\n<li>Diapositiva superior\/cabeza: 23,5 \u00ab(596,9 mil\u00edmetros)<\/li>\n<li>Diapositiva superior\/pie: 23,5 \u00ab(596,9 mil\u00edmetros)<\/li>\n<li>Flex\/Reflex: no<\/li>\n<li>Base de frenado (bloqueo\/desbloqueo:) S\u00ed<\/li>\n<li>Orientaci\u00f3n del paciente (normal\/inversa): s\u00ed<\/li>\n<li>Volver al nivel: s\u00ed<\/li>\n<\/ul>\n","protected":false},"excerpt":{"rendered":"<p>Mesa Quir\u00fargicas<\/p>\n","protected":false},"featured_media":11151,"template":"","meta":{"_acf_changed":false,"_relevanssi_hide_post":"","_relevanssi_hide_content":"","_relevanssi_pin_for_all":"","_relevanssi_pin_keywords":"","_relevanssi_unpin_keywords":"","_relevanssi_related_keywords":"","_relevanssi_related_include_ids":"","_relevanssi_related_exclude_ids":"","_relevanssi_related_no_append":"","_relevanssi_related_not_related":"","_relevanssi_related_posts":"","_relevanssi_noindex_reason":"","inline_featured_image":false},"pwb-brand":[1186],"product_brand":[],"product_cat":[72],"product_tag":[1805,1806,3098,3095,3094,2500,3100,3099,2522,4215,4216],"class_list":{"0":"post-3716","1":"product","2":"type-product","3":"status-publish","4":"has-post-thumbnail","6":"pwb-brand-equipo-medico-skytron","7":"product_cat-mesas-de-cirugia","8":"product_tag-1805","9":"product_tag-3100a","10":"product_tag-mesa","11":"product_tag-mesa-quirurgica","12":"product_tag-mesas","13":"product_tag-mesas-quirurgicas","14":"product_tag-quirurgica","15":"product_tag-quirurgicas","16":"product_tag-skytron","17":"product_tag-skytron-3100","18":"product_tag-skytron-3100a","20":"first","21":"instock","22":"purchasable","23":"product-type-simple"},"acf":[],"brands":[{"id":1186,"name":"Skytron","slug":"equipo-medico-skytron"}],"_links":{"self":[{"href":"https:\/\/www.somatechnology.com\/spanish\/wp-json\/wp\/v2\/product\/3716","targetHints":{"allow":["GET"]}}],"collection":[{"href":"https:\/\/www.somatechnology.com\/spanish\/wp-json\/wp\/v2\/product"}],"about":[{"href":"https:\/\/www.somatechnology.com\/spanish\/wp-json\/wp\/v2\/types\/product"}],"wp:featuredmedia":[{"embeddable":true,"href":"https:\/\/www.somatechnology.com\/spanish\/wp-json\/wp\/v2\/media\/11151"}],"wp:attachment":[{"href":"https:\/\/www.somatechnology.com\/spanish\/wp-json\/wp\/v2\/media?parent=3716"}],"wp:term":[{"taxonomy":"pwb-brand","embeddable":true,"href":"https:\/\/www.somatechnology.com\/spanish\/wp-json\/wp\/v2\/pwb-brand?post=3716"},{"taxonomy":"product_brand","embeddable":true,"href":"https:\/\/www.somatechnology.com\/spanish\/wp-json\/wp\/v2\/product_brand?post=3716"},{"taxonomy":"product_cat","embeddable":true,"href":"https:\/\/www.somatechnology.com\/spanish\/wp-json\/wp\/v2\/product_cat?post=3716"},{"taxonomy":"product_tag","embeddable":true,"href":"https:\/\/www.somatechnology.com\/spanish\/wp-json\/wp\/v2\/product_tag?post=3716"}],"curies":[{"name":"wp","href":"https:\/\/api.w.org\/{rel}","templated":true}]}}