{"id":3718,"date":"2016-07-19T21:12:47","date_gmt":"2016-07-19T21:12:47","guid":{"rendered":"http:\/\/equipomedicocentral.com\/wordpress\/product\/baxter-as40\/"},"modified":"2023-08-23T05:59:19","modified_gmt":"2023-08-23T09:59:19","slug":"baxter-as40","status":"publish","type":"product","link":"https:\/\/www.somatechnology.com\/spanish\/equipo-medico-usado-remanufacturado\/terapia-intravenosa\/bombas-intravenosas\/baxter-as40\/","title":{"rendered":"Baxter AS40"},"content":{"rendered":"<h2>Caracter\u00edsticas BaxterAS40<\/h2>\n<ul>\n<li>Bomba de jeringa digital<\/li>\n<li>Proporciona una infusi\u00f3n precisa, continua e intermitente a trav\u00e9s de un m\u00e9todo intravenoso, intra-arterial, subcut\u00e1neo o epidural de infusi\u00f3n.<\/li>\n<li>Acepta el tama\u00f1o est\u00e1ndar disponible de las jeringuillas a partir del 1 ml a 60 mL.<\/li>\n<\/ul>\n<h2>Especificaciones BaxterAS40<\/h2>\n<ul>\n<li>Tama\u00f1o: ~ 3,4 \u2033 x 2,6 \u2033 x 10 \u2033 (8,6 x 6,7 x 25 cm)<\/li>\n<li>Peso: ~ 2,75 lbs. (1,25 kilogramos)<\/li>\n<li>Exactitud: el \u00b1 3% (no incluyendo tolerancia de la jeringuilla) para las infusiones del volumen: +\/1 3%, o .007 \u2033 del recorrido, cualquiera es mayor (no incluyendo tolerancia de la jeringuilla)<\/li>\n<li>Jeringas: B-D Plastipak \u2013 3, 5, 10, 20, 20, 60 ml MONOJECT \u2013 1, 3, 5, 12, 20, 35, 60 ml Terumo \u2013 1, 3, 5, 10, 20, 30, 60 ml<\/li>\n<li>Rango de caudal: 0,01 ml\/hr a 360 ml\/hr (dependiendo del tama\u00f1o de la jeringa)<\/li>\n<li>Volumen del Deliverable: el volumen lleno de la jeringuilla puede ser entregado<\/li>\n<li>Exhibici\u00f3n de los datos: uno mismo-que incita, multi-campo LCD<\/li>\n<li>Exhibici\u00f3n de estado: nueve-LED arsenal<\/li>\n<li>Requirments de la energ\u00eda:\n<ul>\n<li>AC: 105-125V 50 hertzio (cargador de bater\u00eda)<\/li>\n<li>DC.: paquete interno de la bater\u00eda del n\u00edquel-cadmio<\/li>\n<\/ul>\n<\/li>\n<li>Duraci\u00f3n de la bater\u00eda:\n<ul>\n<li>12 horas de funcionamiento a 2 ml\/hr utilizando una jeringa de 60 ml, despu\u00e9s de una carga de 16 horas<\/li>\n<\/ul>\n<\/li>\n<\/ul>\n<p>&nbsp;<\/p>\n","protected":false},"excerpt":{"rendered":"<p>Bomba de Jeringa<\/p>\n","protected":false},"featured_media":11771,"template":"","meta":{"_acf_changed":false,"_relevanssi_hide_post":"","_relevanssi_hide_content":"","_relevanssi_pin_for_all":"","_relevanssi_pin_keywords":"","_relevanssi_unpin_keywords":"","_relevanssi_related_keywords":"","_relevanssi_related_include_ids":"","_relevanssi_related_exclude_ids":"","_relevanssi_related_no_append":"","_relevanssi_related_not_related":"","_relevanssi_related_posts":"","_relevanssi_noindex_reason":"","inline_featured_image":false},"pwb-brand":[1321],"product_brand":[],"product_cat":[52],"product_tag":[4728,4727,3670,3048,3671],"class_list":{"0":"post-3718","1":"product","2":"type-product","3":"status-publish","4":"has-post-thumbnail","6":"pwb-brand-bombas-intravenosas-baxter","7":"product_cat-bombas-intravenosas","8":"product_tag-baxter-as40","9":"product_tag-baxter-as40-bombas-intravenosas","10":"product_tag-baxter-bombas-intravenosas","11":"product_tag-bombas-intravenosas","12":"product_tag-bombas-intravenosas-baxter","14":"first","15":"instock","16":"purchasable","17":"product-type-simple"},"acf":[],"brands":[{"id":1321,"name":"Baxter","slug":"bombas-intravenosas-baxter"}],"_links":{"self":[{"href":"https:\/\/www.somatechnology.com\/spanish\/wp-json\/wp\/v2\/product\/3718","targetHints":{"allow":["GET"]}}],"collection":[{"href":"https:\/\/www.somatechnology.com\/spanish\/wp-json\/wp\/v2\/product"}],"about":[{"href":"https:\/\/www.somatechnology.com\/spanish\/wp-json\/wp\/v2\/types\/product"}],"wp:featuredmedia":[{"embeddable":true,"href":"https:\/\/www.somatechnology.com\/spanish\/wp-json\/wp\/v2\/media\/11771"}],"wp:attachment":[{"href":"https:\/\/www.somatechnology.com\/spanish\/wp-json\/wp\/v2\/media?parent=3718"}],"wp:term":[{"taxonomy":"pwb-brand","embeddable":true,"href":"https:\/\/www.somatechnology.com\/spanish\/wp-json\/wp\/v2\/pwb-brand?post=3718"},{"taxonomy":"product_brand","embeddable":true,"href":"https:\/\/www.somatechnology.com\/spanish\/wp-json\/wp\/v2\/product_brand?post=3718"},{"taxonomy":"product_cat","embeddable":true,"href":"https:\/\/www.somatechnology.com\/spanish\/wp-json\/wp\/v2\/product_cat?post=3718"},{"taxonomy":"product_tag","embeddable":true,"href":"https:\/\/www.somatechnology.com\/spanish\/wp-json\/wp\/v2\/product_tag?post=3718"}],"curies":[{"name":"wp","href":"https:\/\/api.w.org\/{rel}","templated":true}]}}