{"id":3720,"date":"2016-07-19T21:13:24","date_gmt":"2016-07-19T21:13:24","guid":{"rendered":"http:\/\/equipomedicocentral.com\/wordpress\/product\/baxter-as50\/"},"modified":"2023-08-23T05:59:20","modified_gmt":"2023-08-23T09:59:20","slug":"baxter-as50","status":"publish","type":"product","link":"https:\/\/www.somatechnology.com\/spanish\/equipo-medico-usado-remanufacturado\/terapia-intravenosa\/bombas-intravenosas\/baxter-as50\/","title":{"rendered":"Baxter AS50"},"content":{"rendered":"<h2>Caracter\u00edsticas del\u00a0Baxter AS50<\/h2>\n<ul>\n<li>Bomba de jeringa digital.<\/li>\n<li>Proporciona la infusi\u00f3n exacta de soluciones intravenosas, de soluciones de la droga, de sangre entera, y de c\u00e9lulas sangu\u00edneas llenas.<\/li>\n<li>Indicado para las siguientes v\u00edas de administraci\u00f3n: intravenosa, intra-arterial, epidural o subcut\u00e1nea.<\/li>\n<li>Acepta las jeringuillas disponibles est\u00e1ndar de 1ml a 60 ml.<\/li>\n<\/ul>\n<h2 dir=\"ltr\" data-placeholder=\"Translation\"><span lang=\"es\">Especificaciones<\/span> del\u00a0Baxter AS50<\/h2>\n<h3>Tama\u00f1o:<\/h3>\n<ul>\n<li>4\u2033 x 2.6 x 10\u2033 (8.6 x 6.7 x 25 cm)<\/li>\n<\/ul>\n<h3>Peso:<\/h3>\n<ul>\n<li>2 lbs. (1.45 kg)<\/li>\n<\/ul>\n<h3>Presicion de fluido<\/h3>\n<ul>\n<li>\u00b1 3% del recorrido del \u00e9mbolo de la escala completa. (no incluyendo tolerancia de la jeringuilla.)<\/li>\n<\/ul>\n<h3>Exactitud del volumen<\/h3>\n<ul>\n<li>\u00b1 3%, o 0,007 \u2033 de viaje, lo que sea mayor. (no incluyendo tolerancia de la jeringuilla.)<\/li>\n<\/ul>\n<h3>Jeringas<\/h3>\n<ul>\n<li>B-D: 1, 3, 5, 10, 20, 30, 60 mL plastic<\/li>\n<li>Sherwood Monoject: 1, 3, 6, 12, 20, 35, 60 mL<\/li>\n<li>Terumo: 1, 3, 5, 10, 20, 30, 60 mL<\/li>\n<\/ul>\n<h3>Frecuensia de flujo<\/h3>\n<ul>\n<li>0.01 ml\/hr a 438 ml\/hr, dependiendo de la jeringa.<\/li>\n<\/ul>\n<h3>Volumen de entrega<\/h3>\n<ul>\n<li>Volumen de jeringa ULL para jeringas de 1-60 ml.<\/li>\n<\/ul>\n<h3>Visualizaci\u00f3n de datos<\/h3>\n<ul>\n<li>Uno mismo-que incita, multi-campo.<\/li>\n<\/ul>\n<h3>Visualizaci\u00f3n de estado<\/h3>\n<ul>\n<li>Nueve-LED arsenal.<\/li>\n<\/ul>\n<h3>Requisitos de energ\u00eda<\/h3>\n<ul>\n<li>AC: 105-125V 60 Hz (cargador de bater\u00eda)<\/li>\n<li>DC.: paquete interno de la bater\u00eda recargable.<\/li>\n<\/ul>\n<h3>Tiempo de funcionamiento de la bater\u00eda<\/h3>\n<ul>\n<li>\u2022 5 horas de funcionamiento a 100 ml\/hr.<\/li>\n<li>\u2022 12 horas de funcionamiento a 2 ml\/hr utilizando una jeringa de 60 ml, despu\u00e9s de una carga de no menos de 16 horas<\/li>\n<\/ul>\n<p>&nbsp;<\/p>\n","protected":false},"excerpt":{"rendered":"<p>Bomba de Jeringa<\/p>\n","protected":false},"featured_media":11772,"template":"","meta":{"_acf_changed":false,"_relevanssi_hide_post":"","_relevanssi_hide_content":"","_relevanssi_pin_for_all":"","_relevanssi_pin_keywords":"","_relevanssi_unpin_keywords":"","_relevanssi_related_keywords":"","_relevanssi_related_include_ids":"","_relevanssi_related_exclude_ids":"","_relevanssi_related_no_append":"","_relevanssi_related_not_related":"","_relevanssi_related_posts":"","_relevanssi_noindex_reason":"","inline_featured_image":false},"pwb-brand":[1321],"product_brand":[],"product_cat":[52],"product_tag":[2952,2936,2951,2950,3669,2949,3670,3048],"class_list":{"0":"post-3720","1":"product","2":"type-product","3":"status-publish","4":"has-post-thumbnail","6":"pwb-brand-bombas-intravenosas-baxter","7":"product_cat-bombas-intravenosas","8":"product_tag-as-50","9":"product_tag-baxter","10":"product_tag-baxter-as","11":"product_tag-baxter-as-50","12":"product_tag-baxter-as-50-bombas-intravenosas","13":"product_tag-baxter-as50","14":"product_tag-baxter-bombas-intravenosas","15":"product_tag-bombas-intravenosas","17":"first","18":"instock","19":"purchasable","20":"product-type-simple"},"acf":[],"brands":[{"id":1321,"name":"Baxter","slug":"bombas-intravenosas-baxter"}],"_links":{"self":[{"href":"https:\/\/www.somatechnology.com\/spanish\/wp-json\/wp\/v2\/product\/3720","targetHints":{"allow":["GET"]}}],"collection":[{"href":"https:\/\/www.somatechnology.com\/spanish\/wp-json\/wp\/v2\/product"}],"about":[{"href":"https:\/\/www.somatechnology.com\/spanish\/wp-json\/wp\/v2\/types\/product"}],"wp:featuredmedia":[{"embeddable":true,"href":"https:\/\/www.somatechnology.com\/spanish\/wp-json\/wp\/v2\/media\/11772"}],"wp:attachment":[{"href":"https:\/\/www.somatechnology.com\/spanish\/wp-json\/wp\/v2\/media?parent=3720"}],"wp:term":[{"taxonomy":"pwb-brand","embeddable":true,"href":"https:\/\/www.somatechnology.com\/spanish\/wp-json\/wp\/v2\/pwb-brand?post=3720"},{"taxonomy":"product_brand","embeddable":true,"href":"https:\/\/www.somatechnology.com\/spanish\/wp-json\/wp\/v2\/product_brand?post=3720"},{"taxonomy":"product_cat","embeddable":true,"href":"https:\/\/www.somatechnology.com\/spanish\/wp-json\/wp\/v2\/product_cat?post=3720"},{"taxonomy":"product_tag","embeddable":true,"href":"https:\/\/www.somatechnology.com\/spanish\/wp-json\/wp\/v2\/product_tag?post=3720"}],"curies":[{"name":"wp","href":"https:\/\/api.w.org\/{rel}","templated":true}]}}