{"id":3722,"date":"2016-07-19T21:13:24","date_gmt":"2016-07-19T21:13:24","guid":{"rendered":"http:\/\/equipomedicocentral.com\/wordpress\/product\/baxter-150xl\/"},"modified":"2023-08-23T05:59:23","modified_gmt":"2023-08-23T09:59:23","slug":"baxter-150xl","status":"publish","type":"product","link":"https:\/\/www.somatechnology.com\/spanish\/equipo-medico-usado-remanufacturado\/terapia-intravenosa\/bombas-intravenosas\/baxter-150xl\/","title":{"rendered":"Baxter 150XL"},"content":{"rendered":"<h2>Caracter\u00edsticas del\u00a0Bombas Intravenosas Baxter 150XL<\/h2>\n<p>El sistema mini-infusor est\u00e1 dise\u00f1ado para la administraci\u00f3n intermitente controlada de medicamentos intravenosos. El sistema incluye las jeringuillas desechables est\u00e1ndar, los sistemas de la extensi\u00f3n del Microbore, y el mini-infusor 150XL o mini-infusor 300XL la bomba de la jeringuilla. Estos dispositivos accionados por bater\u00eda proporcionan el control \u00faltimo sobre la dosificaci\u00f3n de la droga y la tarifa de la administraci\u00f3n. El sistema mini-infusor proporciona tasas de infusi\u00f3n de f\u00e1rmacos reproducibles y definidas y, cuando se utiliza correctamente, es segura, confiable y pr\u00e1ctica. Los sistemas Mini-infusor aceptan jeringas desechables B-D y MONOJECT de varios tama\u00f1os (5-60cc).<\/p>\n<ul>\n<li>Gama del flujo\/de tarifa: 5,5 planos continuos in\/HR<\/li>\n<li>Exactitud: m\u00e1s o menos el 3%<\/li>\n<li>Peso neto: 28 onzas<\/li>\n<li>Requisitos de energ\u00eda: c.c.: cuatro bater\u00edas alcalinas del tama\u00f1o de \u00abC\u00bb-vida de bater\u00eda: 400 horas<\/li>\n<li>Alarmas: la operaci\u00f3n normal, entrega el extremo, obstrucci\u00f3n, bater\u00eda baja<\/li>\n<\/ul>\n","protected":false},"excerpt":{"rendered":"<p>Bomba de Jeringa<\/p>\n","protected":false},"featured_media":11760,"template":"","meta":{"_acf_changed":false,"_relevanssi_hide_post":"","_relevanssi_hide_content":"","_relevanssi_pin_for_all":"","_relevanssi_pin_keywords":"","_relevanssi_unpin_keywords":"","_relevanssi_related_keywords":"","_relevanssi_related_include_ids":"","_relevanssi_related_exclude_ids":"","_relevanssi_related_no_append":"","_relevanssi_related_not_related":"","_relevanssi_related_posts":"","_relevanssi_noindex_reason":"","inline_featured_image":false},"pwb-brand":[1321],"product_brand":[],"product_cat":[52],"product_tag":[3042,2936,3041,3040,3048,3671,3829],"class_list":{"0":"post-3722","1":"product","2":"type-product","3":"status-publish","4":"has-post-thumbnail","6":"pwb-brand-bombas-intravenosas-baxter","7":"product_cat-bombas-intravenosas","8":"product_tag-150-xl","9":"product_tag-baxter","10":"product_tag-baxter-150","11":"product_tag-baxter-150-xl","12":"product_tag-bombas-intravenosas","13":"product_tag-bombas-intravenosas-baxter","14":"product_tag-bombas-intravenosas-baxter-150xl","16":"first","17":"instock","18":"purchasable","19":"product-type-simple"},"acf":[],"brands":[{"id":1321,"name":"Baxter","slug":"bombas-intravenosas-baxter"}],"_links":{"self":[{"href":"https:\/\/www.somatechnology.com\/spanish\/wp-json\/wp\/v2\/product\/3722","targetHints":{"allow":["GET"]}}],"collection":[{"href":"https:\/\/www.somatechnology.com\/spanish\/wp-json\/wp\/v2\/product"}],"about":[{"href":"https:\/\/www.somatechnology.com\/spanish\/wp-json\/wp\/v2\/types\/product"}],"wp:featuredmedia":[{"embeddable":true,"href":"https:\/\/www.somatechnology.com\/spanish\/wp-json\/wp\/v2\/media\/11760"}],"wp:attachment":[{"href":"https:\/\/www.somatechnology.com\/spanish\/wp-json\/wp\/v2\/media?parent=3722"}],"wp:term":[{"taxonomy":"pwb-brand","embeddable":true,"href":"https:\/\/www.somatechnology.com\/spanish\/wp-json\/wp\/v2\/pwb-brand?post=3722"},{"taxonomy":"product_brand","embeddable":true,"href":"https:\/\/www.somatechnology.com\/spanish\/wp-json\/wp\/v2\/product_brand?post=3722"},{"taxonomy":"product_cat","embeddable":true,"href":"https:\/\/www.somatechnology.com\/spanish\/wp-json\/wp\/v2\/product_cat?post=3722"},{"taxonomy":"product_tag","embeddable":true,"href":"https:\/\/www.somatechnology.com\/spanish\/wp-json\/wp\/v2\/product_tag?post=3722"}],"curies":[{"name":"wp","href":"https:\/\/api.w.org\/{rel}","templated":true}]}}