{"id":3741,"date":"2016-07-19T21:13:24","date_gmt":"2016-07-19T21:13:24","guid":{"rendered":"http:\/\/equipomedicocentral.com\/wordpress\/product\/conmed-sabre-180\/"},"modified":"2023-08-23T05:59:36","modified_gmt":"2023-08-23T09:59:36","slug":"conmed-sabre-180","status":"publish","type":"product","link":"https:\/\/www.somatechnology.com\/spanish\/equipo-medico-usado-remanufacturado\/unidades-electroquirurgicas-electrobisturis\/conmed-sabre-180\/","title":{"rendered":"Conmed Sabre 180"},"content":{"rendered":"<h2>Caracter\u00edsticas del Conmed Sabre 180<\/h2>\n<p>El generador electroquir\u00fargico de potencia media <strong>Conmed Sabre 180<\/strong> ofrece un impresionante rendimiento electroquir\u00fargico en todos los modos, incluyendo corte monopolar y coagulaci\u00f3n y coagulaci\u00f3n bipolar. Adem\u00e1s, el Sabre 180 est\u00e1 equipado con una calidad de contacto de brazo, el sistema de control de almohadillas m\u00e1s sensible disponible. El Sabre 180 es ideal para el uso en centros de cirug\u00eda y consultorios de oficina durante procedimientos menores, generales y laparosc\u00f3picos.<\/p>\n<ul>\n<li>Cirug\u00eda de cabeza y cuello<\/li>\n<li>Laboratorios de cateterismo card\u00edaco<\/li>\n<li>Carros de laparoscopia<\/li>\n<li>Centros de cirug\u00eda menor<\/li>\n<li>Endoscopia<\/li>\n<li>Radiolog\u00eda intervencionista<\/li>\n<li>Consultorios m\u00e9dicos<\/li>\n<\/ul>\n<h2>Especificaciones Conmed Sabre 180<\/h2>\n<p>Informaci\u00f3n General<\/p>\n<ul>\n<li>100 vatios Power ESU digital w\/pedal<\/li>\n<li>A.R.M. (Aspen monitor de retorno)<\/li>\n<li>Monopolar corte puro: 100 vatios<\/li>\n<li>Corte la mezcla 1:65 vatios<\/li>\n<li>Corte la mezcla 2:50 vatios<\/li>\n<li>Coagulaci\u00f3n: 80 vatios<\/li>\n<li>Coagulaci\u00f3n bipolar: 50 vatios<\/li>\n<li>Voltios de entrada: 110<\/li>\n<li>Dimensiones: height = 15cm, ancho = 30cm, Depth = 16en<\/li>\n<li>Peso: 20 libras<\/li>\n<\/ul>\n<p>&nbsp;<\/p>\n","protected":false},"excerpt":{"rendered":"<p>Electrobisturis<\/p>\n","protected":false},"featured_media":11557,"template":"","meta":{"_acf_changed":false,"_relevanssi_hide_post":"","_relevanssi_hide_content":"","_relevanssi_pin_for_all":"","_relevanssi_pin_keywords":"","_relevanssi_unpin_keywords":"","_relevanssi_related_keywords":"","_relevanssi_related_include_ids":"","_relevanssi_related_exclude_ids":"","_relevanssi_related_no_append":"","_relevanssi_related_not_related":"","_relevanssi_related_posts":"","_relevanssi_noindex_reason":"","inline_featured_image":false},"pwb-brand":[1168],"product_brand":[],"product_cat":[76],"product_tag":[1545,1543,1896,4551,4552,4553],"class_list":{"0":"post-3741","1":"product","2":"type-product","3":"status-publish","4":"has-post-thumbnail","6":"pwb-brand-electrobisturis-conmed","7":"product_cat-unidades-electroquirurgicas-electrobisturis","8":"product_tag-conmed-sabre","9":"product_tag-conmed-sabre-180","10":"product_tag-electrobisturis","11":"product_tag-electrobisturis-conmed","12":"product_tag-electrobisturis-conmed-sabre","13":"product_tag-electrobisturis-conmed-sabre-180","15":"first","16":"instock","17":"purchasable","18":"product-type-simple"},"acf":[],"brands":[{"id":1168,"name":"Conmed","slug":"electrobisturis-conmed"}],"_links":{"self":[{"href":"https:\/\/www.somatechnology.com\/spanish\/wp-json\/wp\/v2\/product\/3741","targetHints":{"allow":["GET"]}}],"collection":[{"href":"https:\/\/www.somatechnology.com\/spanish\/wp-json\/wp\/v2\/product"}],"about":[{"href":"https:\/\/www.somatechnology.com\/spanish\/wp-json\/wp\/v2\/types\/product"}],"wp:featuredmedia":[{"embeddable":true,"href":"https:\/\/www.somatechnology.com\/spanish\/wp-json\/wp\/v2\/media\/11557"}],"wp:attachment":[{"href":"https:\/\/www.somatechnology.com\/spanish\/wp-json\/wp\/v2\/media?parent=3741"}],"wp:term":[{"taxonomy":"pwb-brand","embeddable":true,"href":"https:\/\/www.somatechnology.com\/spanish\/wp-json\/wp\/v2\/pwb-brand?post=3741"},{"taxonomy":"product_brand","embeddable":true,"href":"https:\/\/www.somatechnology.com\/spanish\/wp-json\/wp\/v2\/product_brand?post=3741"},{"taxonomy":"product_cat","embeddable":true,"href":"https:\/\/www.somatechnology.com\/spanish\/wp-json\/wp\/v2\/product_cat?post=3741"},{"taxonomy":"product_tag","embeddable":true,"href":"https:\/\/www.somatechnology.com\/spanish\/wp-json\/wp\/v2\/product_tag?post=3741"}],"curies":[{"name":"wp","href":"https:\/\/api.w.org\/{rel}","templated":true}]}}