{"id":3745,"date":"2016-07-19T21:13:24","date_gmt":"2016-07-19T21:13:24","guid":{"rendered":"http:\/\/equipomedicocentral.com\/wordpress\/product\/datascope-accutorr-plus\/"},"modified":"2025-09-23T15:37:02","modified_gmt":"2025-09-23T19:37:02","slug":"mindray-datascope-accutorr-plus","status":"publish","type":"product","link":"https:\/\/www.somatechnology.com\/spanish\/equipo-medico-usado-remanufacturado\/monitores-de-signos-vitales\/monitores-multiparametros\/mindray-datascope-accutorr-plus\/","title":{"rendered":"Datascope Accutorr Plus"},"content":{"rendered":"<h2>Caracter\u00edsticas del\u00a0<strong>Datascope Accutorr Plus <\/strong><\/h2>\n<p>El monitor de signos vitales <strong>Datascope Accutorr Plus<\/strong> es un monitor de m\u00faltiples par\u00e1metros que es ideal para el cribado y ciertas \u00e1reas preoperatorias y postoperatorias. Con NIBP, SpO2 y frecuencia de pulso, la unidad tambi\u00e9n tiene capacidades de tendencias.<\/p>\n<h2>Informacion Adicional del Monitor Accutorr Plus:<\/h2>\n<p>La unidad Datascope Accutorr Plus tambi\u00e9n cuenta con una abrazadera de poste incorporada y una bater\u00eda de respaldo. Peque\u00f1o y port\u00e1til, el Datascope Accutorr Plus es uno de nuestros monitores de signos vitales m\u00e1s populares. Incluye manguito NiBP nuevo, manguera, nueva sonda para dedo SpO2 reutilizable y bater\u00eda nueva. La opci\u00f3n de temperatura tambi\u00e9n est\u00e1 disponible. Vea abajo para m\u00e1s informaci\u00f3n.<\/p>\n<ul>\n<li>Ligero, port\u00e1til con tecnolog\u00eda configurable por el usuario<\/li>\n<li>Grandes n\u00fameros f\u00e1ciles de leer<\/li>\n<li>Controles dedicados que se pueden personalizar<\/li>\n<li>F\u00e1cilmente configurable<\/li>\n<li>Tama\u00f1o del paciente<\/li>\n<li>Tiempo de intervalo<\/li>\n<li>Alarmas<\/li>\n<li>Presi\u00f3n de inflaci\u00f3n<\/li>\n<li>Nivel de audio<\/li>\n<\/ul>\n<h3>Monitor<\/h3>\n<ul>\n<li>Pantalla digital con paneles LED<\/li>\n<\/ul>\n<h3>NIBP<\/h3>\n<ul>\n<li>T\u00e9cnica: Oscilom\u00e9trica<\/li>\n<li>Rango sist\u00f3lico: Adulto: 40 &#8211; 255 mmHg Pedi\u00e1trico: 40-200 mmHg<\/li>\n<li>Rango diast\u00f3lico: Adulto: 10 &#8211; 210 mmHg Pedi\u00e1trico: 10-150 mmHg<\/li>\n<li>Precisi\u00f3n sist\u00f3lica: Error medio menor a \u00b1 5 mmHg, Desviaci\u00f3n est\u00e1ndar menor que \u00b1 8 mmHg Precisi\u00f3n diast\u00f3lica: Error medio menor a \u00b1 5 mmHg, Desviaci\u00f3n est\u00e1ndar menor a \u00b1 8 mmHg<\/li>\n<li>Tipo de conector: Rectus<\/li>\n<li>Frecuencia de pulso de NIBP<\/li>\n<li>Rango Adulto \/ Pedi\u00e1trico: 40 &#8211; 240 BPM<\/li>\n<\/ul>\n<h3>Temperatura<\/h3>\n<ul>\n<li>Welch Allyn\u00ae SureTemp\u00ae Plus *<\/li>\n<li>Escala: seleccionable \u00b0 F o \u00b0 C<\/li>\n<li>Precisi\u00f3n: \u00b1 0.2 \u00b0 F por ASTM E1112<\/li>\n<li>Rango de temperatura del paciente: 80 a 110 \u00b0 F \/ 26.7 a 43.3 \u00b0 C<\/li>\n<li>Predecir los tiempos de medici\u00f3n (el tiempo de predicci\u00f3n depende de la ubicaci\u00f3n de la sonda y la condici\u00f3n del paciente) Oral: 4 &#8211; 6 segundos<\/li>\n<li>Axilar adulto: 12 a 15 segundos<\/li>\n<li>Axilar pedi\u00e1trico: 10 &#8211; 13 segundos<\/li>\n<li>Rectal: 10 &#8211; 13 segundos<\/li>\n<\/ul>\n<h3>Oximetr\u00eda de Pulso<\/h3>\n<ul>\n<li>Masimo SET\u00ae SpO2<\/li>\n<li>Precisi\u00f3n de saturaci\u00f3n de SpO2 sin condiciones de movimiento<\/li>\n<li>Adulto \/ Pedi\u00e1trico: 70% a 100% \u00b1 2 d\u00edgitos<\/li>\n<li>Precisi\u00f3n de saturaci\u00f3n de SpO2 durante condiciones de movimiento<\/li>\n<li>Adulto \/ Pedi\u00e1trico: 70% a 100% \u00b1 3 d\u00edgitos<\/li>\n<li>Rango de precisi\u00f3n de frecuencia de pulso de SpO2 sin condiciones de movimiento<\/li>\n<li>Adulto \/ Pedi\u00e1trico: 25 &#8211; 240 BPM \u00b1 3 BPM<\/li>\n<li>Rango de precisi\u00f3n de frecuencia de pulso de SpO2 durante condiciones de movimiento<\/li>\n<li>Adulto \/ Pedi\u00e1trico: 25 &#8211; 240 BPM \u00b1 3 BPM<\/li>\n<li>Precisi\u00f3n de saturaci\u00f3n de Nellcor\u00ae OxiMax\u00ae SpO2<\/li>\n<li>Adulto \/ Pedi\u00e1trico: 70% a 100% \u00b1 2 d\u00edgitos SpO2 con sensores: MAX-A, MAX-AL, MAX-N, MAX-P, MAX-FAST Adulto \/ Pedi\u00e1trico: 70% a 100% \u00b1 3 d\u00edgitos SpO2 con sensores: DS-100A, OXI-A \/ N, OXI-P \/ I, D-YS<\/li>\n<li>Rango de precisi\u00f3n de frecuencia de pulso \/ li&gt;<\/li>\n<li>Adulto \/ Pedi\u00e1trico: 20 &#8211; 250 BPM \u00b1 3 BPM<\/li>\n<\/ul>\n<h3>Valores El\u00e9ctricos<\/h3>\n<ul>\n<li>Voltaje de CA: AC100 ~ 240 V, 50\/60 Hz<\/li>\n<li>Tipo de bater\u00eda: Ion de litio<\/li>\n<li>Cantidad de bater\u00edas: 1<\/li>\n<li>Voltaje de la bater\u00eda: 7.2 Vcc<\/li>\n<li>Capacidad de la bater\u00eda: 6.6 A-Hr<\/li>\n<li>Tiempo de funcionamiento de la bater\u00eda: 14 horas a partir de una bater\u00eda nueva completamente cargada a 77 \u00b0 F (25 \u00b0 C) con medici\u00f3n de SpO2 y mediciones de PNI cada 7 minutos. 17.0 horas con PNI solamente y mediciones cada 7 minutos.<\/li>\n<li>Tiempo de recarga de la bater\u00eda: 4.5 horas como m\u00e1ximo<\/li>\n<\/ul>\n","protected":false},"excerpt":{"rendered":"<p>El monitor de signos vitales Datascope Accutorr Plus es un monitor de m\u00faltiples par\u00e1metros que es ideal para el cribado y ciertas \u00e1reas preoperatorias y postoperatorias. Con NIBP, SpO2 y frecuencia de pulso, la unidad tambi\u00e9n tiene capacidades de tendencias.<\/p>\n","protected":false},"featured_media":22827,"template":"","meta":{"_acf_changed":false,"_relevanssi_hide_post":"","_relevanssi_hide_content":"","_relevanssi_pin_for_all":"","_relevanssi_pin_keywords":"","_relevanssi_unpin_keywords":"","_relevanssi_related_keywords":"","_relevanssi_related_include_ids":"","_relevanssi_related_exclude_ids":"","_relevanssi_related_no_append":"","_relevanssi_related_not_related":"","_relevanssi_related_posts":"","_relevanssi_noindex_reason":"","inline_featured_image":false},"pwb-brand":[1110],"product_brand":[],"product_cat":[50],"product_tag":[777,507,776,775],"class_list":{"0":"post-3745","1":"product","2":"type-product","3":"status-publish","4":"has-post-thumbnail","6":"pwb-brand-equipo-medico-datascope","7":"product_cat-monitores-multiparametros","8":"product_tag-accutorr-plus","9":"product_tag-datascope","10":"product_tag-datascope-accutorr","11":"product_tag-datascope-accutorr-plus","13":"first","14":"instock","15":"purchasable","16":"product-type-simple"},"acf":[],"brands":[{"id":1110,"name":"Datascope","slug":"equipo-medico-datascope"}],"_links":{"self":[{"href":"https:\/\/www.somatechnology.com\/spanish\/wp-json\/wp\/v2\/product\/3745","targetHints":{"allow":["GET"]}}],"collection":[{"href":"https:\/\/www.somatechnology.com\/spanish\/wp-json\/wp\/v2\/product"}],"about":[{"href":"https:\/\/www.somatechnology.com\/spanish\/wp-json\/wp\/v2\/types\/product"}],"wp:featuredmedia":[{"embeddable":true,"href":"https:\/\/www.somatechnology.com\/spanish\/wp-json\/wp\/v2\/media\/22827"}],"wp:attachment":[{"href":"https:\/\/www.somatechnology.com\/spanish\/wp-json\/wp\/v2\/media?parent=3745"}],"wp:term":[{"taxonomy":"pwb-brand","embeddable":true,"href":"https:\/\/www.somatechnology.com\/spanish\/wp-json\/wp\/v2\/pwb-brand?post=3745"},{"taxonomy":"product_brand","embeddable":true,"href":"https:\/\/www.somatechnology.com\/spanish\/wp-json\/wp\/v2\/product_brand?post=3745"},{"taxonomy":"product_cat","embeddable":true,"href":"https:\/\/www.somatechnology.com\/spanish\/wp-json\/wp\/v2\/product_cat?post=3745"},{"taxonomy":"product_tag","embeddable":true,"href":"https:\/\/www.somatechnology.com\/spanish\/wp-json\/wp\/v2\/product_tag?post=3745"}],"curies":[{"name":"wp","href":"https:\/\/api.w.org\/{rel}","templated":true}]}}