{"id":3747,"date":"2016-07-19T21:14:37","date_gmt":"2016-07-19T21:14:37","guid":{"rendered":"http:\/\/equipomedicocentral.com\/wordpress\/product\/drager-infinity-delta-xl\/"},"modified":"2023-08-23T05:59:40","modified_gmt":"2023-08-23T09:59:40","slug":"drager-infinity-delta-xl","status":"publish","type":"product","link":"https:\/\/www.somatechnology.com\/spanish\/equipo-medico-usado-remanufacturado\/monitores-de-signos-vitales\/monitores-multiparametros\/drager-infinity-delta-xl\/","title":{"rendered":"Drager Infinity Delta XL"},"content":{"rendered":"<h2>Caracter\u00edsticas del Drager Infinity Delta XL<\/h2>\n<p>Con el monitor <strong>Infinity Delta XL<\/strong>, la estandarizaci\u00f3n sin compromiso es una realidad. Finalmente, todos los departamentos pueden tener lo que necesitan para respaldar sus requisitos de monitoreo completos, todo con el mismo monitor. Usted determina sus requisitos espec\u00edficos, que incluyen opciones de par\u00e1metros, colores y posiciones de forma de onda y l\u00edmites de alarma, ya sea por un paciente o en toda su unidad. Infinity Docking Stations puede almacenar estas configuraciones, por lo que todos los monitores conectados a ellas pueden reflejar sus elecciones de configuraci\u00f3n autom\u00e1ticamente. Debido a que Infinity Delta XL es compatible con todos los entornos de cuidados intensivos, puede estandarizar en un solo monitor en todo el hospital. El Delta XL tiene una pantalla a color de 12.2 \u00ab(310 mm) y muestra 6 canales est\u00e1ndar (8 opcional).<\/p>\n<ul>\n<li>Elimina la necesidad de monitores de transporte separados<\/li>\n<li>Funciona como un dispositivo independiente o se conecta a Infinity Network a trav\u00e9s de Infinity Docking Station, DirectNet o un adaptador inal\u00e1mbrico opcional para una conexi\u00f3n de red cableada a inal\u00e1mbrica<\/li>\n<li>Escalas de par\u00e1metros usando Infinity pods y opciones de software<\/li>\n<\/ul>\n<h2 dir=\"ltr\" data-placeholder=\"Translation\"><span lang=\"es\">Especificaciones<\/span> del Drager Infinity Delta XL<\/h2>\n<h3>ECG<\/h3>\n<ul>\n<li>Muestra hasta 12 clientes potenciales<\/li>\n<li>Rango de medici\u00f3n: 15 a 300 bpm<\/li>\n<li>Precisi\u00f3n: \u00b1 2 bpm o \u00b1 1% (lo que sea mayor)<\/li>\n<\/ul>\n<h3>QRS Detection Range<\/h3>\n<ul>\n<li>Amplitud: 0.5 a 5 mV<\/li>\n<li>Duraci\u00f3n: Adulto y pedi\u00e1trico: de 70 a 120 mseg<\/li>\n<li>Neonatal: 40 a 120 mseg<\/li>\n<li>Alarmas: l\u00edmites superior e inferior seleccionables por el usuario<\/li>\n<li>Detecci\u00f3n de marcapasos: derivaciones: I, II o III<\/li>\n<li>(adulto \/ pedi\u00e1trico): Amplitud: \u00b1 2 a \u00b1 700 mV<\/li>\n<li>Ancho (dp): 0.2 a 2.0 mseg<\/li>\n<li>Accesorios: conjunto de electrodos de 3, 5 o 6 derivaciones o pod de 12 derivaciones<\/li>\n<\/ul>\n<h3>ST (no destinado a neonatos)<\/h3>\n<ul>\n<li>Conductores disponibles: con opci\u00f3n ST de 3 derivaciones: Elecci\u00f3n de 3 derivaciones disponibles Con la opci\u00f3n ARIES: hasta 12 derivaciones<\/li>\n<li>Longitud compleja ST: 892 mseg (-300 a +600 mseg del punto fiducial)<\/li>\n<li>Frecuencia de muestreo: 225 muestras \/ seg<\/li>\n<li>Respuesta de frecuencia: 0.05 &#8211; 40 Hz<\/li>\n<\/ul>\n<h3>Punto de medici\u00f3n isoel\u00e9ctrica<\/h3>\n<ul>\n<li>Rango de medici\u00f3n: inicio del complejo ECG al punto fiducial<\/li>\n<li>Valor predeterminado: inicio QRS &#8211; 28 mseg<\/li>\n<\/ul>\n<h3>Punto de medici\u00f3n ST<\/h3>\n<ul>\n<li>Rango de ajuste: punto Fiducial al final del complejo de ECG<\/li>\n<li>Punto predeterminado: QRS offset +80 msec<\/li>\n<li>Intervalo de actualizaci\u00f3n: 15 segundos, requiere 1 tiempo normal<\/li>\n<li>Resoluci\u00f3n: \u00b1 0.1 mm<\/li>\n<li>Tendencias: mini tendencias gr\u00e1ficas, tabulares y gr\u00e1ficas<\/li>\n<li>Alarma INOP: s\u00ed<\/li>\n<li>Alarmas ST superior e inferior: \u00b1 15 mm, incrementos de \u00b1 0,1 mm<\/li>\n<\/ul>\n<h3>Detecci\u00f3n de Arritmias<\/h3>\n<ul>\n<li>Adulto y Pedi\u00e1trico: S\u00ed<\/li>\n<li>Neonatal: no<\/li>\n<li>Usuario del modo ARR: seleccionable; OFF, B\u00e1sico o Avanzado<\/li>\n<li>ARR b\u00e1sico (est\u00e1ndar): asistolia, fibrilaci\u00f3n ventricular, taquicardia ventricular y artefacto (se muestra la etiqueta ARR para registrar la aparici\u00f3n de arritmias)<\/li>\n<li>ARR avanzada (opci\u00f3n): ejecuci\u00f3n ventricular, ritmo idioventricular acelerado, taquicardia supraventricular, pareado, bigeminismo, taquicardia, bradicardia, pausa y tambi\u00e9n es compatible con la salida del par\u00e1metro PVC \/ min.<\/li>\n<\/ul>\n<h3>Respiraci\u00f3n<\/h3>\n<ul>\n<li>Cables de detecci\u00f3n: I, II (seleccionable por el usuario)<\/li>\n<li>M\u00e9todo de medici\u00f3n: neumograf\u00eda de impedancia<\/li>\n<li>Corriente auxiliar: \u2264 10mA para cualquier electrodo activo<\/li>\n<li>Umbral de detecci\u00f3n: 0.15W a 4.0W en modo manual (ajuste de usuario)<\/li>\n<li>2W a 1.5W en modo autom\u00e1tico: (ajuste autom\u00e1tico)<\/li>\n<li>Rango de medici\u00f3n: 0 a 155 respiraciones por minuto<\/li>\n<li>Precisi\u00f3n: \u00b1 1 respiraci\u00f3n \/ minuto o 2% de la velocidad (lo que sea mayor)<\/li>\n<li>Detecci\u00f3n de apnea: para pacientes neonatales y pedi\u00e1tricos<\/li>\n<li>Alarmas: frecuencia de respiraci\u00f3n superior e inferior seleccionable por el usuario<\/li>\n<\/ul>\n<h3>Oximetr\u00eda de pulso (SpO2)<\/h3>\n<ul>\n<li>Algoritmo de SpO2: Masimo\u00ae SET\u00ae (tecnolog\u00eda de extracci\u00f3n de se\u00f1al) Masimo proporciona el \u00abest\u00e1ndar de oro\u00bb de la industria para la oximetr\u00eda de pulso tolerante al movimiento.<\/li>\n<li>Algoritmo de SpO2: NellcorTM OxiMaxTM<\/li>\n<li>Algoritmo de SpO2: OxSure\u00ae SpO2 de Dr\u00e4ger<\/li>\n<\/ul>\n","protected":false},"excerpt":{"rendered":"<p>Monitor Multiparametro<\/p>\n","protected":false},"featured_media":11366,"template":"","meta":{"_acf_changed":false,"_relevanssi_hide_post":"","_relevanssi_hide_content":"","_relevanssi_pin_for_all":"","_relevanssi_pin_keywords":"","_relevanssi_unpin_keywords":"","_relevanssi_related_keywords":"","_relevanssi_related_include_ids":"","_relevanssi_related_exclude_ids":"","_relevanssi_related_no_append":"","_relevanssi_related_not_related":"","_relevanssi_related_posts":"","_relevanssi_noindex_reason":"","inline_featured_image":false},"pwb-brand":[1122],"product_brand":[],"product_cat":[50],"product_tag":[805,4402,804,802,801,800,4401,4400,3709,803,3614,4399],"class_list":{"0":"post-3747","1":"product","2":"type-product","3":"status-publish","4":"has-post-thumbnail","6":"pwb-brand-equipo-medico-drager","7":"product_cat-monitores-multiparametros","8":"product_tag-delta-xl","9":"product_tag-delta-xl-monitores-multiparametros","10":"product_tag-drager-delta-xl","11":"product_tag-drager-infinity","12":"product_tag-drager-infinity-delta","13":"product_tag-drager-infinity-delta-xl","14":"product_tag-drager-infinity-delta-xl-monitores-multiparametros","15":"product_tag-drager-infinity-monitores-multiparametros","16":"product_tag-drager-monitores-multiparametros","17":"product_tag-infinity-delta-xl","18":"product_tag-monitores-multiparametros","19":"product_tag-monitores-multiparametros-drager","21":"first","22":"instock","23":"purchasable","24":"product-type-simple"},"acf":[],"brands":[{"id":1122,"name":"Drager","slug":"equipo-medico-drager"}],"_links":{"self":[{"href":"https:\/\/www.somatechnology.com\/spanish\/wp-json\/wp\/v2\/product\/3747","targetHints":{"allow":["GET"]}}],"collection":[{"href":"https:\/\/www.somatechnology.com\/spanish\/wp-json\/wp\/v2\/product"}],"about":[{"href":"https:\/\/www.somatechnology.com\/spanish\/wp-json\/wp\/v2\/types\/product"}],"wp:featuredmedia":[{"embeddable":true,"href":"https:\/\/www.somatechnology.com\/spanish\/wp-json\/wp\/v2\/media\/11366"}],"wp:attachment":[{"href":"https:\/\/www.somatechnology.com\/spanish\/wp-json\/wp\/v2\/media?parent=3747"}],"wp:term":[{"taxonomy":"pwb-brand","embeddable":true,"href":"https:\/\/www.somatechnology.com\/spanish\/wp-json\/wp\/v2\/pwb-brand?post=3747"},{"taxonomy":"product_brand","embeddable":true,"href":"https:\/\/www.somatechnology.com\/spanish\/wp-json\/wp\/v2\/product_brand?post=3747"},{"taxonomy":"product_cat","embeddable":true,"href":"https:\/\/www.somatechnology.com\/spanish\/wp-json\/wp\/v2\/product_cat?post=3747"},{"taxonomy":"product_tag","embeddable":true,"href":"https:\/\/www.somatechnology.com\/spanish\/wp-json\/wp\/v2\/product_tag?post=3747"}],"curies":[{"name":"wp","href":"https:\/\/api.w.org\/{rel}","templated":true}]}}