{"id":3748,"date":"2016-07-19T21:13:24","date_gmt":"2016-07-19T21:13:24","guid":{"rendered":"http:\/\/equipomedicocentral.com\/wordpress\/product\/drager-infinity-kappa-xlt\/"},"modified":"2023-08-23T05:59:41","modified_gmt":"2023-08-23T09:59:41","slug":"drager-infinity-kappa-xlt","status":"publish","type":"product","link":"https:\/\/www.somatechnology.com\/spanish\/equipo-medico-usado-remanufacturado\/monitores-de-signos-vitales\/monitores-multiparametros\/drager-infinity-kappa-xlt\/","title":{"rendered":"Drager Infinity Kappa XLT"},"content":{"rendered":"<h2>Caracter\u00edsticas del Drager Infinity Kappa XLT<\/h2>\n<p>El <strong>Drager Infinity Kappa<\/strong> es un monitor de signos vitales fijo que admite todos los tipos de pacientes, niveles de agudeza visual y \u00e1reas de cuidado. El monitor est\u00e1 destinado a ubicarse junto a la cama e incluye una unidad base de CPU que es compatible con pantallas planas est\u00e1ndar de calidad m\u00e9dica. Con una fuente de alimentaci\u00f3n incorporada y una tarjeta de red, Infinity Kappa se puede utilizar Como un dispositivo independiente o como parte de la red Infinity para la vigilancia central. Infinity Kappa puede mostrar un conjunto completo de par\u00e1metros vitales, incluidos ECG, EEG, etCO2 de 3, 5, 6 y 12 derivaciones, arritmia completa, BISx, respiraci\u00f3n, m\u00faltiples temperaturas y presi\u00f3n arterial invasiva y no invasiva. Con mediciones avanzadas de mec\u00e1nica respiratoria, cursores verticales y horizontales y c\u00e1lculos de drogas, el monitor Infinity Kappa puede ayudar significativamente a mejorar la eficiencia. Conozca m\u00e1s sobre el monitor Infinity Kappa o solicite una cotizaci\u00f3n hoy hablando con un especialista en equipos DRE.<\/p>\n<ul>\n<li>Elimina la necesidad de monitores de transporte separados<\/li>\n<li>Funciona como un dispositivo independiente o se conecta a Infinity Network a trav\u00e9s de Infinity Docking Station, DirectNet o un adaptador inal\u00e1mbrico opcional para una conexi\u00f3n de red cableada a inal\u00e1mbrica<\/li>\n<li>Escalas de par\u00e1metros usando Infinity pods y opciones de software<\/li>\n<\/ul>\n<h2 dir=\"ltr\" data-placeholder=\"Translation\"><span lang=\"es\">Especificaciones<\/span> del Drager Infinity Kappa XLT<\/h2>\n<h3>Informaci\u00f3n T\u00e9cnica<\/h3>\n<ul>\n<li>MODELO: INFINITY Kappa XLT<\/li>\n<li>PAR\u00c1METROS: ECG, HR, respiraci\u00f3n, PNI, SpO2, temperatura, IBP, frecuencia card\u00edaca, ST \/ arritmia (solo para adultos, pediatr\u00eda), EEG (4 canales), ETCO2, CO, tcpO2 \/ CO2, FiO2, VCO2, par\u00e1metros del ventilador, gas anest\u00e9sico, mec\u00e1nica respiratoria, NMT, BIS X<\/li>\n<li>ECG: S\u00ed<\/li>\n<li>Rango de hora, ppm: 15-300<\/li>\n<li>Detecci\u00f3n de arritmias: S\u00ed<\/li>\n<li>ALERTAS: S\u00ed<\/li>\n<li>St an\u00e1lisis: S\u00ed<\/li>\n<li>Precisi\u00f3n: +\/- 1% o +\/- 2 bpm<\/li>\n<li>INTERPRETACI\u00d3N: S\u00ed, con pod de 12 derivaciones e ICS<\/li>\n<li>N\u00famero de leads: hasta 12 con pod de 12 derivaciones<\/li>\n<li>N\u00ba de clientes potenciales analizados: 1 o 2<\/li>\n<li>N\u00ba de clientes potenciales analizados: Opcional 3 o 12<\/li>\n<li>POTENCIA NECESARIA, VAC: 100-240 @ 3.7 A m\u00e1ximo<\/li>\n<li>TIPO DE PACIENTE: Adulto, pedi\u00e1trico, neonato<\/li>\n<\/ul>\n<h3>Caracter\u00edsticas f\u00edsicas<\/h3>\n<ul>\n<li>Dimensiones: 377 x 437 x 131 (14.8 x 17.2 x 5.2)<\/li>\n<li>PESO, kg: 12.65 (27.96)<\/li>\n<li>Bater\u00eda: S\u00ed<\/li>\n<li>Recargable: S\u00ed<\/li>\n<li>Tiempo de recarga, hr: 5<\/li>\n<li>Tipo: Iones de litio (1)<\/li>\n<li>Alarma de bater\u00eda baja: s\u00ed<\/li>\n<li>Duraci\u00f3n, min: 30 (fuente de alimentaci\u00f3n UPS)<\/li>\n<\/ul>\n<h3>Tipo de Impresora<\/h3>\n<ul>\n<li>Opcional<\/li>\n<li>Canales: 3 t\u00e9rmicos, HP LaserJet<\/li>\n<\/ul>\n<h3>Interfaz de usuario<\/h3>\n<ul>\n<li>Tendencia: s\u00ed<\/li>\n<li>hr:1, 2, 4, 8, 12, 24, 48, 72 o 96 formatos de visualizaci\u00f3n para gr\u00e1ficos de tendencia;<\/li>\n<li>Formatos de visualizaci\u00f3n de 1, 5, 15, 30 o 60 min para tablas de tendencias<\/li>\n<\/ul>\n<h3>Parametros<\/h3>\n<ul>\n<li>Gr\u00e1fica \/ tabular: S\u00ed \/ s\u00ed<\/li>\n<li>PNI: S\u00ed<\/li>\n<li>Conexi\u00f3n de manguera: liberaci\u00f3n r\u00e1pida \/ conexi\u00f3n<\/li>\n<li>T\u00e9cnica de medici\u00f3n: oscilom\u00e9trico de deflaguaci\u00f3n escalonada<\/li>\n<li>Tama\u00f1o del manguito: adulto, pedi\u00e1trico, neonatal<\/li>\n<\/ul>\n<h3>Conecci\u00f3n de Redes<\/h3>\n<ul>\n<li>Protocolos de comunicaci\u00f3n: TCP \/ IP, Ethernet<\/li>\n<li>Otros sistemas de informaci\u00f3n cl\u00ednica: cuidado cr\u00edtico innoviano y perioperatorio<\/li>\n<li>Cableado \/ inal\u00e1mbrico: cableado<\/li>\n<li>Max no. de dispositivos en una red \u00fanica: 1,024<\/li>\n<li>Comunicaci\u00f3n de monitor de cabecera a cabecera: s\u00ed<\/li>\n<li>Interfaz de perif\u00e9ricos: Opcional con 2 conexiones<\/li>\n<\/ul>\n<h3>Alertas<\/h3>\n<p>Visualizaci\u00f3n remota: WinView \/ WebView<\/p>\n<h3>Temperatura<\/h3>\n<ul>\n<li>Tipo de sonda: sondas centrales y de piel aprobadas por Draeger<\/li>\n<li>N\u00ba de entradas: hasta 3<\/li>\n<\/ul>\n<h3>Oximetr\u00eda de Pulso<\/h3>\n<ul>\n<li>Desechable \/ reutilizable: S\u00ed \/ S\u00ed<\/li>\n<li>Tipo de sonda: Nellcor, Masimo, Draeger<\/li>\n<li>Respiraci\u00f3n: S\u00ed<\/li>\n<li>Forma de onda visualizada: S\u00ed<\/li>\n<li>N\u00ba de canales: 2, hasta 8 opcionales<\/li>\n<li>Rango de escalas, mm hg: -50 a +400<\/li>\n<li>Control de umbral: s\u00ed<\/li>\n<li>IBP: S\u00ed<\/li>\n<\/ul>\n","protected":false},"excerpt":{"rendered":"<p>Monitor Multiparametro<\/p>\n","protected":false},"featured_media":11368,"template":"","meta":{"_acf_changed":false,"_relevanssi_hide_post":"","_relevanssi_hide_content":"","_relevanssi_pin_for_all":"","_relevanssi_pin_keywords":"","_relevanssi_unpin_keywords":"","_relevanssi_related_keywords":"","_relevanssi_related_include_ids":"","_relevanssi_related_exclude_ids":"","_relevanssi_related_no_append":"","_relevanssi_related_not_related":"","_relevanssi_related_posts":"","_relevanssi_noindex_reason":"","inline_featured_image":false},"pwb-brand":[1122],"product_brand":[],"product_cat":[50],"product_tag":[802,812,811,4404,814,3709,813,815,816,3614,4399],"class_list":{"0":"post-3748","1":"product","2":"type-product","3":"status-publish","4":"has-post-thumbnail","6":"pwb-brand-equipo-medico-drager","7":"product_cat-monitores-multiparametros","8":"product_tag-drager-infinity","9":"product_tag-drager-infinity-kappa","10":"product_tag-drager-infinity-kappa-xlt","11":"product_tag-drager-infinity-monitores-multiparametros-drager-infinity-kappa-xlt-monitores-multiparametros","12":"product_tag-drager-kappa-xlt","13":"product_tag-drager-monitores-multiparametros","14":"product_tag-dragerdrager-infinity-kappa-xlt","15":"product_tag-infinity-kappa-xlt","16":"product_tag-kappa-xlt","17":"product_tag-monitores-multiparametros","18":"product_tag-monitores-multiparametros-drager","20":"first","21":"instock","22":"purchasable","23":"product-type-simple"},"acf":[],"brands":[{"id":1122,"name":"Drager","slug":"equipo-medico-drager"}],"_links":{"self":[{"href":"https:\/\/www.somatechnology.com\/spanish\/wp-json\/wp\/v2\/product\/3748","targetHints":{"allow":["GET"]}}],"collection":[{"href":"https:\/\/www.somatechnology.com\/spanish\/wp-json\/wp\/v2\/product"}],"about":[{"href":"https:\/\/www.somatechnology.com\/spanish\/wp-json\/wp\/v2\/types\/product"}],"wp:featuredmedia":[{"embeddable":true,"href":"https:\/\/www.somatechnology.com\/spanish\/wp-json\/wp\/v2\/media\/11368"}],"wp:attachment":[{"href":"https:\/\/www.somatechnology.com\/spanish\/wp-json\/wp\/v2\/media?parent=3748"}],"wp:term":[{"taxonomy":"pwb-brand","embeddable":true,"href":"https:\/\/www.somatechnology.com\/spanish\/wp-json\/wp\/v2\/pwb-brand?post=3748"},{"taxonomy":"product_brand","embeddable":true,"href":"https:\/\/www.somatechnology.com\/spanish\/wp-json\/wp\/v2\/product_brand?post=3748"},{"taxonomy":"product_cat","embeddable":true,"href":"https:\/\/www.somatechnology.com\/spanish\/wp-json\/wp\/v2\/product_cat?post=3748"},{"taxonomy":"product_tag","embeddable":true,"href":"https:\/\/www.somatechnology.com\/spanish\/wp-json\/wp\/v2\/product_tag?post=3748"}],"curies":[{"name":"wp","href":"https:\/\/api.w.org\/{rel}","templated":true}]}}