{"id":3763,"date":"2016-07-19T21:13:55","date_gmt":"2016-07-19T21:13:55","guid":{"rendered":"http:\/\/equipomedicocentral.com\/wordpress\/product\/ge-marquette-mac-1200\/"},"modified":"2023-08-23T05:59:53","modified_gmt":"2023-08-23T09:59:53","slug":"ge-marquette-mac-1200","status":"publish","type":"product","link":"https:\/\/www.somatechnology.com\/spanish\/equipo-medico-usado-remanufacturado\/cardiologia\/ekg-interpretativo-y-no-interpretativo\/ge-marquette-mac-1200\/","title":{"rendered":"GE Marquette Mac 1200"},"content":{"rendered":"<h2>Caracter\u00edsticas del\u00a0<strong>GE Marquette Mac 1200<\/strong><\/h2>\n<p>La m\u00e1quina<strong> GE EC 1200<\/strong> Resting EKG es una soluci\u00f3n integral con caracter\u00edsticas pr\u00e1cticas que apreciar\u00e1n los m\u00e9dicos de hospitales m\u00e1s peque\u00f1os, cl\u00ednicas y consultorios m\u00e9dicos. El MAC 1200 es un electrocardi\u00f3grafo compacto de 12 derivaciones dise\u00f1ado para adquisici\u00f3n con o sin an\u00e1lisis. El sistema se puede configurar como un electrocardi\u00f3grafo est\u00e1ndar sin an\u00e1lisis para instalaciones con requisitos m\u00ednimos de EKG. Al agregar el programa 12SL se crea un electrocardi\u00f3grafo con el programa de interpretaci\u00f3n y las mediciones l\u00edderes en la industria.<\/p>\n<ul>\n<li>Este sistema se puede configurar para satisfacer las necesidades de hospitales, cl\u00ednicas y consultorios.<\/li>\n<li>Permite el acceso a los datos de EKG recopilados a trav\u00e9s de una red de proveedores, asegurando una alta calidad y continuidad de la atenci\u00f3n.<\/li>\n<li>Soluci\u00f3n completa para los requisitos de EKG.<\/li>\n<li>Pantalla LCD de forma de onda.<\/li>\n<li>EKG interpretativo.<\/li>\n<li>Informes en papel de tama\u00f1o completo.<\/li>\n<li>Port\u00e1til con una bater\u00eda incorporada.<\/li>\n<li>Las mediciones, la interpretaci\u00f3n y la memoria est\u00e1n disponibles en cualquier combinaci\u00f3n.<\/li>\n<li>Adquisici\u00f3n y an\u00e1lisis simult\u00e1neos de ECG de 12 derivaciones.<\/li>\n<li>Dise\u00f1o compacto y liviano con asa de transporte.<\/li>\n<li>Capacidad de actualizaci\u00f3n del campo.<\/li>\n<\/ul>\n<h2>Especificaciones del\u00a0<strong>GE Marquette Mac 1200<\/strong><\/h2>\n<h3>Procesamiento de la Se\u00f1al:<\/h3>\n<ul>\n<li>Adquisici\u00f3n: 12 clientes potenciales &#8211; simult\u00e1neamente.<\/li>\n<li>Entrada de se\u00f1al: escriba CF seg\u00fan IEC.<\/li>\n<li>Frecuencia de muestreo digital: 1000 muestras \/ segundo \/ canal.<\/li>\n<li>Rango din\u00e1mico: se\u00f1ales diferenciales para voltaje de CA \u00b1 10 mV Voltaje de CC superpuesto (voltaje de polarizaci\u00f3n) \u00b1 600mV.<\/li>\n<li>Resoluci\u00f3n: 5 uV.<\/li>\n<li>Respuesta de frecuencia: 0.04 &#8211; 150 Hz.<\/li>\n<li>Rechazo de modo com\u00fan:&gt; 140 dB.<\/li>\n<li>Impedancia de entrada:&gt; 100 M ohmios.<\/li>\n<li>Corriente de fuga: &lt;10uA.<\/li>\n<li>Sensibilidad de detecci\u00f3n del marcapaso: todos los cables, duraci\u00f3n 0.1 &#8211; 2.5 ms, amplitud&gt; 5 mV.<\/li>\n<\/ul>\n<h3>Monitor:<\/h3>\n<ul>\n<li>Tipo: LCD 320 x 240 p\u00edxeles, retroiluminado, Contraste ajustable.<\/li>\n<li>Datos mostrados: Grupo de derivaci\u00f3n seleccionado, modo de funcionamiento, verificaci\u00f3n de derivaci\u00f3n, frecuencia card\u00edaca, filtro de CA, masa muscular, ADS, ganancia, velocidad, nombre, ID, 3 formas de onda de ECG.<\/li>\n<\/ul>\n<h3>Impresora:<\/h3>\n<ul>\n<li>Tipo: cabezal de impresi\u00f3n de matriz t\u00e9rmica.<\/li>\n<li>Resoluci\u00f3n: verticalmente 8 puntos \/ mm horizontalmente 25um a 25 mm \/ s.<\/li>\n<li>Papel: 8.5 x 11 pulgadas.<\/li>\n<li>Velocidad de escritura: 5, 25, 50 mm \/ s.<\/li>\n<li>Tipo de papel: doblar en Z.<\/li>\n<\/ul>\n<h3>Teclado:<\/h3>\n<ul>\n<li>Tipo: teclado de membrana con respuesta t\u00e1ctil \/ 46 teclas.<\/li>\n<\/ul>\n<h3>Funciones Especiales:<\/h3>\n<ul>\n<li>Sistema antideslizamiento (ADS): compensaci\u00f3n autom\u00e1tica de las fluctuaciones de la l\u00ednea base causadas por las fluctuaciones de voltaje de polarizaci\u00f3n en los electrodos.<\/li>\n<li>Ajuste de l\u00ednea de base: presentaci\u00f3n de ECG en una l\u00ednea base promediada.<\/li>\n<li>Monitoreo de electrodos: Indicaci\u00f3n audible y visual en la pantalla LCD de electrodos desconectados o rotura fina. Cada electrodo es monitoreado.<\/li>\n<li>Copiar: en los 12 modos de avance autom\u00e1tico, despu\u00e9s de ECG, grabaci\u00f3n, se pueden imprimir copias del ECG.<\/li>\n<li>Prueba: prueba de rendimiento autom\u00e1tica al momento del encendido, incluida la verificaci\u00f3n de la ruta de la se\u00f1al que comienza en la entrada de se\u00f1al.<\/li>\n<\/ul>\n<h3>Fuente de Alimentaci\u00f3n:<\/h3>\n<ul>\n<li>Valores nominales: 10 &#8211; 120 V (0,32 A) \/ 220 &#8211; 240 V (0,16 A).<\/li>\n<li>Frecuencia: 49 &#8211; 65 Hz.<\/li>\n<li>Tipo de bater\u00eda: NiCad, 18V, 1.4 Ah.<\/li>\n<li>Tiempo de carga de la bater\u00eda: 4 horas.<\/li>\n<\/ul>\n<h3>Especificaciones F\u00edsicas:<\/h3>\n<ul>\n<li>Ancho: 14.5 pulg. (370 mm)<\/li>\n<li>Altura: 3.7 pulg. (94 mm)<\/li>\n<li>Profundidad: 12.6 in. (320 mm)<\/li>\n<li>Peso: 12,4 lb (5,6 kg) con pantalla gr\u00e1fica y bater\u00eda.<\/li>\n<\/ul>\n<p>&nbsp;<\/p>\n","protected":false},"excerpt":{"rendered":"<p>Electrocardi\u00f3grafo (EKG)<\/p>\n","protected":false},"featured_media":11938,"template":"","meta":{"_acf_changed":false,"_relevanssi_hide_post":"","_relevanssi_hide_content":"","_relevanssi_pin_for_all":"","_relevanssi_pin_keywords":"","_relevanssi_unpin_keywords":"","_relevanssi_related_keywords":"","_relevanssi_related_include_ids":"","_relevanssi_related_exclude_ids":"","_relevanssi_related_no_append":"","_relevanssi_related_not_related":"","_relevanssi_related_posts":"","_relevanssi_noindex_reason":"","inline_featured_image":false},"pwb-brand":[1100],"product_brand":[],"product_cat":[49],"product_tag":[4782,4802,224,4803,1203,1205,4809,4806,1207,1208,1206,1202,1204],"class_list":{"0":"post-3763","1":"product","2":"type-product","3":"status-publish","4":"has-post-thumbnail","6":"pwb-brand-equipo-medico-ge","7":"product_cat-ekg-interpretativo-y-no-interpretativo","8":"product_tag-electrocardiografos","9":"product_tag-electrocardiografos-ge","10":"product_tag-ge","11":"product_tag-ge-electrocardiografos","12":"product_tag-ge-mac-1200","13":"product_tag-ge-mac-1200-ekg","14":"product_tag-ge-mac-1200-electrocardiografos","15":"product_tag-ge-mac-electrocardiografos","16":"product_tag-ge-marquette","17":"product_tag-ge-marquette-ekg","18":"product_tag-ge-marquette-mac","19":"product_tag-ge-marquette-mac-1200","20":"product_tag-ge-marquette-mac-1200-ekg","22":"first","23":"instock","24":"purchasable","25":"product-type-simple"},"acf":[],"brands":[{"id":1100,"name":"GE","slug":"equipo-medico-ge"}],"_links":{"self":[{"href":"https:\/\/www.somatechnology.com\/spanish\/wp-json\/wp\/v2\/product\/3763","targetHints":{"allow":["GET"]}}],"collection":[{"href":"https:\/\/www.somatechnology.com\/spanish\/wp-json\/wp\/v2\/product"}],"about":[{"href":"https:\/\/www.somatechnology.com\/spanish\/wp-json\/wp\/v2\/types\/product"}],"wp:featuredmedia":[{"embeddable":true,"href":"https:\/\/www.somatechnology.com\/spanish\/wp-json\/wp\/v2\/media\/11938"}],"wp:attachment":[{"href":"https:\/\/www.somatechnology.com\/spanish\/wp-json\/wp\/v2\/media?parent=3763"}],"wp:term":[{"taxonomy":"pwb-brand","embeddable":true,"href":"https:\/\/www.somatechnology.com\/spanish\/wp-json\/wp\/v2\/pwb-brand?post=3763"},{"taxonomy":"product_brand","embeddable":true,"href":"https:\/\/www.somatechnology.com\/spanish\/wp-json\/wp\/v2\/product_brand?post=3763"},{"taxonomy":"product_cat","embeddable":true,"href":"https:\/\/www.somatechnology.com\/spanish\/wp-json\/wp\/v2\/product_cat?post=3763"},{"taxonomy":"product_tag","embeddable":true,"href":"https:\/\/www.somatechnology.com\/spanish\/wp-json\/wp\/v2\/product_tag?post=3763"}],"curies":[{"name":"wp","href":"https:\/\/api.w.org\/{rel}","templated":true}]}}