{"id":3769,"date":"2016-07-19T21:13:55","date_gmt":"2016-07-19T21:13:55","guid":{"rendered":"http:\/\/equipomedicocentral.com\/wordpress\/product\/terumo-sarns-9000\/"},"modified":"2025-06-26T09:50:30","modified_gmt":"2025-06-26T13:50:30","slug":"terumo-sarns-9000","status":"publish","type":"product","link":"https:\/\/www.somatechnology.com\/spanish\/equipo-medico-usado-remanufacturado\/cardiovascular\/maquinas-de-corazon-y-pulmon\/terumo-sarns-9000\/","title":{"rendered":"Terumo Sarns 9000"},"content":{"rendered":"<h2>Caracter\u00edsticas del\u00a0Terumo Sarns 9000<\/h2>\n<ul>\n<li>Complete el sistema de coraz\u00f3n abierto de 4 bombas<\/li>\n<li>El monitoreo asistido por computadora le ofrece el mejor sistema de gesti\u00f3n de pacientes disponible<\/li>\n<li>El dise\u00f1o simple hace el sistema f\u00e1cil de utilizar<\/li>\n<li>La pantalla t\u00e1ctil brillante organiza l\u00f3gicamente la informaci\u00f3n para el acceso f\u00e1cil<\/li>\n<li>El sistema centr\u00edfugo de SARNS \u2122 se integra con el sistema de seguridad y la exhibici\u00f3n central<\/li>\n<li>Construido para la confiabilidad y la durabilidad<\/li>\n<li>El sistema est\u00e1 indicado para su uso en la circulaci\u00f3n extracorp\u00f3rea de sangre para perfusi\u00f3n arterial, perfusi\u00f3n regional y procedimientos de bypass cardiopulmonar.<\/li>\n<\/ul>\n<h3>Electrical Power Supply<\/h3>\n<ul>\n<li>Voltaje: 90-100V ~ (100 v, nominal), 103.5-126.5 v ~ (220-240 v, nominal)<\/li>\n<li>Frecuencia: 50\/60 Hz<\/li>\n<li>Amperaje: 16 a (100 o 115 v ~), 8 a (220 o 240 v ~).<\/li>\n<li>Corriente de la salida: 100 \u00b5A m\u00e1ximo<\/li>\n<li>Resistencia a tierra: 0,1 ohmios m\u00e1ximo<\/li>\n<\/ul>\n<h3>Transportation<\/h3>\n<p>La unidad se puede transportar hacia arriba o hacia abajo una inclinaci\u00f3n hasta 15 grados sin inclinar.<\/p>\n<h3>Tubing<\/h3>\n<p>Use tubos flexibles de cloruro de polivinilo (PVC) u otro tubo de grado m\u00e9dico que est\u00e9 aproximadamente indicado por el fabricante de tubos para usar en las bombas de rodillos. Seleccione la tuber\u00eda seg\u00fan las especificaciones adicionales:<\/p>\n<ul>\n<li>Tama\u00f1o de la tuber\u00eda de la bomba: di\u00e1metro externo m\u00e1ximo: 3\/4 \u2033 (19m)<\/li>\n<li>Gama del grueso de pared: 1\/16 \u2033 a 3\/32 \u2033 (1,6 a 2,4 mil\u00edmetros)<\/li>\n<li>Gama recomendada del dur\u00f3metro: 58-58<\/li>\n<li>Tubo del sensor de aire: el sensor de aire 1\/4 requiere la tuber\u00eda clara, flexible del PVC de la pared de 1\/4 \u2033 (6,4 mil\u00edmetros) I.D. x 1\/16 \u2033 (1,6 mil\u00edmetros). el sensor de aire 3\/8 requiere la tuber\u00eda clara, flexible del PVC de la pared de 3\/8 \u2033 (9,5 mil\u00edmetros) I.D. x 3\/32 \u2033 (2,4 mil\u00edmetros)<\/li>\n<li>Tuber\u00eda de oclusi\u00f3n de l\u00ednea: tama\u00f1o m\u00ednimo de pared de 1\/4 \u2033 (6,4 mm) I.D. x 1\/16 \u2033 (1,6 mm); tama\u00f1o m\u00e1ximo de 1\/2 \u2033 (12,7 mm) I.D. x 3\/32 \u2033 (2,4 m) de pared<\/li>\n<li>Tubo de salida de gas: 1\/4 \u2033 (6,4 mm) I.D.<\/li>\n<\/ul>\n<h4>Gas Supply<\/h4>\n<p>Utilice s\u00f3lo gases de grado m\u00e9dico (por ejemplo, aire comprimido, 95% de ox\u00edgeno y 5% de CO2, 100% de CO2 y 100% de ox\u00edgeno) a presiones de entrada de 50 psi \u00b1 10 psi (345 kPa \u00b1 69 kPa).<\/p>\n<h4>Probe<\/h4>\n<p>Sondas de temperatura de la serie 400 de YSI (Yellow Springs Instrument) o una sonda equivalente indicada por el fabricante. Los transductores de presi\u00f3n Sarn \u2122 se especifican porque tienen un rango de detecci\u00f3n de-50 a 999 mmHg; se pueden utilizar con cualquier c\u00fapula, que es compatible con el Spectramed P23XL. Si se utilizan sondas de presi\u00f3n equivalentes y los picos de presi\u00f3n exceden la detenci\u00f3n de la sonda cumplen las normas AAMI para las sondas de presi\u00f3n fisiol\u00f3gicas y requerir\u00e1n un cable adaptador.<\/p>\n<h2 dir=\"ltr\" data-placeholder=\"Translation\"><span lang=\"es\">Especificaciones del<\/span>\u00a0Terumo Sarns 9000<\/h2>\n<ul>\n<li>Console:<\/li>\n<\/ul>\n<ul>\n<li>Altura: 25,3 \u2033 (64,3 cm)<\/li>\n<li>Anchura: 45,3 \u2033 (115,1 cm)<\/li>\n<li>Profundidad: 24 \u2033 (61 cm)<\/li>\n<li>Peso: aproximadamente 31 lbs (14,5 kg)\/bomba de rodillos; total System 470 lbs (213 kg)<\/li>\n<\/ul>\n<ul>\n<li>Pump:<\/li>\n<\/ul>\n<ul>\n<li>Altura: 8 \u2033 (20,3 cm)<\/li>\n<li>Anchura: 8-3\/4 \u2033 (22,2 cm)<\/li>\n<li>Profundidad: 14 \u2033 (35,6 cm)<\/li>\n<\/ul>\n<ul>\n<li>Central Display:<\/li>\n<\/ul>\n<ul>\n<li>Altura: 10,5 \u2033 (26,7 cm)<\/li>\n<li>Anchura: 14,1 \u2033 (35,8 cm)<\/li>\n<li>Profundidad: 3,2 \u2033 (8,1 cm)<\/li>\n<\/ul>\n","protected":false},"excerpt":{"rendered":"<p>Complete el sistema de coraz\u00f3n abierto de 4 bombas. El monitoreo asistido por computadora le ofrece el mejor sistema de gesti\u00f3n de pacientes disponible. El dise\u00f1o simple hace el sistema f\u00e1cil de utilizar. La pantalla t\u00e1ctil brillante organiza l\u00f3gicamente la informaci\u00f3n para el acceso f\u00e1cil. El sistema centr\u00edfugo de SARNS se integra con el sistema de seguridad y la exhibici\u00f3n central.<\/p>\n","protected":false},"featured_media":11185,"template":"","meta":{"_acf_changed":false,"_relevanssi_hide_post":"","_relevanssi_hide_content":"","_relevanssi_pin_for_all":"","_relevanssi_pin_keywords":"","_relevanssi_unpin_keywords":"","_relevanssi_related_keywords":"","_relevanssi_related_include_ids":"","_relevanssi_related_exclude_ids":"","_relevanssi_related_no_append":"","_relevanssi_related_not_related":"","_relevanssi_related_posts":"","_relevanssi_noindex_reason":"","inline_featured_image":false},"pwb-brand":[1106],"product_brand":[],"product_cat":[78],"product_tag":[4053,1067,4280,474,4054,473,4055,4276,4281,481,3344],"class_list":{"0":"post-3769","1":"product","2":"type-product","3":"status-publish","4":"has-post-thumbnail","6":"pwb-brand-equipo-medico-terumo","7":"product_cat-maquinas-de-corazon-y-pulmon","8":"product_tag-4053","9":"product_tag-maquinas-de-corazon-y-pulmon","10":"product_tag-maquinas-de-corazon-y-pulmon-terumo","11":"product_tag-sarns","12":"product_tag-sarns-9000","13":"product_tag-terumo","14":"product_tag-terumo-9000","15":"product_tag-terumo-maquinas-de-corazon-y-pulmon","16":"product_tag-terumo-sans-9000-maquinas-de-corazon-y-pulmon","17":"product_tag-terumo-sarns","18":"product_tag-terumo-sarns-9000","20":"first","21":"instock","22":"purchasable","23":"product-type-simple"},"acf":[],"brands":[{"id":1106,"name":"Terumo","slug":"equipo-medico-terumo"}],"_links":{"self":[{"href":"https:\/\/www.somatechnology.com\/spanish\/wp-json\/wp\/v2\/product\/3769","targetHints":{"allow":["GET"]}}],"collection":[{"href":"https:\/\/www.somatechnology.com\/spanish\/wp-json\/wp\/v2\/product"}],"about":[{"href":"https:\/\/www.somatechnology.com\/spanish\/wp-json\/wp\/v2\/types\/product"}],"wp:featuredmedia":[{"embeddable":true,"href":"https:\/\/www.somatechnology.com\/spanish\/wp-json\/wp\/v2\/media\/11185"}],"wp:attachment":[{"href":"https:\/\/www.somatechnology.com\/spanish\/wp-json\/wp\/v2\/media?parent=3769"}],"wp:term":[{"taxonomy":"pwb-brand","embeddable":true,"href":"https:\/\/www.somatechnology.com\/spanish\/wp-json\/wp\/v2\/pwb-brand?post=3769"},{"taxonomy":"product_brand","embeddable":true,"href":"https:\/\/www.somatechnology.com\/spanish\/wp-json\/wp\/v2\/product_brand?post=3769"},{"taxonomy":"product_cat","embeddable":true,"href":"https:\/\/www.somatechnology.com\/spanish\/wp-json\/wp\/v2\/product_cat?post=3769"},{"taxonomy":"product_tag","embeddable":true,"href":"https:\/\/www.somatechnology.com\/spanish\/wp-json\/wp\/v2\/product_tag?post=3769"}],"curies":[{"name":"wp","href":"https:\/\/api.w.org\/{rel}","templated":true}]}}