{"id":3775,"date":"2016-07-19T21:13:55","date_gmt":"2016-07-19T21:13:55","guid":{"rendered":"http:\/\/equipomedicocentral.com\/wordpress\/product\/terumo-sarns-7400\/"},"modified":"2025-06-26T09:52:17","modified_gmt":"2025-06-26T13:52:17","slug":"terumo-sarns-7400","status":"publish","type":"product","link":"https:\/\/www.somatechnology.com\/spanish\/equipo-medico-usado-remanufacturado\/cardiovascular\/maquinas-de-corazon-y-pulmon\/terumo-sarns-7400\/","title":{"rendered":"Terumo Sarns 7400"},"content":{"rendered":"<h2>M\u00e1quina de Coraz\u00f3n y Pulm\u00f3n Terumo Sarns 7400<\/h2>\n<ul>\n<li>Terumo SARNS 7400<\/li>\n<li>Altura desde la base: 17.5 \u2033 (44,5 cm)<\/li>\n<li>Altura del piso cuando est\u00e1 montado en la base: 26.5 \u2033 (67.3 cm)<\/li>\n<li>Ancho: 9 \u2033 (22.9 cm)<\/li>\n<li>Profundidad: 19,5 \u2033 (49.5 cm)<\/li>\n<li>Peso: 57 lbs (25.8 kg)<\/li>\n<li>Material: cloruro de polivinilo flexible (PVC) solamente<\/li>\n<li>Di\u00e1metro exterior m\u00e1ximo: \u00be \u00ab(19m m)<\/li>\n<li>Di\u00e1metro interior m\u00e1ximo para el uso de bajo flujo: \u00bc \u00ab(6.4 mm)<\/li>\n<li>Gama del grueso de pared: 1\/16 \u2033 a 3\/32 \u2033 (1,6 \u2013 2.4 mm)<\/li>\n<li>Gama recomendada del dur\u00f3metro: 58-68<\/li>\n<\/ul>\n<p>&nbsp;<\/p>\n","protected":false},"excerpt":{"rendered":"<p>M\u00e1quina de Coraz\u00f3n y Pulm\u00f3n<\/p>\n","protected":false},"featured_media":11184,"template":"","meta":{"_acf_changed":false,"_relevanssi_hide_post":"","_relevanssi_hide_content":"","_relevanssi_pin_for_all":"","_relevanssi_pin_keywords":"","_relevanssi_unpin_keywords":"","_relevanssi_related_keywords":"","_relevanssi_related_include_ids":"","_relevanssi_related_exclude_ids":"","_relevanssi_related_no_append":"","_relevanssi_related_not_related":"","_relevanssi_related_posts":"","_relevanssi_noindex_reason":"","inline_featured_image":false},"pwb-brand":[1106],"product_brand":[],"product_cat":[78],"product_tag":[3343,1067,4276,481,3342,4278,4277],"class_list":{"0":"post-3775","1":"product","2":"type-product","3":"status-publish","4":"has-post-thumbnail","6":"pwb-brand-equipo-medico-terumo","7":"product_cat-maquinas-de-corazon-y-pulmon","8":"product_tag-3343","9":"product_tag-maquinas-de-corazon-y-pulmon","10":"product_tag-terumo-maquinas-de-corazon-y-pulmon","11":"product_tag-terumo-sarns","12":"product_tag-terumo-sarns-7400","13":"product_tag-terumo-sarns-7400-maquinas-de-corazon-y-pulmon","14":"product_tag-terumo-sarns-maquinas-de-corazon-y-pulmon","16":"first","17":"instock","18":"purchasable","19":"product-type-simple"},"acf":[],"brands":[{"id":1106,"name":"Terumo","slug":"equipo-medico-terumo"}],"_links":{"self":[{"href":"https:\/\/www.somatechnology.com\/spanish\/wp-json\/wp\/v2\/product\/3775","targetHints":{"allow":["GET"]}}],"collection":[{"href":"https:\/\/www.somatechnology.com\/spanish\/wp-json\/wp\/v2\/product"}],"about":[{"href":"https:\/\/www.somatechnology.com\/spanish\/wp-json\/wp\/v2\/types\/product"}],"wp:featuredmedia":[{"embeddable":true,"href":"https:\/\/www.somatechnology.com\/spanish\/wp-json\/wp\/v2\/media\/11184"}],"wp:attachment":[{"href":"https:\/\/www.somatechnology.com\/spanish\/wp-json\/wp\/v2\/media?parent=3775"}],"wp:term":[{"taxonomy":"pwb-brand","embeddable":true,"href":"https:\/\/www.somatechnology.com\/spanish\/wp-json\/wp\/v2\/pwb-brand?post=3775"},{"taxonomy":"product_brand","embeddable":true,"href":"https:\/\/www.somatechnology.com\/spanish\/wp-json\/wp\/v2\/product_brand?post=3775"},{"taxonomy":"product_cat","embeddable":true,"href":"https:\/\/www.somatechnology.com\/spanish\/wp-json\/wp\/v2\/product_cat?post=3775"},{"taxonomy":"product_tag","embeddable":true,"href":"https:\/\/www.somatechnology.com\/spanish\/wp-json\/wp\/v2\/product_tag?post=3775"}],"curies":[{"name":"wp","href":"https:\/\/api.w.org\/{rel}","templated":true}]}}